{"id":1373,"date":"2020-01-27T08:26:50","date_gmt":"2020-01-27T08:26:50","guid":{"rendered":"https:\/\/theschoolofwe.com\/about-us\/vision-the-school-of-we-emotional-intelligence-mindfulness\/"},"modified":"2022-06-29T11:08:54","modified_gmt":"2022-06-29T11:08:54","slug":"vision-the-school-of-we-inteligencia-emocional-mindfulness","status":"publish","type":"page","link":"https:\/\/theschoolofwe.com\/es\/sobre-nosotros\/vision-the-school-of-we-inteligencia-emocional-mindfulness\/","title":{"rendered":"Nuestra visi\u00f3n"},"content":{"rendered":"\n<blockquote class=\"blockquote blockquote--border border-top--primary-color border-bottom--primary-color padding-regular\">\n\t\t\t\t\t<p class=\"text-primary text-center\" style=\"max-width:750px; margin: auto; \">El mundo siempre est\u00e1 cambiando. Ha cambiado en el pasado y cambiar\u00e1 en el futuro. Lo que hace que el cambio actual sea especial es que lo estamos sintiendo en tiempo real, ya que \u00abeste es nuestro momento\u00bb, y los cambios se sienten grandes: sabemos que son profundamente disruptivos, muy r\u00e1pidos y que afectan a casi todas las facetas de la vida.<\/p><\/blockquote>\n\n\n\n<br>\n\n\n\n<h4 class=\"has-text-align-left wp-block-heading\">Por esto, en The School of We:<\/h4>\n\n\n\n<ul class=\"list_mision justify-2 wp-block-list\"><li>proponemos <strong>caminos de aprendizaje<\/strong> para que un nuevo NOSOTROS pueda suceder en todos los niveles relevantes, especialmente en los negocios, en la sociedad y en el yo. Dise\u00f1amos y desarrollamos propuestas que buscan el aprendizaje profundo y a la transformaci\u00f3n f\u00e1cil que permiten integrar lo nuevo en la vida cotidiana con comodidad.<\/li><li>estamos especialmente comprometida con la <strong>construcci\u00f3n de un mundo de amor y belleza<\/strong>, un mundo en el que las personas adopten un estilo de <strong>vida triple-like, triple-win<\/strong>, y donde las empresas y organizaciones entiendan, cuiden, respeten y asuman totalmente la responsabilidad sobre (i) la integridad de qui\u00e9nes somos como seres humanos, (ii) las personas con las que interactuamos y (iii) el entorno en el que vivimos.<\/li><li>creemos que la<strong> transformaci\u00f3n personal <\/strong>es el primer paso necesario para cualquier cambio profundo y sist\u00e9mico en los negocios y la sociedad. Esta transformaci\u00f3n personal<strong> <\/strong>incluye un doble movimiento: la transformaci\u00f3n del yo individual y la transformaci\u00f3n de c\u00f3mo este yo \u00ab<strong>individual<\/strong>\u00bb se suma a un \u00ab<strong>colectivo<\/strong>\u00bb que construye el NOSOTROS en todas sus diferentes situaciones y formas.<\/li><\/ul>\n\n\n\n<br>\n\n\n\n<p class=\"has-text-align-center has-medium-font-size text-primary\"><strong>Esto es lo que The School of We os invita a todos a hacer.<\/strong><\/p>\n\n\n\n<br>\n\n\n\n<blockquote class=\"blockquote blockquote--border text-center border-top--primary-color border-bottom--primary-color padding-regular\">\n\t\t\t\t\t<p class=\"mb-2\">\u00abCuando tengas que tomar una decisi\u00f3n, hazte tres preguntas sobre qui\u00e9n se beneficia: \u00bferes t\u00fa o un grupo? \u00bfes solo tu grupo o todos? \u00bfEs solo para el presente o tambi\u00e9n para el futuro?\u00bb<\/p>\n\t\t\t\t\t<footer class=\"blockquote-footer\">Dalai Lama<\/footer>\n\t\t\t\t<\/blockquote>\n\n\n\n<br>\n\n\n\n<div id=\"replaceContact\"><img decoding=\"async\" src=\"https:\/\/theschoolofwe.com\/wp-content\/uploads\/2020\/02\/forms-image04-the-school-of-we.jpg\" alt=\"Mindfulness\" class=\"img-fluid mb-6 wp-image-95 noLazy\"><\/div>\n","protected":false},"excerpt":{"rendered":"<p>El mundo siempre est\u00e1 cambiando. Ha cambiado en el pasado y cambiar\u00e1 en el futuro. Lo que hace que el cambio actual sea especial es que lo estamos sintiendo en tiempo real, ya que \u00abeste es nuestro momento\u00bb, y los cambios se sienten grandes: sabemos que son profundamente disruptivos, muy r\u00e1pidos y que afectan a [&#8230;]<\/p>\n<p><a class=\"btn btn-secondary understrap-read-more-link\" href=\"https:\/\/theschoolofwe.com\/es\/sobre-nosotros\/vision-the-school-of-we-inteligencia-emocional-mindfulness\/\">Leer m\u00e1s&#8230;<\/a><\/p>\n","protected":false},"author":1,"featured_media":5706,"parent":1367,"menu_order":0,"comment_status":"closed","ping_status":"closed","template":"page-templates\/defaultpage-with-container.php","meta":{"_acf_changed":false,"content-type":"","inline_featured_image":false,"footnotes":""},"class_list":["post-1373","page","type-page","status-publish","has-post-thumbnail","hentry"],"acf":[],"yoast_head":"<!-- This site is optimized with the Yoast SEO plugin v27.6 - https:\/\/yoast.com\/product\/yoast-seo-wordpress\/ -->\n<title>Visi\u00f3n de The School of We. Inteligencia Emocional y Mindfulness<\/title>\n<meta name=\"description\" content=\"Conoce la visi\u00f3n de The School of We. Explora y ayuda a las personas a comprender lo poco claro a trav\u00e9s de la inteligencia emocional y el Mindfulness.\" \/>\n<meta name=\"robots\" content=\"index, follow, max-snippet:-1, max-image-preview:large, max-video-preview:-1\" \/>\n<link rel=\"canonical\" href=\"https:\/\/theschoolofwe.com\/about-us\/vision-the-school-of-we-emotional-intelligence-mindfulness\/\" \/>\n<meta property=\"og:locale\" content=\"es_ES\" \/>\n<meta property=\"og:type\" content=\"article\" \/>\n<meta property=\"og:title\" content=\"Visi\u00f3n de The School of We. Inteligencia Emocional y Mindfulness\" \/>\n<meta property=\"og:description\" content=\"Conoce la visi\u00f3n de The School of We. Explora y ayuda a las personas a comprender lo poco claro a trav\u00e9s de la inteligencia emocional y el Mindfulness.\" \/>\n<meta property=\"og:url\" content=\"https:\/\/theschoolofwe.com\/about-us\/vision-the-school-of-we-emotional-intelligence-mindfulness\/\" \/>\n<meta property=\"og:site_name\" content=\"The School of We\" \/>\n<meta property=\"article:modified_time\" content=\"2022-06-29T11:08:54+00:00\" \/>\n<meta property=\"og:image\" content=\"https:\/\/theschoolofwe.com\/wp-content\/uploads\/2022\/07\/bg-vision-the-school-of-we.jpg\" \/>\n\t<meta property=\"og:image:width\" content=\"1900\" \/>\n\t<meta property=\"og:image:height\" content=\"650\" \/>\n\t<meta property=\"og:image:type\" content=\"image\/jpeg\" \/>\n<meta name=\"twitter:card\" content=\"summary_large_image\" \/>\n<meta name=\"twitter:label1\" content=\"Tiempo de lectura\" \/>\n\t<meta name=\"twitter:data1\" content=\"2 minutos\" \/>\n<script type=\"application\/ld+json\" class=\"yoast-schema-graph\">{\"@context\":\"https:\\\/\\\/schema.org\",\"@graph\":[{\"@type\":\"WebPage\",\"@id\":\"https:\\\/\\\/theschoolofwe.com\\\/about-us\\\/vision-the-school-of-we-emotional-intelligence-mindfulness\\\/\",\"url\":\"https:\\\/\\\/theschoolofwe.com\\\/about-us\\\/vision-the-school-of-we-emotional-intelligence-mindfulness\\\/\",\"name\":\"Visi\u00f3n de The School of We. Inteligencia Emocional y Mindfulness\",\"isPartOf\":{\"@id\":\"https:\\\/\\\/theschoolofwe.com\\\/es\\\/#website\"},\"primaryImageOfPage\":{\"@id\":\"https:\\\/\\\/theschoolofwe.com\\\/about-us\\\/vision-the-school-of-we-emotional-intelligence-mindfulness\\\/#primaryimage\"},\"image\":{\"@id\":\"https:\\\/\\\/theschoolofwe.com\\\/about-us\\\/vision-the-school-of-we-emotional-intelligence-mindfulness\\\/#primaryimage\"},\"thumbnailUrl\":\"https:\\\/\\\/theschoolofwe.com\\\/wp-content\\\/uploads\\\/2022\\\/07\\\/bg-vision-the-school-of-we.jpg\",\"datePublished\":\"2020-01-27T08:26:50+00:00\",\"dateModified\":\"2022-06-29T11:08:54+00:00\",\"description\":\"Conoce la visi\u00f3n de The School of We. Explora y ayuda a las personas a comprender lo poco claro a trav\u00e9s de la inteligencia emocional y el Mindfulness.\",\"breadcrumb\":{\"@id\":\"https:\\\/\\\/theschoolofwe.com\\\/about-us\\\/vision-the-school-of-we-emotional-intelligence-mindfulness\\\/#breadcrumb\"},\"inLanguage\":\"es\",\"potentialAction\":[{\"@type\":\"ReadAction\",\"target\":[\"https:\\\/\\\/theschoolofwe.com\\\/about-us\\\/vision-the-school-of-we-emotional-intelligence-mindfulness\\\/\"]}]},{\"@type\":\"ImageObject\",\"inLanguage\":\"es\",\"@id\":\"https:\\\/\\\/theschoolofwe.com\\\/about-us\\\/vision-the-school-of-we-emotional-intelligence-mindfulness\\\/#primaryimage\",\"url\":\"https:\\\/\\\/theschoolofwe.com\\\/wp-content\\\/uploads\\\/2022\\\/07\\\/bg-vision-the-school-of-we.jpg\",\"contentUrl\":\"https:\\\/\\\/theschoolofwe.com\\\/wp-content\\\/uploads\\\/2022\\\/07\\\/bg-vision-the-school-of-we.jpg\",\"width\":1900,\"height\":650},{\"@type\":\"BreadcrumbList\",\"@id\":\"https:\\\/\\\/theschoolofwe.com\\\/about-us\\\/vision-the-school-of-we-emotional-intelligence-mindfulness\\\/#breadcrumb\",\"itemListElement\":[{\"@type\":\"ListItem\",\"position\":1,\"name\":\"Home\",\"item\":\"https:\\\/\\\/theschoolofwe.com\\\/es\\\/\"},{\"@type\":\"ListItem\",\"position\":2,\"name\":\"Sobre nosotros\",\"item\":\"https:\\\/\\\/theschoolofwe.com\\\/es\\\/sobre-nosotros\\\/\"},{\"@type\":\"ListItem\",\"position\":3,\"name\":\"Nuestra visi\u00f3n\"}]},{\"@type\":\"WebSite\",\"@id\":\"https:\\\/\\\/theschoolofwe.com\\\/es\\\/#website\",\"url\":\"https:\\\/\\\/theschoolofwe.com\\\/es\\\/\",\"name\":\"The School of We\",\"description\":\"Relearning love in business, society and the self\",\"potentialAction\":[{\"@type\":\"SearchAction\",\"target\":{\"@type\":\"EntryPoint\",\"urlTemplate\":\"https:\\\/\\\/theschoolofwe.com\\\/es\\\/?s={search_term_string}\"},\"query-input\":{\"@type\":\"PropertyValueSpecification\",\"valueRequired\":true,\"valueName\":\"search_term_string\"}}],\"inLanguage\":\"es\"}]}<\/script>\n<!-- \/ Yoast SEO plugin. -->","yoast_head_json":{"title":"Visi\u00f3n de The School of We. Inteligencia Emocional y Mindfulness","description":"Conoce la visi\u00f3n de The School of We. Explora y ayuda a las personas a comprender lo poco claro a trav\u00e9s de la inteligencia emocional y el Mindfulness.","robots":{"index":"index","follow":"follow","max-snippet":"max-snippet:-1","max-image-preview":"max-image-preview:large","max-video-preview":"max-video-preview:-1"},"canonical":"https:\/\/theschoolofwe.com\/about-us\/vision-the-school-of-we-emotional-intelligence-mindfulness\/","og_locale":"es_ES","og_type":"article","og_title":"Visi\u00f3n de The School of We. Inteligencia Emocional y Mindfulness","og_description":"Conoce la visi\u00f3n de The School of We. Explora y ayuda a las personas a comprender lo poco claro a trav\u00e9s de la inteligencia emocional y el Mindfulness.","og_url":"https:\/\/theschoolofwe.com\/about-us\/vision-the-school-of-we-emotional-intelligence-mindfulness\/","og_site_name":"The School of We","article_modified_time":"2022-06-29T11:08:54+00:00","og_image":[{"width":1900,"height":650,"url":"https:\/\/theschoolofwe.com\/wp-content\/uploads\/2022\/07\/bg-vision-the-school-of-we.jpg","type":"image\/jpeg"}],"twitter_card":"summary_large_image","twitter_misc":{"Tiempo de lectura":"2 minutos"},"schema":{"@context":"https:\/\/schema.org","@graph":[{"@type":"WebPage","@id":"https:\/\/theschoolofwe.com\/about-us\/vision-the-school-of-we-emotional-intelligence-mindfulness\/","url":"https:\/\/theschoolofwe.com\/about-us\/vision-the-school-of-we-emotional-intelligence-mindfulness\/","name":"Visi\u00f3n de The School of We. Inteligencia Emocional y Mindfulness","isPartOf":{"@id":"https:\/\/theschoolofwe.com\/es\/#website"},"primaryImageOfPage":{"@id":"https:\/\/theschoolofwe.com\/about-us\/vision-the-school-of-we-emotional-intelligence-mindfulness\/#primaryimage"},"image":{"@id":"https:\/\/theschoolofwe.com\/about-us\/vision-the-school-of-we-emotional-intelligence-mindfulness\/#primaryimage"},"thumbnailUrl":"https:\/\/theschoolofwe.com\/wp-content\/uploads\/2022\/07\/bg-vision-the-school-of-we.jpg","datePublished":"2020-01-27T08:26:50+00:00","dateModified":"2022-06-29T11:08:54+00:00","description":"Conoce la visi\u00f3n de The School of We. Explora y ayuda a las personas a comprender lo poco claro a trav\u00e9s de la inteligencia emocional y el Mindfulness.","breadcrumb":{"@id":"https:\/\/theschoolofwe.com\/about-us\/vision-the-school-of-we-emotional-intelligence-mindfulness\/#breadcrumb"},"inLanguage":"es","potentialAction":[{"@type":"ReadAction","target":["https:\/\/theschoolofwe.com\/about-us\/vision-the-school-of-we-emotional-intelligence-mindfulness\/"]}]},{"@type":"ImageObject","inLanguage":"es","@id":"https:\/\/theschoolofwe.com\/about-us\/vision-the-school-of-we-emotional-intelligence-mindfulness\/#primaryimage","url":"https:\/\/theschoolofwe.com\/wp-content\/uploads\/2022\/07\/bg-vision-the-school-of-we.jpg","contentUrl":"https:\/\/theschoolofwe.com\/wp-content\/uploads\/2022\/07\/bg-vision-the-school-of-we.jpg","width":1900,"height":650},{"@type":"BreadcrumbList","@id":"https:\/\/theschoolofwe.com\/about-us\/vision-the-school-of-we-emotional-intelligence-mindfulness\/#breadcrumb","itemListElement":[{"@type":"ListItem","position":1,"name":"Home","item":"https:\/\/theschoolofwe.com\/es\/"},{"@type":"ListItem","position":2,"name":"Sobre nosotros","item":"https:\/\/theschoolofwe.com\/es\/sobre-nosotros\/"},{"@type":"ListItem","position":3,"name":"Nuestra visi\u00f3n"}]},{"@type":"WebSite","@id":"https:\/\/theschoolofwe.com\/es\/#website","url":"https:\/\/theschoolofwe.com\/es\/","name":"The School of We","description":"Relearning love in business, society and the self","potentialAction":[{"@type":"SearchAction","target":{"@type":"EntryPoint","urlTemplate":"https:\/\/theschoolofwe.com\/es\/?s={search_term_string}"},"query-input":{"@type":"PropertyValueSpecification","valueRequired":true,"valueName":"search_term_string"}}],"inLanguage":"es"}]}},"post_mailing_queue_ids":[],"_links":{"self":[{"href":"https:\/\/theschoolofwe.com\/es\/wp-json\/wp\/v2\/pages\/1373","targetHints":{"allow":["GET"]}}],"collection":[{"href":"https:\/\/theschoolofwe.com\/es\/wp-json\/wp\/v2\/pages"}],"about":[{"href":"https:\/\/theschoolofwe.com\/es\/wp-json\/wp\/v2\/types\/page"}],"author":[{"embeddable":true,"href":"https:\/\/theschoolofwe.com\/es\/wp-json\/wp\/v2\/users\/1"}],"replies":[{"embeddable":true,"href":"https:\/\/theschoolofwe.com\/es\/wp-json\/wp\/v2\/comments?post=1373"}],"version-history":[{"count":10,"href":"https:\/\/theschoolofwe.com\/es\/wp-json\/wp\/v2\/pages\/1373\/revisions"}],"predecessor-version":[{"id":5358,"href":"https:\/\/theschoolofwe.com\/es\/wp-json\/wp\/v2\/pages\/1373\/revisions\/5358"}],"up":[{"embeddable":true,"href":"https:\/\/theschoolofwe.com\/es\/wp-json\/wp\/v2\/pages\/1367"}],"wp:featuredmedia":[{"embeddable":true,"href":"https:\/\/theschoolofwe.com\/es\/wp-json\/wp\/v2\/media\/5706"}],"wp:attachment":[{"href":"https:\/\/theschoolofwe.com\/es\/wp-json\/wp\/v2\/media?parent=1373"}],"curies":[{"name":"wp","href":"https:\/\/api.w.org\/{rel}","templated":true}]}}