{"id":477,"date":"2020-01-28T12:22:56","date_gmt":"2020-01-28T12:22:56","guid":{"rendered":"http:\/\/developlaclave.es\/develop\/TSOW\/?page_id=477"},"modified":"2020-01-28T12:22:56","modified_gmt":"2020-01-28T12:22:56","slug":"aviso-legal","status":"publish","type":"page","link":"https:\/\/theschoolofwe.com\/es\/aviso-legal\/","title":{"rendered":"Aviso legal"},"content":{"rendered":"\n<h3 class=\"wp-block-heading\">Informaci\u00f3n general<\/h3>\n\n\n\n<p>En cumplimiento del art\u00edculo 10 de la Ley\n34\/2002, de 11 de julio, de Servicios de la Sociedad de la Informaci\u00f3n y\nComercio Electr\u00f3nico (LSSI) se exponen los datos identificativos.<\/p>\n\n\n\n<ul class=\"wp-block-list\"><li>Denominaci\u00f3n social: <strong>INNOVACION PARA ADAPTARSE, SL<\/strong><\/li><li>CIF: <strong>B-98\/143548<\/strong><\/li><li>Inscrito en el Registro Mercantil de <strong>Valencia, tomo 9037, libro\n6322, folio 183, hoja n\u00ba V-134050.<\/strong><\/li><li>Actividad: productos y servicios\nde informaci\u00f3n, educaci\u00f3n y formaci\u00f3n<\/li><li>Domicilio: <strong>Avenida del Pa\u00eds\nValenciano 1-bajo. 46400 Cullera (Valencia) Espa\u00f1a<\/strong><\/li><li>Tel\u00e9fono: <strong>+34 639 054 485<\/strong><\/li><li>Correo electr\u00f3nico: <strong>hello@theschoolofwe.com<\/strong><\/li><\/ul>\n\n\n\n<h3 class=\"wp-block-heading\">Propiedad intelectual e industrial<\/h3>\n\n\n\n<p>La marca <strong>THE SCHOOL OF WE<\/strong> y los nombres\nde dominio <strong>www.theschoolofwe.com<\/strong>, <strong>www.theschoolofwe.es<\/strong> y <strong>www.theschoolofwe.org<\/strong>\nson propiedad de <strong>INNOVACION PARA ADAPTARSE, SL<\/strong>. El sitio web, en su\ntotalidad, incluyendo su dise\u00f1o, estructura, distribuci\u00f3n, textos, contenidos,\nlogotipos, botones, im\u00e1genes, dibujos, c\u00f3digo fuente, planos, instrucciones,\nas\u00ed como todos los derechos de propiedad intelectual e industrial y cualquier\notro signo distintivo, pertenecen a <strong>INNOVACION PARA ADAPTARSE, SL<\/strong> o, en\nsu caso, a las personas o empresas que figuran como autores o titulares de los\nderechos y que han autorizado a su uso a <strong>INNOVACION PARA ADAPTARSE, SL<\/strong>.\nEl usuario reconoce y acepta que el contenido, datos y toda la informaci\u00f3n\npertenecen a <strong>INNOVACION PARA ADAPTARSE, SL<\/strong> o a un tercero que ha\nautorizado la empresa a su uso.<\/p>\n\n\n\n<p>Queda prohibida la reproducci\u00f3n o explotaci\u00f3n\ntotal o parcial, por cualquier medio, de los contenidos de esta web para usos\ndiferentes de la leg\u00edtima informaci\u00f3n o contrataci\u00f3n por los usuarios de los\nservicios ofrecidos. En tal sentido, usted no puede copiar, reproducir,\nrecompilar, descompilar, desmontar, distribuir, publicar, mostrar, ejecutar,\nmodificar, volcar, realizar trabajos derivados, transmitir o explotar partes\ndel servicio, exceptuando el volcado del material del servicio y\/o hacer copia\npara su uso personal no lucrativo, siempre y cuando usted reconozca todos los\nderechos de autor y Propiedad Industrial. La modificaci\u00f3n del contenido de los\nservicios representa una violaci\u00f3n a los leg\u00edtimos derechos de terceros o de <strong>INNOVACION\nPARA ADAPTARSE, SL.<\/strong><\/p>\n\n\n\n<h3 class=\"wp-block-heading\">Tratamiento de los datos de car\u00e1cter personal<\/h3>\n\n\n\n<p>Es compromiso de <strong>INNOVACION PARA ADAPTARSE, SL<\/strong> poner en conocimiento de los usuarios del sitio web su pol\u00edtica respecto del tratamiento y protecci\u00f3n de los datos personales de los usuarios y clientes que recoge de los mismos con motivo de la visualizaci\u00f3n del sitio o de la utilizaci\u00f3n de los servicios ofrecidos en el mismo. Puede consultar en el siguiente enlace nuestra pol\u00edtica de privacidad actualizada.<\/p>\n\n\n\n<h3 class=\"wp-block-heading\">Responsabilidades<\/h3>\n\n\n\n<p><strong>INNOVACION PARA ADAPTARSE, SL<\/strong> declina cualquier responsabilidad respecto a la informaci\u00f3n de esta\nweb procedente de fuentes ajenas o terceros. Asimismo, no garantiza que la\ninformaci\u00f3n contenida en esta web sea correcta, completa y est\u00e9 actualizada en\ntodo momento y que pueda contener imprecisiones t\u00e9cnicas, traducciones a otros\nidiomas inadecuadas o errores tipogr\u00e1ficos. El usuario antes de tomar una\ndecisi\u00f3n con la informaci\u00f3n contenida en este sitio deber\u00e1 confirmar que la\ninformaci\u00f3n publicada es la correcta.<\/p>\n\n\n\n<p><strong>INNOVACION PARA ADAPTARSE, SL<\/strong> no se responsabiliza del mal uso que se realice de los contenidos de\nsu p\u00e1gina web, siendo responsabilidad exclusiva de la persona que accede a\nellos o los utiliza. En caso en alguna p\u00e1gina de esta web se requiera el uso de\nclaves de acceso, el usuario ser\u00e1 responsable de protegerla frente a usos y\nrevelaciones no autorizadas. Cualquier uso de esta web empleando su nombre y\nclave de acceso ser\u00e1 responsabilidad suya. Debe informar en cuanto tenga\nconocimiento a <strong>INNOVACION PARA ADAPTARSE, SL<\/strong> en caso de que advierta\ncualquier uso o revelaci\u00f3n no autorizada de su clave de acceso. El usuario tan\ns\u00f3lo podr\u00e1 elegir como palabras clave la combinaci\u00f3n de letras, n\u00fameros o\nconjuntos de ambos que no sean contrarios a la ley, la moral, las buenas\ncostumbres generalmente aceptadas o el orden p\u00fablico. Queda prohibida la\nutilizaci\u00f3n de claves que, de cualquier manera, supongan violaci\u00f3n del derecho\nde propiedad industrial e intelectual, o coincidan o se asemejen a\ndenominaciones sociales o eslogan publicitarios, cuando carezca de justo t\u00edtulo\npara hacerlo. Los da\u00f1os y perjuicios que sufra el propio usuario, o genere a\nterceros, como consecuencia de utilizar claves y contrase\u00f1as de acceso que\nvulneren lo aqu\u00ed dispuesto ser\u00e1n de la \u00fanica y exclusiva responsabilidad del\nusuario.<\/p>\n\n\n\n<p><strong>INNOVACION PARA ADAPTARSE, SL<\/strong> tampoco asume responsabilidad alguna por la informaci\u00f3n contenida en\nlas p\u00e1ginas web de terceros a las que se pueda acceder a trav\u00e9s de enlaces\ndesde su portal. La presencia de estos enlaces tiene una finalidad informativa,\ny no constituyen en ning\u00fan caso una invitaci\u00f3n para visitarlos. <strong>INNOVACION\nPARA ADAPTARSE, SL<\/strong> no responde ni se hace cargo de ning\u00fan tipo de\nresponsabilidad por los da\u00f1os y perjuicios que puedan relacionarse con el\nfuncionamiento, disponibilidad y continuidad de los sitios enlazados.<\/p>\n\n\n\n<p>Asimismo, <strong>INNOVACION PARA ADAPTARSE, SL<\/strong>\nno se hace responsable de los posibles errores de seguridad que se pudieran\nproducir por el hecho de utilizar versiones de navegadores no actualizadas, o\nde las consecuencias que se pudieran derivar del mal funcionamiento del\nnavegador, ya sea por configuraci\u00f3n inadecuada, presencia de virus inform\u00e1ticos\no cualquier otra causa ajena a nuestra empresa. <strong>INNOVACION PARA ADAPTARSE,\nSL<\/strong> colaborar\u00e1 en lo que haga falta con las autoridades judiciales, si se\ndiera el caso, para frenar los actos ilegales o contrarios a la buena fe contra\n<strong>INNOVACION PARA ADAPTARSE, SL<\/strong> o cualquier tercero, para identificar a\nlos usuarios que act\u00faen de forma contraria a la norma legal y a esta Pol\u00edtica\nde Privacidad y Condiciones de Uso.<\/p>\n\n\n\n<h3 class=\"wp-block-heading\">Legislaci\u00f3n y jurisdicci\u00f3n aplicable<\/h3>\n\n\n\n<p>Con car\u00e1cter general, las relaciones con los\nusuarios, derivadas de la prestaci\u00f3n de servicios contenidos en esta p\u00e1gina\nweb, con renuncia expresa a cualquier fuero que pudiera corresponderles, se\nsometen a la legislaci\u00f3n y jurisdicci\u00f3n del Reino de Espa\u00f1a, espec\u00edficamente a\nlos tribunales de Valencia. Los usuarios de esta p\u00e1gina web son conscientes de\ntodo lo que se ha expuesto y lo aceptan voluntariamente.<\/p>\n\n\n\n<p><small>\u00daltima actualizaci\u00f3n: 25 de enero de 2020<\/small><\/p>\n\n\n\n<p><\/p>\n","protected":false},"excerpt":{"rendered":"<p>Informaci\u00f3n general En cumplimiento del art\u00edculo 10 de la Ley 34\/2002, de 11 de julio, de Servicios de la Sociedad de la Informaci\u00f3n y Comercio Electr\u00f3nico (LSSI) se exponen los datos identificativos. Denominaci\u00f3n social: INNOVACION PARA ADAPTARSE, SL CIF: B-98\/143548 Inscrito en el Registro Mercantil de Valencia, tomo 9037, libro 6322, folio 183, hoja n\u00ba [&#8230;]<\/p>\n<p><a class=\"btn btn-secondary understrap-read-more-link\" href=\"https:\/\/theschoolofwe.com\/es\/aviso-legal\/\">Leer m\u00e1s&#8230;<\/a><\/p>\n","protected":false},"author":1,"featured_media":1088,"parent":0,"menu_order":0,"comment_status":"closed","ping_status":"closed","template":"page-templates\/defaultpage-with-container.php","meta":{"_acf_changed":false,"content-type":"","inline_featured_image":false,"footnotes":""},"class_list":["post-477","page","type-page","status-publish","has-post-thumbnail","hentry"],"acf":[],"yoast_head":"<!-- This site is optimized with the Yoast SEO plugin v27.6 - https:\/\/yoast.com\/product\/yoast-seo-wordpress\/ -->\n<title>Aviso legal - The School of We<\/title>\n<meta name=\"robots\" content=\"index, follow, max-snippet:-1, max-image-preview:large, max-video-preview:-1\" \/>\n<link rel=\"canonical\" href=\"https:\/\/theschoolofwe.com\/legal-notice-the-school-of-we\/\" \/>\n<meta property=\"og:locale\" content=\"es_ES\" \/>\n<meta property=\"og:type\" content=\"article\" \/>\n<meta property=\"og:title\" content=\"Aviso legal - The School of We\" \/>\n<meta property=\"og:description\" content=\"Informaci\u00f3n general En cumplimiento del art\u00edculo 10 de la Ley 34\/2002, de 11 de julio, de Servicios de la Sociedad de la Informaci\u00f3n y Comercio Electr\u00f3nico (LSSI) se exponen los datos identificativos. Denominaci\u00f3n social: INNOVACION PARA ADAPTARSE, SL CIF: B-98\/143548 Inscrito en el Registro Mercantil de Valencia, tomo 9037, libro 6322, folio 183, hoja n\u00ba [...]Leer m\u00e1s...\" \/>\n<meta property=\"og:url\" content=\"https:\/\/theschoolofwe.com\/legal-notice-the-school-of-we\/\" \/>\n<meta property=\"og:site_name\" content=\"The School of We\" \/>\n<meta property=\"og:image\" content=\"https:\/\/theschoolofwe.com\/wp-content\/uploads\/2020\/02\/legal-head-the-school-of-we.jpg\" \/>\n\t<meta property=\"og:image:width\" content=\"1640\" \/>\n\t<meta property=\"og:image:height\" content=\"930\" \/>\n\t<meta property=\"og:image:type\" content=\"image\/jpeg\" \/>\n<meta name=\"twitter:card\" content=\"summary_large_image\" \/>\n<meta name=\"twitter:label1\" content=\"Tiempo de lectura\" \/>\n\t<meta name=\"twitter:data1\" content=\"5 minutos\" \/>\n<script type=\"application\/ld+json\" class=\"yoast-schema-graph\">{\"@context\":\"https:\\\/\\\/schema.org\",\"@graph\":[{\"@type\":\"WebPage\",\"@id\":\"https:\\\/\\\/theschoolofwe.com\\\/legal-notice-the-school-of-we\\\/\",\"url\":\"https:\\\/\\\/theschoolofwe.com\\\/legal-notice-the-school-of-we\\\/\",\"name\":\"Aviso legal - The School of We\",\"isPartOf\":{\"@id\":\"https:\\\/\\\/theschoolofwe.com\\\/es\\\/#website\"},\"primaryImageOfPage\":{\"@id\":\"https:\\\/\\\/theschoolofwe.com\\\/legal-notice-the-school-of-we\\\/#primaryimage\"},\"image\":{\"@id\":\"https:\\\/\\\/theschoolofwe.com\\\/legal-notice-the-school-of-we\\\/#primaryimage\"},\"thumbnailUrl\":\"https:\\\/\\\/theschoolofwe.com\\\/wp-content\\\/uploads\\\/2020\\\/02\\\/legal-head-the-school-of-we.jpg\",\"datePublished\":\"2020-01-28T12:22:56+00:00\",\"breadcrumb\":{\"@id\":\"https:\\\/\\\/theschoolofwe.com\\\/legal-notice-the-school-of-we\\\/#breadcrumb\"},\"inLanguage\":\"es\",\"potentialAction\":[{\"@type\":\"ReadAction\",\"target\":[\"https:\\\/\\\/theschoolofwe.com\\\/legal-notice-the-school-of-we\\\/\"]}]},{\"@type\":\"ImageObject\",\"inLanguage\":\"es\",\"@id\":\"https:\\\/\\\/theschoolofwe.com\\\/legal-notice-the-school-of-we\\\/#primaryimage\",\"url\":\"https:\\\/\\\/theschoolofwe.com\\\/wp-content\\\/uploads\\\/2020\\\/02\\\/legal-head-the-school-of-we.jpg\",\"contentUrl\":\"https:\\\/\\\/theschoolofwe.com\\\/wp-content\\\/uploads\\\/2020\\\/02\\\/legal-head-the-school-of-we.jpg\",\"width\":1640,\"height\":930,\"caption\":\"Privacy policy - The School of We\"},{\"@type\":\"BreadcrumbList\",\"@id\":\"https:\\\/\\\/theschoolofwe.com\\\/legal-notice-the-school-of-we\\\/#breadcrumb\",\"itemListElement\":[{\"@type\":\"ListItem\",\"position\":1,\"name\":\"Home\",\"item\":\"https:\\\/\\\/theschoolofwe.com\\\/es\\\/\"},{\"@type\":\"ListItem\",\"position\":2,\"name\":\"Aviso legal\"}]},{\"@type\":\"WebSite\",\"@id\":\"https:\\\/\\\/theschoolofwe.com\\\/es\\\/#website\",\"url\":\"https:\\\/\\\/theschoolofwe.com\\\/es\\\/\",\"name\":\"The School of We\",\"description\":\"Relearning love in business, society and the self\",\"potentialAction\":[{\"@type\":\"SearchAction\",\"target\":{\"@type\":\"EntryPoint\",\"urlTemplate\":\"https:\\\/\\\/theschoolofwe.com\\\/es\\\/?s={search_term_string}\"},\"query-input\":{\"@type\":\"PropertyValueSpecification\",\"valueRequired\":true,\"valueName\":\"search_term_string\"}}],\"inLanguage\":\"es\"}]}<\/script>\n<!-- \/ Yoast SEO plugin. -->","yoast_head_json":{"title":"Aviso legal - The School of We","robots":{"index":"index","follow":"follow","max-snippet":"max-snippet:-1","max-image-preview":"max-image-preview:large","max-video-preview":"max-video-preview:-1"},"canonical":"https:\/\/theschoolofwe.com\/legal-notice-the-school-of-we\/","og_locale":"es_ES","og_type":"article","og_title":"Aviso legal - The School of We","og_description":"Informaci\u00f3n general En cumplimiento del art\u00edculo 10 de la Ley 34\/2002, de 11 de julio, de Servicios de la Sociedad de la Informaci\u00f3n y Comercio Electr\u00f3nico (LSSI) se exponen los datos identificativos. Denominaci\u00f3n social: INNOVACION PARA ADAPTARSE, SL CIF: B-98\/143548 Inscrito en el Registro Mercantil de Valencia, tomo 9037, libro 6322, folio 183, hoja n\u00ba [...]Leer m\u00e1s...","og_url":"https:\/\/theschoolofwe.com\/legal-notice-the-school-of-we\/","og_site_name":"The School of We","og_image":[{"width":1640,"height":930,"url":"https:\/\/theschoolofwe.com\/wp-content\/uploads\/2020\/02\/legal-head-the-school-of-we.jpg","type":"image\/jpeg"}],"twitter_card":"summary_large_image","twitter_misc":{"Tiempo de lectura":"5 minutos"},"schema":{"@context":"https:\/\/schema.org","@graph":[{"@type":"WebPage","@id":"https:\/\/theschoolofwe.com\/legal-notice-the-school-of-we\/","url":"https:\/\/theschoolofwe.com\/legal-notice-the-school-of-we\/","name":"Aviso legal - The School of We","isPartOf":{"@id":"https:\/\/theschoolofwe.com\/es\/#website"},"primaryImageOfPage":{"@id":"https:\/\/theschoolofwe.com\/legal-notice-the-school-of-we\/#primaryimage"},"image":{"@id":"https:\/\/theschoolofwe.com\/legal-notice-the-school-of-we\/#primaryimage"},"thumbnailUrl":"https:\/\/theschoolofwe.com\/wp-content\/uploads\/2020\/02\/legal-head-the-school-of-we.jpg","datePublished":"2020-01-28T12:22:56+00:00","breadcrumb":{"@id":"https:\/\/theschoolofwe.com\/legal-notice-the-school-of-we\/#breadcrumb"},"inLanguage":"es","potentialAction":[{"@type":"ReadAction","target":["https:\/\/theschoolofwe.com\/legal-notice-the-school-of-we\/"]}]},{"@type":"ImageObject","inLanguage":"es","@id":"https:\/\/theschoolofwe.com\/legal-notice-the-school-of-we\/#primaryimage","url":"https:\/\/theschoolofwe.com\/wp-content\/uploads\/2020\/02\/legal-head-the-school-of-we.jpg","contentUrl":"https:\/\/theschoolofwe.com\/wp-content\/uploads\/2020\/02\/legal-head-the-school-of-we.jpg","width":1640,"height":930,"caption":"Privacy policy - The School of We"},{"@type":"BreadcrumbList","@id":"https:\/\/theschoolofwe.com\/legal-notice-the-school-of-we\/#breadcrumb","itemListElement":[{"@type":"ListItem","position":1,"name":"Home","item":"https:\/\/theschoolofwe.com\/es\/"},{"@type":"ListItem","position":2,"name":"Aviso legal"}]},{"@type":"WebSite","@id":"https:\/\/theschoolofwe.com\/es\/#website","url":"https:\/\/theschoolofwe.com\/es\/","name":"The School of We","description":"Relearning love in business, society and the self","potentialAction":[{"@type":"SearchAction","target":{"@type":"EntryPoint","urlTemplate":"https:\/\/theschoolofwe.com\/es\/?s={search_term_string}"},"query-input":{"@type":"PropertyValueSpecification","valueRequired":true,"valueName":"search_term_string"}}],"inLanguage":"es"}]}},"post_mailing_queue_ids":[],"_links":{"self":[{"href":"https:\/\/theschoolofwe.com\/es\/wp-json\/wp\/v2\/pages\/477","targetHints":{"allow":["GET"]}}],"collection":[{"href":"https:\/\/theschoolofwe.com\/es\/wp-json\/wp\/v2\/pages"}],"about":[{"href":"https:\/\/theschoolofwe.com\/es\/wp-json\/wp\/v2\/types\/page"}],"author":[{"embeddable":true,"href":"https:\/\/theschoolofwe.com\/es\/wp-json\/wp\/v2\/users\/1"}],"replies":[{"embeddable":true,"href":"https:\/\/theschoolofwe.com\/es\/wp-json\/wp\/v2\/comments?post=477"}],"version-history":[{"count":1,"href":"https:\/\/theschoolofwe.com\/es\/wp-json\/wp\/v2\/pages\/477\/revisions"}],"predecessor-version":[{"id":478,"href":"https:\/\/theschoolofwe.com\/es\/wp-json\/wp\/v2\/pages\/477\/revisions\/478"}],"wp:featuredmedia":[{"embeddable":true,"href":"https:\/\/theschoolofwe.com\/es\/wp-json\/wp\/v2\/media\/1088"}],"wp:attachment":[{"href":"https:\/\/theschoolofwe.com\/es\/wp-json\/wp\/v2\/media?parent=477"}],"curies":[{"name":"wp","href":"https:\/\/api.w.org\/{rel}","templated":true}]}}