{"id":5366,"date":"2022-06-22T14:05:29","date_gmt":"2022-06-22T14:05:29","guid":{"rendered":"https:\/\/theschoolofwe.com\/pro-bono\/"},"modified":"2022-06-29T11:42:15","modified_gmt":"2022-06-29T11:42:15","slug":"pro-bono","status":"publish","type":"page","link":"https:\/\/theschoolofwe.com\/es\/servicios\/pro-bono\/","title":{"rendered":"Pro-bono"},"content":{"rendered":"\n<blockquote class=\"blockquote blockquote--border border-top--primary-color border-bottom--primary-color padding-regular\"><p class=\"text-primary text-center\" style=\"max-width:720px; margin: auto;\">Quienes est\u00e1n constantemente al servicio de los dem\u00e1s, atendiendo a sus necesidades -ya sea en el \u00e1mbito de las organizaciones sin \u00e1nimo de lucro, la sanidad, la educaci\u00f3n o la justicia- suelen necesitar apoyo para atender su propio bienestar emocional y mental y estar as\u00ed m\u00e1s preparados para conectar y ayudar a los dem\u00e1s\n<\/p><\/blockquote>\n\n\n\n<br><br>\n\n\n\n<div class=\"wp-block-columns is-layout-flex wp-container-core-columns-is-layout-9d6595d7 wp-block-columns-is-layout-flex\">\n<div class=\"wp-block-column is-layout-flow wp-block-column-is-layout-flow\">\n<figure class=\"wp-block-image size-large\"><a href=\"https:\/\/theschoolofwe.com\/wp-content\/uploads\/2022\/06\/img-pro-bono-the-school-of-we.jpg\" data-rel=\"lightbox-image-0\" data-rl_title=\"\" data-rl_caption=\"\" title=\"\"><img decoding=\"async\" width=\"690\" height=\"460\" data-src=\"https:\/\/theschoolofwe.com\/wp-content\/uploads\/2022\/06\/img-pro-bono-the-school-of-we.jpg\" alt=\"servi\u00e7o constante dos outros\" class=\"wp-image-5273 lazyload\" data-srcset=\"https:\/\/theschoolofwe.com\/wp-content\/uploads\/2022\/06\/img-pro-bono-the-school-of-we.jpg 690w, https:\/\/theschoolofwe.com\/wp-content\/uploads\/2022\/06\/img-pro-bono-the-school-of-we-300x200.jpg 300w, https:\/\/theschoolofwe.com\/wp-content\/uploads\/2022\/06\/img-pro-bono-the-school-of-we-600x400.jpg 600w\" data-sizes=\"(max-width: 690px) 100vw, 690px\" src=\"data:image\/svg+xml;base64,PHN2ZyB3aWR0aD0iMSIgaGVpZ2h0PSIxIiB4bWxucz0iaHR0cDovL3d3dy53My5vcmcvMjAwMC9zdmciPjwvc3ZnPg==\" style=\"--smush-placeholder-width: 690px; --smush-placeholder-aspect-ratio: 690\/460;\" \/><\/a><\/figure>\n<\/div>\n\n\n\n<div class=\"wp-block-column is-layout-flow wp-block-column-is-layout-flow\">\n<p>En <strong>The School of We<\/strong>, apoyamos a quienes a su vez ayudan a otros como una forma adicional de contribuir a un mundo m\u00e1s justo, compasivo y colaborativo.<\/p>\n\n\n\n<p>Por este motivo, ofrecemos algunos programas pro-bono para organizaciones y asociaciones sin \u00e1nimo de lucro. <\/p>\n\n\n\n<p>Si deseas solicitar un programa <strong>pro-bono<\/strong> para la organizaci\u00f3n a la que perteneces, ponte en contacto con nosotros.<\/p>\n<\/div>\n<\/div>\n","protected":false},"excerpt":{"rendered":"<p>Quienes est\u00e1n constantemente al servicio de los dem\u00e1s, atendiendo a sus necesidades -ya sea en el \u00e1mbito de las organizaciones sin \u00e1nimo de lucro, la sanidad, la educaci\u00f3n o la justicia- suelen necesitar apoyo para atender su propio bienestar emocional y mental y estar as\u00ed m\u00e1s preparados para conectar y ayudar a los dem\u00e1s En [&#8230;]<\/p>\n<p><a class=\"btn btn-secondary understrap-read-more-link\" href=\"https:\/\/theschoolofwe.com\/es\/servicios\/pro-bono\/\">Leer m\u00e1s&#8230;<\/a><\/p>\n","protected":false},"author":6,"featured_media":5272,"parent":5372,"menu_order":0,"comment_status":"closed","ping_status":"closed","template":"page-templates\/defaultpage-with-container.php","meta":{"_acf_changed":false,"content-type":"","inline_featured_image":false,"footnotes":""},"class_list":["post-5366","page","type-page","status-publish","has-post-thumbnail","hentry"],"acf":[],"yoast_head":"<!-- This site is optimized with the Yoast SEO plugin v27.6 - https:\/\/yoast.com\/product\/yoast-seo-wordpress\/ -->\n<title>Pro-bono - The School of We<\/title>\n<meta name=\"description\" content=\"Programas pro-bono para organizaciones y asociaciones sin \u00e1nimo de lucro. Mindfulness, crianza consciente, programas Searh inside Yourself en TSOW.\" \/>\n<meta name=\"robots\" content=\"index, follow, max-snippet:-1, max-image-preview:large, max-video-preview:-1\" \/>\n<link rel=\"canonical\" href=\"https:\/\/theschoolofwe.com\/services\/pro-bono\/\" \/>\n<meta property=\"og:locale\" content=\"es_ES\" \/>\n<meta property=\"og:type\" content=\"article\" \/>\n<meta property=\"og:title\" content=\"Pro-bono - The School of We\" \/>\n<meta property=\"og:description\" content=\"Programas pro-bono para organizaciones y asociaciones sin \u00e1nimo de lucro. Mindfulness, crianza consciente, programas Searh inside Yourself en TSOW.\" \/>\n<meta property=\"og:url\" content=\"https:\/\/theschoolofwe.com\/services\/pro-bono\/\" \/>\n<meta property=\"og:site_name\" content=\"The School of We\" \/>\n<meta property=\"article:modified_time\" content=\"2022-06-29T11:42:15+00:00\" \/>\n<meta property=\"og:image\" content=\"https:\/\/theschoolofwe.com\/wp-content\/uploads\/2022\/06\/bg-bono-the-school-of-we.jpg\" \/>\n\t<meta property=\"og:image:width\" content=\"1900\" \/>\n\t<meta property=\"og:image:height\" content=\"650\" \/>\n\t<meta property=\"og:image:type\" content=\"image\/jpeg\" \/>\n<meta name=\"twitter:card\" content=\"summary_large_image\" \/>\n<meta name=\"twitter:label1\" content=\"Tiempo de lectura\" \/>\n\t<meta name=\"twitter:data1\" content=\"1 minuto\" \/>\n<script type=\"application\/ld+json\" class=\"yoast-schema-graph\">{\"@context\":\"https:\\\/\\\/schema.org\",\"@graph\":[{\"@type\":\"WebPage\",\"@id\":\"https:\\\/\\\/theschoolofwe.com\\\/services\\\/pro-bono\\\/\",\"url\":\"https:\\\/\\\/theschoolofwe.com\\\/services\\\/pro-bono\\\/\",\"name\":\"Pro-bono - The School of We\",\"isPartOf\":{\"@id\":\"https:\\\/\\\/theschoolofwe.com\\\/es\\\/#website\"},\"primaryImageOfPage\":{\"@id\":\"https:\\\/\\\/theschoolofwe.com\\\/services\\\/pro-bono\\\/#primaryimage\"},\"image\":{\"@id\":\"https:\\\/\\\/theschoolofwe.com\\\/services\\\/pro-bono\\\/#primaryimage\"},\"thumbnailUrl\":\"https:\\\/\\\/theschoolofwe.com\\\/wp-content\\\/uploads\\\/2022\\\/06\\\/bg-bono-the-school-of-we.jpg\",\"datePublished\":\"2022-06-22T14:05:29+00:00\",\"dateModified\":\"2022-06-29T11:42:15+00:00\",\"description\":\"Programas pro-bono para organizaciones y asociaciones sin \u00e1nimo de lucro. Mindfulness, crianza consciente, programas Searh inside Yourself en TSOW.\",\"breadcrumb\":{\"@id\":\"https:\\\/\\\/theschoolofwe.com\\\/services\\\/pro-bono\\\/#breadcrumb\"},\"inLanguage\":\"es\",\"potentialAction\":[{\"@type\":\"ReadAction\",\"target\":[\"https:\\\/\\\/theschoolofwe.com\\\/services\\\/pro-bono\\\/\"]}]},{\"@type\":\"ImageObject\",\"inLanguage\":\"es\",\"@id\":\"https:\\\/\\\/theschoolofwe.com\\\/services\\\/pro-bono\\\/#primaryimage\",\"url\":\"https:\\\/\\\/theschoolofwe.com\\\/wp-content\\\/uploads\\\/2022\\\/06\\\/bg-bono-the-school-of-we.jpg\",\"contentUrl\":\"https:\\\/\\\/theschoolofwe.com\\\/wp-content\\\/uploads\\\/2022\\\/06\\\/bg-bono-the-school-of-we.jpg\",\"width\":1900,\"height\":650},{\"@type\":\"BreadcrumbList\",\"@id\":\"https:\\\/\\\/theschoolofwe.com\\\/services\\\/pro-bono\\\/#breadcrumb\",\"itemListElement\":[{\"@type\":\"ListItem\",\"position\":1,\"name\":\"Home\",\"item\":\"https:\\\/\\\/theschoolofwe.com\\\/es\\\/\"},{\"@type\":\"ListItem\",\"position\":2,\"name\":\"Servicios\",\"item\":\"https:\\\/\\\/theschoolofwe.com\\\/services\\\/\"},{\"@type\":\"ListItem\",\"position\":3,\"name\":\"Pro-bono\"}]},{\"@type\":\"WebSite\",\"@id\":\"https:\\\/\\\/theschoolofwe.com\\\/es\\\/#website\",\"url\":\"https:\\\/\\\/theschoolofwe.com\\\/es\\\/\",\"name\":\"The School of We\",\"description\":\"Relearning love in business, society and the self\",\"potentialAction\":[{\"@type\":\"SearchAction\",\"target\":{\"@type\":\"EntryPoint\",\"urlTemplate\":\"https:\\\/\\\/theschoolofwe.com\\\/es\\\/?s={search_term_string}\"},\"query-input\":{\"@type\":\"PropertyValueSpecification\",\"valueRequired\":true,\"valueName\":\"search_term_string\"}}],\"inLanguage\":\"es\"}]}<\/script>\n<!-- \/ Yoast SEO plugin. -->","yoast_head_json":{"title":"Pro-bono - The School of We","description":"Programas pro-bono para organizaciones y asociaciones sin \u00e1nimo de lucro. Mindfulness, crianza consciente, programas Searh inside Yourself en TSOW.","robots":{"index":"index","follow":"follow","max-snippet":"max-snippet:-1","max-image-preview":"max-image-preview:large","max-video-preview":"max-video-preview:-1"},"canonical":"https:\/\/theschoolofwe.com\/services\/pro-bono\/","og_locale":"es_ES","og_type":"article","og_title":"Pro-bono - The School of We","og_description":"Programas pro-bono para organizaciones y asociaciones sin \u00e1nimo de lucro. Mindfulness, crianza consciente, programas Searh inside Yourself en TSOW.","og_url":"https:\/\/theschoolofwe.com\/services\/pro-bono\/","og_site_name":"The School of We","article_modified_time":"2022-06-29T11:42:15+00:00","og_image":[{"width":1900,"height":650,"url":"https:\/\/theschoolofwe.com\/wp-content\/uploads\/2022\/06\/bg-bono-the-school-of-we.jpg","type":"image\/jpeg"}],"twitter_card":"summary_large_image","twitter_misc":{"Tiempo de lectura":"1 minuto"},"schema":{"@context":"https:\/\/schema.org","@graph":[{"@type":"WebPage","@id":"https:\/\/theschoolofwe.com\/services\/pro-bono\/","url":"https:\/\/theschoolofwe.com\/services\/pro-bono\/","name":"Pro-bono - The School of We","isPartOf":{"@id":"https:\/\/theschoolofwe.com\/es\/#website"},"primaryImageOfPage":{"@id":"https:\/\/theschoolofwe.com\/services\/pro-bono\/#primaryimage"},"image":{"@id":"https:\/\/theschoolofwe.com\/services\/pro-bono\/#primaryimage"},"thumbnailUrl":"https:\/\/theschoolofwe.com\/wp-content\/uploads\/2022\/06\/bg-bono-the-school-of-we.jpg","datePublished":"2022-06-22T14:05:29+00:00","dateModified":"2022-06-29T11:42:15+00:00","description":"Programas pro-bono para organizaciones y asociaciones sin \u00e1nimo de lucro. Mindfulness, crianza consciente, programas Searh inside Yourself en TSOW.","breadcrumb":{"@id":"https:\/\/theschoolofwe.com\/services\/pro-bono\/#breadcrumb"},"inLanguage":"es","potentialAction":[{"@type":"ReadAction","target":["https:\/\/theschoolofwe.com\/services\/pro-bono\/"]}]},{"@type":"ImageObject","inLanguage":"es","@id":"https:\/\/theschoolofwe.com\/services\/pro-bono\/#primaryimage","url":"https:\/\/theschoolofwe.com\/wp-content\/uploads\/2022\/06\/bg-bono-the-school-of-we.jpg","contentUrl":"https:\/\/theschoolofwe.com\/wp-content\/uploads\/2022\/06\/bg-bono-the-school-of-we.jpg","width":1900,"height":650},{"@type":"BreadcrumbList","@id":"https:\/\/theschoolofwe.com\/services\/pro-bono\/#breadcrumb","itemListElement":[{"@type":"ListItem","position":1,"name":"Home","item":"https:\/\/theschoolofwe.com\/es\/"},{"@type":"ListItem","position":2,"name":"Servicios","item":"https:\/\/theschoolofwe.com\/services\/"},{"@type":"ListItem","position":3,"name":"Pro-bono"}]},{"@type":"WebSite","@id":"https:\/\/theschoolofwe.com\/es\/#website","url":"https:\/\/theschoolofwe.com\/es\/","name":"The School of We","description":"Relearning love in business, society and the self","potentialAction":[{"@type":"SearchAction","target":{"@type":"EntryPoint","urlTemplate":"https:\/\/theschoolofwe.com\/es\/?s={search_term_string}"},"query-input":{"@type":"PropertyValueSpecification","valueRequired":true,"valueName":"search_term_string"}}],"inLanguage":"es"}]}},"post_mailing_queue_ids":[],"_links":{"self":[{"href":"https:\/\/theschoolofwe.com\/es\/wp-json\/wp\/v2\/pages\/5366","targetHints":{"allow":["GET"]}}],"collection":[{"href":"https:\/\/theschoolofwe.com\/es\/wp-json\/wp\/v2\/pages"}],"about":[{"href":"https:\/\/theschoolofwe.com\/es\/wp-json\/wp\/v2\/types\/page"}],"author":[{"embeddable":true,"href":"https:\/\/theschoolofwe.com\/es\/wp-json\/wp\/v2\/users\/6"}],"replies":[{"embeddable":true,"href":"https:\/\/theschoolofwe.com\/es\/wp-json\/wp\/v2\/comments?post=5366"}],"version-history":[{"count":2,"href":"https:\/\/theschoolofwe.com\/es\/wp-json\/wp\/v2\/pages\/5366\/revisions"}],"predecessor-version":[{"id":5376,"href":"https:\/\/theschoolofwe.com\/es\/wp-json\/wp\/v2\/pages\/5366\/revisions\/5376"}],"up":[{"embeddable":true,"href":"https:\/\/theschoolofwe.com\/es\/wp-json\/wp\/v2\/pages\/5372"}],"wp:featuredmedia":[{"embeddable":true,"href":"https:\/\/theschoolofwe.com\/es\/wp-json\/wp\/v2\/media\/5272"}],"wp:attachment":[{"href":"https:\/\/theschoolofwe.com\/es\/wp-json\/wp\/v2\/media?parent=5366"}],"curies":[{"name":"wp","href":"https:\/\/api.w.org\/{rel}","templated":true}]}}