{"id":308,"date":"2020-02-17T10:21:37","date_gmt":"2020-02-17T10:21:37","guid":{"rendered":"http:\/\/developlaclave.es\/develop\/TSOW\/?page_id=308"},"modified":"2022-07-05T07:33:44","modified_gmt":"2022-07-05T07:33:44","slug":"carlos-goga-negocios-inovacao-amor-liberdade","status":"publish","type":"page","link":"https:\/\/theschoolofwe.com\/pt-pt\/quem-somos\/equipa\/carlos-goga-negocios-inovacao-amor-liberdade\/","title":{"rendered":"Carlos Goga"},"content":{"rendered":"\n<div class=\"padding-regular\">\n\t<div class=\"container\">\n\t\t<div class=\"row justify-content-between\">\n\t\t\t<div class=\"col-md-6 ez-animate\" data-animation=\"fadeInLeft\" data-animation-duration=\"500ms\">\n\t\t\t\t<img decoding=\"async\" data-src=\"https:\/\/theschoolofwe.com\/wp-content\/uploads\/2020\/01\/carlos-goga-content.jpg\" alt=\"Carlos Goga - The School of We\" class=\"img-fluid img-center mb-6 lazyload\" src=\"data:image\/svg+xml;base64,PHN2ZyB3aWR0aD0iMSIgaGVpZ2h0PSIxIiB4bWxucz0iaHR0cDovL3d3dy53My5vcmcvMjAwMC9zdmciPjwvc3ZnPg==\" style=\"--smush-placeholder-width: 720px; --smush-placeholder-aspect-ratio: 720\/837;\">\n\t\t\t<\/div>\n\t\t\t<div class=\"col-md-6 ez-animate\" data-animation=\"fadeInRight\" data-animation-duration=\"500ms\">\n\t\t\t\t<blockquote class=\"blockquote\">\n\t\t\t\t\t<p class=\"mb-0\">\u201cLoucura \u00e9 fazer a mesma coisa repetidamente e esperar resultados diferentes\u201d.<\/p>\n\t\t\t\t\t<footer class=\"blockquote-footer\">Albert Einstein<\/footer>\n\t\t\t\t<\/blockquote>\n\t\t\t\t<p>O meu trabalho consiste em ajudar decisores e l\u00edderes empresariais em como obter sucesso com a transforma\u00e7\u00e3o digital e com os desafios do s\u00e9culo XXI.<\/p>\n\t\t\t\t<p>A minha vida \u00e9 uma busca pela facilidade, paz e natureza. <\/p>\n\t\t\t\t<p>O meu caminho \u00e9 uma experi\u00eancia para o amor em a\u00e7\u00e3o e vida lenta.  <\/p>\n\t\t\t\t<p>Os meus ensinamentos concentram-se no que eu mais quero aprender, na procura do equil\u00edbrio entre o que sei e o que n\u00e3o sei.<\/p>\n\t\t\t\t<p>\u00c9 por isso que eu ensino como deixar o novo chegar e o antigo passar, como lidar melhor com a dan\u00e7a entre o piloto autom\u00e1tico e a consci\u00eancia e como facilitar a mudan\u00e7a para melhorar os neg\u00f3cios, a sociedade, a fam\u00edlia e o eu (as minhas quatro dimens\u00f5es principais no quotidiano do \u201cn\u00f3s\u201d). <\/p>\n\t\t\t\t<ul class=\"contactInfoFacilitator\">\n\t\t\t\t\t<li><a href=\"mailto:carlos@theschoolofwe.com\">carlos@theschoolofwe.com <i class=\"far fa-paper-plane\"><\/i><\/a><\/li>\n\t\t\t\t\t<li><a href=\"https:\/\/linkedin.com\/in\/carlosgoga\" target=\"_blank\" rel=\"noopener noreferrer\">LinkedIn <i class=\"fab fa-linkedin-in\"><\/i><\/a><\/li>\n\t\t\t\t\t<li><a href=\"http:\/\/blog.carlosgoga.com\" target=\"_blank\" rel=\"noopener noreferrer\">blog.carlosgoga.com <i class=\"fas fa-desktop\"><\/i><\/a><\/li>\n\t\t\t\t\t<li><a href=\"tel:+34639054485\" target=\"_blank\" rel=\"noopener noreferrer\">+34 639 054 485<i class=\"fas fa-phone\"><\/i><\/a><\/li>\n\t\t\t\t<\/ul>\n<p><img decoding=\"async\" data-src=\"https:\/\/theschoolofwe.com\/wp-content\/uploads\/2020\/02\/SIY-certified-teacher.jpg\" class=\"img-fluid lazyload\" src=\"data:image\/svg+xml;base64,PHN2ZyB3aWR0aD0iMSIgaGVpZ2h0PSIxIiB4bWxucz0iaHR0cDovL3d3dy53My5vcmcvMjAwMC9zdmciPjwvc3ZnPg==\" style=\"--smush-placeholder-width: 200px; --smush-placeholder-aspect-ratio: 200\/71;\"><\/p>\n\t\t\t<\/div>\n\t\t<\/div>\n\t<\/div>\n<\/div>\n\n\n\n<div class=\"padding-regular\">\n\t<div class=\"container\">\n\t\t<div class=\"row justify-content-center\">\n\t\t\t<div class=\"col-sm-10 col-md-9\">\n\t\t\t\t<h3 class=\"text-center mb-6 ez-animate\" data-animation=\"fadeInUp\" data-animation-delay=\"50ms\">As minhas inspira\u00e7\u00f5es<\/h3>\n\t\t\t<\/div>\n\t\t<\/div>\n\t\t<div class=\"row justify-content-center\">\n\t\t\t<div class=\"col-md-4 ez-animate\" data-animation=\"fadeInUp\" data-animation-delay=\"50ms\">\n\t\t\t\t<img decoding=\"async\" data-src=\"https:\/\/theschoolofwe.com\/wp-content\/uploads\/2020\/02\/bussiness-and-economics-1.jpg\" alt=\"Business &amp; Economics\" class=\"img-fluid mb-4 lazyload\" src=\"data:image\/svg+xml;base64,PHN2ZyB3aWR0aD0iMSIgaGVpZ2h0PSIxIiB4bWxucz0iaHR0cDovL3d3dy53My5vcmcvMjAwMC9zdmciPjwvc3ZnPg==\" style=\"--smush-placeholder-width: 420px; --smush-placeholder-aspect-ratio: 420\/375;\">\n\t\t\t\t<h4 class=\"mb-4\">Neg\u00f3cios e Economia<\/h4>\n\t\t\t\t<div class=\"small-p\">\n\t\t\t\t\t<p>A vida colocou-me no caminho dos neg\u00f3cios. Nasci numa fam\u00edlia de humildes empres\u00e1rios e cresci cercado por homens de neg\u00f3cio, sempre falando de vendas e lucros. Uns simples passos de vida e formei-me em economia, fiz um MBA pela Universidade de Houston e um Programa Executivo de Gest\u00e3o S\u00e9nior pelo IESE.<\/p>\n\t\t\t\t\t<p>Sem surpresas, a minha carreira profissional tem inclu\u00eddo trabalhar como diretor em empresas globais e crescer como empreendedor em s\u00e9rie.<\/p>\n\t\t\t\t\t<p>Atualmente, gosto de participar em economias alternativas, explorando novas maneiras de fazer neg\u00f3cios em busca de um eu melhor e mais bonito para uma sociedade melhor e mais bonita.<\/p>\n\t\t\t\t<\/div>\n\t\t\t<\/div>\n\t\t\t<div class=\"col-md-4 ez-animate\" data-animation=\"fadeInUp\" data-animation-delay=\"150ms\">\n\t\t\t\t<img decoding=\"async\" data-src=\"https:\/\/theschoolofwe.com\/wp-content\/uploads\/2020\/02\/technologu-and-innovation-1.jpg\" alt=\"Technology &amp; Innovation\" class=\"img-fluid mb-4 lazyload\" src=\"data:image\/svg+xml;base64,PHN2ZyB3aWR0aD0iMSIgaGVpZ2h0PSIxIiB4bWxucz0iaHR0cDovL3d3dy53My5vcmcvMjAwMC9zdmciPjwvc3ZnPg==\" style=\"--smush-placeholder-width: 420px; --smush-placeholder-aspect-ratio: 420\/375;\">\n\t\t\t\t<h4 class=\"mb-4\">Tecnologia e Inova\u00e7\u00e3o<\/h4>\n\t\t\t\t<div class=\"small-p\">\n\t\t\t\t\t<p>Sinto-me com muita sorte. Participei ativamente do nascimento, crescimento e consolida\u00e7\u00e3o da Internet e da ind\u00fastria das TI. Um novo mundo se desenrolou na minha frente. Estes 25 anos de experi\u00eancia em trabalho digital permitem-me compreender facilmente de onde viemos, onde estamos agora e para onde estamos avan\u00e7ando.<\/p>\n\t\t\t\t\t<p>A minha hist\u00f3ria de amor com a tecnologia e a inova\u00e7\u00e3o levou-me a procurar a &#8220;tecnologia interna&#8221; que ajudasse as pessoas a gerir os efeitos secund\u00e1rios dessa mudan\u00e7a acelerada que est\u00e1 acontecendo por toda parte.<\/p>\n\t\t\t\t\t<p>Foi assim que a &#8220;transforma\u00e7\u00e3o digital&#8221; me colocou no caminho de &#8220;transforma\u00e7\u00e3o organizacional&#8221; e da &#8220;transforma\u00e7\u00e3o pessoal\u201d e foi desse modo que me senti apaixonado por autores como Otto Scharmer, Daniel Goleman, Charles Eisenstein, Daniel Kanehman e Yuval Noah Harari.<\/p>\n\t\t\t\t<\/div>\n\t\t\t<\/div>\n\t\t\t<div class=\"col-md-4 ez-animate\" data-animation=\"fadeInUp\" data-animation-delay=\"250ms\">\n\t\t\t\t<img decoding=\"async\" data-src=\"https:\/\/theschoolofwe.com\/wp-content\/uploads\/2020\/02\/love-and-freedom-1.jpg\" alt=\"Love and Freedom\" class=\"img-fluid mb-4 lazyload\" src=\"data:image\/svg+xml;base64,PHN2ZyB3aWR0aD0iMSIgaGVpZ2h0PSIxIiB4bWxucz0iaHR0cDovL3d3dy53My5vcmcvMjAwMC9zdmciPjwvc3ZnPg==\" style=\"--smush-placeholder-width: 420px; --smush-placeholder-aspect-ratio: 420\/375;\">\n\t\t\t\t<h4 class=\"mb-4\">Amor e Liberdade<\/h4>\n\t\t\t\t<div class=\"small-p\">\n\t\t\t\t\t<p>Aos trinta e poucos anos descobri que n\u00e3o estava feliz. Eu tinha tudo o que deveria ter: fam\u00edlia, dinheiro, sucesso. Mas sentia-me vazio. <\/p>\n\t\t\t\t\t<p>Ent\u00e3o, senti a necessidade de mudar. Embora tenha come\u00e7ado com um certo caos e muita dificuldade, rapidamente recebi boa ajuda e orienta\u00e7\u00e3o. Tornei-me um praticante comprometido e instrutor de Kundalini Yoga, sexualidade consciente e mindfulness. Encontrei um novo estilo de vida que se converteu no foco da minha investiga\u00e7\u00e3o e pr\u00e1tica: equil\u00edbrio interno \/ externo, mente \/ cora\u00e7\u00e3o, dinheiro \/ amor, pessoal \/ profissional e masculino \/ feminino.<\/p>\n\t\t\t\t\t<p>Em 2014, senti a necessidade de organizar essas novas experi\u00eancias e perspectivas e escrevi o romance #lovetop\u00eda. El Nuevo Mundo que Llevamos en Nuestro Coraz\u00f3n.<\/p>\n\t\t\t\t\t<p>Hoje em dia, desfruto de uma vida de bem-estar como aventureiro do diferente e do novo, onde o verdadeiro amor e liberdade est\u00e3o t\u00e3o presentes quanto o comer e o dormir.<\/p>\n\t\t\t\t<\/div>\n\t\t\t<\/div>\n\t\t<\/div>\n\t<\/div>\n<\/div>\n\n\n\n<div class=\"padding-mini\">\n\t<div class=\"container\">\n\t\t<div class=\"row justify-content-between\">\n\t\t\t<div class=\"col-md-12 ez-animate\" data-animation=\"fadeInUp\" data-animation-duration=\"500ms\">\n\t\t\t\t<blockquote class=\"blockquote blockquote--border text-center border-top--primary-color border-bottom--primary-color padding-regular\">\n\t\t\t\t\t<p class=\"mb-2\">Ama o pr\u00f3ximo como a ti mesmo<\/p>\n\t\t\t\t\t<footer class=\"blockquote-footer\">Mateus 22:39<\/footer>\n\t\t\t\t<\/blockquote>\n\t\t\t<\/div>\n\t\t<\/div>\n\t<\/div>\n<\/div>\n\n\n\n<div class=\"padding-regular\">\n\t<div class=\"container\">\n\t\t<div class=\"row justify-content-center\">\n\t\t\t<div class=\"col-sm-10 col-md-9\">\n\t\t\t\t<h3 class=\"text-center mb-6 ez-animate\" data-animation=\"fadeInUp\" data-animation-delay=\"50ms\">Colabora\u00e7\u00f5es e Parceiros<\/h3>\n\t\t\t<\/div>\n\t\t<\/div>\n\t\t<div class=\"row justify-content-center\">\n\t\t\t<div class=\"col-md-12\">\n\t\t\t\t<div class=\"slick-brands\">\n\t\t\t\t\t<div>\n\t\t\t\t\t\t<img decoding=\"async\" src=\"https:\/\/theschoolofwe.com\/wp-content\/uploads\/2020\/01\/search-inside-yourself-logotype.jpg\" alt=\"Search Inside Yourself - Logotype\" class=\"img-fluid noLazy\">\n\t\t\t\t\t<\/div>\n\t\t\t\t\t<div>\n\t\t\t\t\t\t<img decoding=\"async\" src=\"https:\/\/theschoolofwe.com\/wp-content\/uploads\/2020\/01\/utopics-logotype.jpg\" alt=\"Utopics - Logotype\" class=\"img-fluid noLazy\">\n\t\t\t\t\t<\/div>\n\t\t\t\t\t<div>\n\t\t\t\t\t\t<img decoding=\"async\" src=\"https:\/\/theschoolofwe.com\/wp-content\/uploads\/2020\/01\/impact-hub-logotype.jpg\" alt=\"Impact Hub - Logotype\" class=\"img-fluid noLazy\">\n\t\t\t\t\t<\/div>\n\t\t\t\t\t<div>\n\t\t\t\t\t\t<img decoding=\"async\" src=\"https:\/\/theschoolofwe.com\/wp-content\/uploads\/2020\/01\/ISDI-logotype.jpg\" alt=\"ISDI - Logotype\" class=\"img-fluid noLazy\">\n\t\t\t\t\t<\/div>\n\t\t\t\t\t<div>\n\t\t\t\t\t\t<img decoding=\"async\" src=\"https:\/\/theschoolofwe.com\/wp-content\/uploads\/2020\/01\/iTalento-logotype.jpg\" alt=\"iTalento - Logotype\" class=\"img-fluid noLazy\">\n\t\t\t\t\t<\/div>\n\t\t\t\t\t<div>\n\t\t\t\t\t\t<img decoding=\"async\" src=\"https:\/\/theschoolofwe.com\/wp-content\/uploads\/2020\/01\/instituto-gobernanza-logotype.jpg\" alt=\"Instituto Gobernanza Empresarial - Logotype\" class=\"img-fluid noLazy\">\n\t\t\t\t\t<\/div>\n\t\t\t\t\t<div>\n\t\t\t\t\t\t<img decoding=\"async\" src=\"https:\/\/theschoolofwe.com\/wp-content\/uploads\/2020\/01\/terra-logotype.jpg\" alt=\"Terra - Logotype\" class=\"img-fluid noLazy\">\n\t\t\t\t\t<\/div>\n\t\t\t\t\t<div>\n\t\t\t\t\t\t<img decoding=\"async\" src=\"https:\/\/theschoolofwe.com\/wp-content\/uploads\/2020\/01\/microsoft-logotype.jpg\" alt=\"Microsoft - Logotype\" class=\"img-fluid noLazy\">\n\t\t\t\t\t<\/div>\n\t\t\t\t\t<div>\n\t\t\t\t\t\t<img decoding=\"async\" src=\"https:\/\/theschoolofwe.com\/wp-content\/uploads\/2020\/01\/wolters-kluwer-logotype.jpg\" alt=\"Wolters Kluwer - Logotype\" class=\"img-fluid noLazy\">\n\t\t\t\t\t<\/div>\n\t\t\t\t\t<div>\n\t\t\t\t\t\t<img decoding=\"async\" src=\"https:\/\/theschoolofwe.com\/wp-content\/uploads\/2020\/01\/oui-share-logotype.jpg\" alt=\"OUIShare - Logotype\" class=\"img-fluid noLazy\">\n\t\t\t\t\t<\/div>\n\t\t\t\t\t<div>\n\t\t\t\t\t\t<img decoding=\"async\" src=\"https:\/\/theschoolofwe.com\/wp-content\/uploads\/2020\/01\/economia-de-bien-comun-logotype.jpg\" alt=\"Economia de Bien Comun - Logotype\" class=\"img-fluid noLazy\">\n\t\t\t\t\t<\/div>\n\t\t\t\t\t<div>\n\t\t\t\t\t\t<img decoding=\"async\" src=\"https:\/\/theschoolofwe.com\/wp-content\/uploads\/2020\/01\/certified-b-logotype.jpg\" alt=\"Certified B - Logotype\" class=\"img-fluid noLazy\">\n\t\t\t\t\t<\/div>\n\t\t\t\t<\/div> \n\t\t\t<\/div>\n\t\t<\/div>\n\t<\/div>\n<\/div>\n\n\n\n<div id=\"replaceContact\"><img decoding=\"async\" src=\"https:\/\/theschoolofwe.com\/wp-content\/uploads\/2020\/02\/formulario-contacto-carlos-goga.jpg\" alt=\"Carlos Goga - Facilitator - The School of We\" class=\"img-fluid mb-6 wp-image-95 noLazy\"><\/div>\n","protected":false},"excerpt":{"rendered":"<p>\u201cLoucura \u00e9 fazer a mesma coisa repetidamente e esperar resultados diferentes\u201d. Albert Einstein O meu trabalho consiste em ajudar decisores e l\u00edderes empresariais em como obter sucesso com a transforma\u00e7\u00e3o digital e com os desafios do s\u00e9culo XXI. A minha vida \u00e9 uma busca pela facilidade, paz e natureza. O meu caminho \u00e9 uma experi\u00eancia [&#8230;]<\/p>\n<p><a class=\"btn btn-secondary understrap-read-more-link\" href=\"https:\/\/theschoolofwe.com\/pt-pt\/quem-somos\/equipa\/carlos-goga-negocios-inovacao-amor-liberdade\/\">Continuar a ler&#8230;<\/a><\/p>\n","protected":false},"author":1,"featured_media":310,"parent":4478,"menu_order":0,"comment_status":"closed","ping_status":"closed","template":"page-templates\/defaultpage.php","meta":{"_acf_changed":false,"content-type":"","inline_featured_image":false,"footnotes":""},"class_list":["post-308","page","type-page","status-publish","has-post-thumbnail","hentry"],"acf":[],"yoast_head":"<!-- This site is optimized with the Yoast SEO plugin v27.6 - https:\/\/yoast.com\/product\/yoast-seo-wordpress\/ -->\n<title>Carlos Goga. Neg\u00f3cios, Inova\u00e7\u00e3o e Amor e Liberdade<\/title>\n<meta name=\"description\" content=\"Conhe\u00e7a Carlos Goga e suas inspira\u00e7\u00f5es em neg\u00f3cios e economia, tecnologia e inova\u00e7\u00e3o e amor e liberdade.\" \/>\n<meta name=\"robots\" content=\"index, follow, max-snippet:-1, max-image-preview:large, max-video-preview:-1\" \/>\n<link rel=\"canonical\" href=\"https:\/\/theschoolofwe.com\/about-us\/team\/carlos-goga-business-innovation-love-freedom\/\" \/>\n<meta property=\"og:locale\" content=\"pt_PT\" \/>\n<meta property=\"og:type\" content=\"article\" \/>\n<meta property=\"og:title\" content=\"Carlos Goga. Neg\u00f3cios, Inova\u00e7\u00e3o e Amor e Liberdade\" \/>\n<meta property=\"og:description\" content=\"Conhe\u00e7a Carlos Goga e suas inspira\u00e7\u00f5es em neg\u00f3cios e economia, tecnologia e inova\u00e7\u00e3o e amor e liberdade.\" \/>\n<meta property=\"og:url\" content=\"https:\/\/theschoolofwe.com\/about-us\/team\/carlos-goga-business-innovation-love-freedom\/\" \/>\n<meta property=\"og:site_name\" content=\"The School of We\" \/>\n<meta property=\"article:modified_time\" content=\"2022-07-05T07:33:44+00:00\" \/>\n<meta property=\"og:image\" content=\"https:\/\/theschoolofwe.com\/wp-content\/uploads\/2020\/01\/carlos-goga-content.jpg\" \/>\n\t<meta property=\"og:image:width\" content=\"720\" \/>\n\t<meta property=\"og:image:height\" content=\"837\" \/>\n\t<meta property=\"og:image:type\" content=\"image\/jpeg\" \/>\n<meta name=\"twitter:card\" content=\"summary_large_image\" \/>\n<meta name=\"twitter:label1\" content=\"Tempo estimado de leitura\" \/>\n\t<meta name=\"twitter:data1\" content=\"3 minutos\" \/>\n<script type=\"application\/ld+json\" class=\"yoast-schema-graph\">{\"@context\":\"https:\\\/\\\/schema.org\",\"@graph\":[{\"@type\":\"WebPage\",\"@id\":\"https:\\\/\\\/theschoolofwe.com\\\/about-us\\\/team\\\/carlos-goga-business-innovation-love-freedom\\\/\",\"url\":\"https:\\\/\\\/theschoolofwe.com\\\/about-us\\\/team\\\/carlos-goga-business-innovation-love-freedom\\\/\",\"name\":\"Carlos Goga. Neg\u00f3cios, Inova\u00e7\u00e3o e Amor e Liberdade\",\"isPartOf\":{\"@id\":\"https:\\\/\\\/theschoolofwe.com\\\/es\\\/#website\"},\"primaryImageOfPage\":{\"@id\":\"https:\\\/\\\/theschoolofwe.com\\\/about-us\\\/team\\\/carlos-goga-business-innovation-love-freedom\\\/#primaryimage\"},\"image\":{\"@id\":\"https:\\\/\\\/theschoolofwe.com\\\/about-us\\\/team\\\/carlos-goga-business-innovation-love-freedom\\\/#primaryimage\"},\"thumbnailUrl\":\"https:\\\/\\\/theschoolofwe.com\\\/wp-content\\\/uploads\\\/2020\\\/01\\\/carlos-goga-content.jpg\",\"datePublished\":\"2020-02-17T10:21:37+00:00\",\"dateModified\":\"2022-07-05T07:33:44+00:00\",\"description\":\"Conhe\u00e7a Carlos Goga e suas inspira\u00e7\u00f5es em neg\u00f3cios e economia, tecnologia e inova\u00e7\u00e3o e amor e liberdade.\",\"breadcrumb\":{\"@id\":\"https:\\\/\\\/theschoolofwe.com\\\/about-us\\\/team\\\/carlos-goga-business-innovation-love-freedom\\\/#breadcrumb\"},\"inLanguage\":\"pt-PT\",\"potentialAction\":[{\"@type\":\"ReadAction\",\"target\":[\"https:\\\/\\\/theschoolofwe.com\\\/about-us\\\/team\\\/carlos-goga-business-innovation-love-freedom\\\/\"]}]},{\"@type\":\"ImageObject\",\"inLanguage\":\"pt-PT\",\"@id\":\"https:\\\/\\\/theschoolofwe.com\\\/about-us\\\/team\\\/carlos-goga-business-innovation-love-freedom\\\/#primaryimage\",\"url\":\"https:\\\/\\\/theschoolofwe.com\\\/wp-content\\\/uploads\\\/2020\\\/01\\\/carlos-goga-content.jpg\",\"contentUrl\":\"https:\\\/\\\/theschoolofwe.com\\\/wp-content\\\/uploads\\\/2020\\\/01\\\/carlos-goga-content.jpg\",\"width\":720,\"height\":837},{\"@type\":\"BreadcrumbList\",\"@id\":\"https:\\\/\\\/theschoolofwe.com\\\/about-us\\\/team\\\/carlos-goga-business-innovation-love-freedom\\\/#breadcrumb\",\"itemListElement\":[{\"@type\":\"ListItem\",\"position\":1,\"name\":\"Home\",\"item\":\"https:\\\/\\\/theschoolofwe.com\\\/pt-pt\\\/\"},{\"@type\":\"ListItem\",\"position\":2,\"name\":\"Quem Somos\",\"item\":\"https:\\\/\\\/theschoolofwe.com\\\/pt-pt\\\/quem-somos\\\/\"},{\"@type\":\"ListItem\",\"position\":3,\"name\":\"Equipa\",\"item\":\"https:\\\/\\\/theschoolofwe.com\\\/about-us\\\/team\\\/\"},{\"@type\":\"ListItem\",\"position\":4,\"name\":\"Carlos Goga\"}]},{\"@type\":\"WebSite\",\"@id\":\"https:\\\/\\\/theschoolofwe.com\\\/es\\\/#website\",\"url\":\"https:\\\/\\\/theschoolofwe.com\\\/es\\\/\",\"name\":\"The School of We\",\"description\":\"Relearning love in business, society and the self\",\"potentialAction\":[{\"@type\":\"SearchAction\",\"target\":{\"@type\":\"EntryPoint\",\"urlTemplate\":\"https:\\\/\\\/theschoolofwe.com\\\/es\\\/?s={search_term_string}\"},\"query-input\":{\"@type\":\"PropertyValueSpecification\",\"valueRequired\":true,\"valueName\":\"search_term_string\"}}],\"inLanguage\":\"pt-PT\"}]}<\/script>\n<!-- \/ Yoast SEO plugin. -->","yoast_head_json":{"title":"Carlos Goga. Neg\u00f3cios, Inova\u00e7\u00e3o e Amor e Liberdade","description":"Conhe\u00e7a Carlos Goga e suas inspira\u00e7\u00f5es em neg\u00f3cios e economia, tecnologia e inova\u00e7\u00e3o e amor e liberdade.","robots":{"index":"index","follow":"follow","max-snippet":"max-snippet:-1","max-image-preview":"max-image-preview:large","max-video-preview":"max-video-preview:-1"},"canonical":"https:\/\/theschoolofwe.com\/about-us\/team\/carlos-goga-business-innovation-love-freedom\/","og_locale":"pt_PT","og_type":"article","og_title":"Carlos Goga. Neg\u00f3cios, Inova\u00e7\u00e3o e Amor e Liberdade","og_description":"Conhe\u00e7a Carlos Goga e suas inspira\u00e7\u00f5es em neg\u00f3cios e economia, tecnologia e inova\u00e7\u00e3o e amor e liberdade.","og_url":"https:\/\/theschoolofwe.com\/about-us\/team\/carlos-goga-business-innovation-love-freedom\/","og_site_name":"The School of We","article_modified_time":"2022-07-05T07:33:44+00:00","og_image":[{"width":720,"height":837,"url":"https:\/\/theschoolofwe.com\/wp-content\/uploads\/2020\/01\/carlos-goga-content.jpg","type":"image\/jpeg"}],"twitter_card":"summary_large_image","twitter_misc":{"Tempo estimado de leitura":"3 minutos"},"schema":{"@context":"https:\/\/schema.org","@graph":[{"@type":"WebPage","@id":"https:\/\/theschoolofwe.com\/about-us\/team\/carlos-goga-business-innovation-love-freedom\/","url":"https:\/\/theschoolofwe.com\/about-us\/team\/carlos-goga-business-innovation-love-freedom\/","name":"Carlos Goga. Neg\u00f3cios, Inova\u00e7\u00e3o e Amor e Liberdade","isPartOf":{"@id":"https:\/\/theschoolofwe.com\/es\/#website"},"primaryImageOfPage":{"@id":"https:\/\/theschoolofwe.com\/about-us\/team\/carlos-goga-business-innovation-love-freedom\/#primaryimage"},"image":{"@id":"https:\/\/theschoolofwe.com\/about-us\/team\/carlos-goga-business-innovation-love-freedom\/#primaryimage"},"thumbnailUrl":"https:\/\/theschoolofwe.com\/wp-content\/uploads\/2020\/01\/carlos-goga-content.jpg","datePublished":"2020-02-17T10:21:37+00:00","dateModified":"2022-07-05T07:33:44+00:00","description":"Conhe\u00e7a Carlos Goga e suas inspira\u00e7\u00f5es em neg\u00f3cios e economia, tecnologia e inova\u00e7\u00e3o e amor e liberdade.","breadcrumb":{"@id":"https:\/\/theschoolofwe.com\/about-us\/team\/carlos-goga-business-innovation-love-freedom\/#breadcrumb"},"inLanguage":"pt-PT","potentialAction":[{"@type":"ReadAction","target":["https:\/\/theschoolofwe.com\/about-us\/team\/carlos-goga-business-innovation-love-freedom\/"]}]},{"@type":"ImageObject","inLanguage":"pt-PT","@id":"https:\/\/theschoolofwe.com\/about-us\/team\/carlos-goga-business-innovation-love-freedom\/#primaryimage","url":"https:\/\/theschoolofwe.com\/wp-content\/uploads\/2020\/01\/carlos-goga-content.jpg","contentUrl":"https:\/\/theschoolofwe.com\/wp-content\/uploads\/2020\/01\/carlos-goga-content.jpg","width":720,"height":837},{"@type":"BreadcrumbList","@id":"https:\/\/theschoolofwe.com\/about-us\/team\/carlos-goga-business-innovation-love-freedom\/#breadcrumb","itemListElement":[{"@type":"ListItem","position":1,"name":"Home","item":"https:\/\/theschoolofwe.com\/pt-pt\/"},{"@type":"ListItem","position":2,"name":"Quem Somos","item":"https:\/\/theschoolofwe.com\/pt-pt\/quem-somos\/"},{"@type":"ListItem","position":3,"name":"Equipa","item":"https:\/\/theschoolofwe.com\/about-us\/team\/"},{"@type":"ListItem","position":4,"name":"Carlos Goga"}]},{"@type":"WebSite","@id":"https:\/\/theschoolofwe.com\/es\/#website","url":"https:\/\/theschoolofwe.com\/es\/","name":"The School of We","description":"Relearning love in business, society and the self","potentialAction":[{"@type":"SearchAction","target":{"@type":"EntryPoint","urlTemplate":"https:\/\/theschoolofwe.com\/es\/?s={search_term_string}"},"query-input":{"@type":"PropertyValueSpecification","valueRequired":true,"valueName":"search_term_string"}}],"inLanguage":"pt-PT"}]}},"post_mailing_queue_ids":[],"_links":{"self":[{"href":"https:\/\/theschoolofwe.com\/pt-pt\/wp-json\/wp\/v2\/pages\/308","targetHints":{"allow":["GET"]}}],"collection":[{"href":"https:\/\/theschoolofwe.com\/pt-pt\/wp-json\/wp\/v2\/pages"}],"about":[{"href":"https:\/\/theschoolofwe.com\/pt-pt\/wp-json\/wp\/v2\/types\/page"}],"author":[{"embeddable":true,"href":"https:\/\/theschoolofwe.com\/pt-pt\/wp-json\/wp\/v2\/users\/1"}],"replies":[{"embeddable":true,"href":"https:\/\/theschoolofwe.com\/pt-pt\/wp-json\/wp\/v2\/comments?post=308"}],"version-history":[{"count":8,"href":"https:\/\/theschoolofwe.com\/pt-pt\/wp-json\/wp\/v2\/pages\/308\/revisions"}],"predecessor-version":[{"id":5876,"href":"https:\/\/theschoolofwe.com\/pt-pt\/wp-json\/wp\/v2\/pages\/308\/revisions\/5876"}],"up":[{"embeddable":true,"href":"https:\/\/theschoolofwe.com\/pt-pt\/wp-json\/wp\/v2\/pages\/4478"}],"wp:featuredmedia":[{"embeddable":true,"href":"https:\/\/theschoolofwe.com\/pt-pt\/wp-json\/wp\/v2\/media\/310"}],"wp:attachment":[{"href":"https:\/\/theschoolofwe.com\/pt-pt\/wp-json\/wp\/v2\/media?parent=308"}],"curies":[{"name":"wp","href":"https:\/\/api.w.org\/{rel}","templated":true}]}}