{"id":4435,"date":"2022-06-14T07:56:54","date_gmt":"2022-06-14T07:56:54","guid":{"rendered":"https:\/\/theschoolofwe.com\/?page_id=4435"},"modified":"2022-07-05T08:04:04","modified_gmt":"2022-07-05T08:04:04","slug":"abordagem-the-school-of-we-bem-estar-emocional-metal","status":"publish","type":"page","link":"https:\/\/theschoolofwe.com\/pt-pt\/quem-somos\/abordagem-the-school-of-we-bem-estar-emocional-metal\/","title":{"rendered":"Abordagem"},"content":{"rendered":"\n<h3 class=\"has-text-align-center p-3 w920 wp-block-heading\">Potenciar o bem-estar emocional e mental individual e em equipa<\/h3>\n\n\n\n<div class=\"wp-block-columns is-layout-flex wp-container-core-columns-is-layout-9d6595d7 wp-block-columns-is-layout-flex\">\n<div class=\"wp-block-column is-layout-flow wp-block-column-is-layout-flow\">\n<div class=\"wp-block-image\"><figure class=\"aligncenter size-large\"><img decoding=\"async\" width=\"241\" height=\"232\" data-src=\"https:\/\/theschoolofwe.com\/wp-content\/uploads\/2022\/06\/bienestar-1.gif\" alt=\"\" class=\"wp-image-4460 lazyload\" src=\"data:image\/svg+xml;base64,PHN2ZyB3aWR0aD0iMSIgaGVpZ2h0PSIxIiB4bWxucz0iaHR0cDovL3d3dy53My5vcmcvMjAwMC9zdmciPjwvc3ZnPg==\" style=\"--smush-placeholder-width: 241px; --smush-placeholder-aspect-ratio: 241\/232;\" \/><\/figure><\/div>\n\n\n\n<h4 class=\"has-text-align-center wp-block-heading\">Melhorando <br>o bem-estar e a<br>resili\u00eancia<\/h4>\n<\/div>\n\n\n\n<div class=\"wp-block-column is-layout-flow wp-block-column-is-layout-flow\">\n<div class=\"wp-block-image\"><figure class=\"aligncenter size-large\"><img decoding=\"async\" width=\"241\" height=\"232\" data-src=\"https:\/\/theschoolofwe.com\/wp-content\/uploads\/2022\/06\/lider.gif\" alt=\"lider\" class=\"wp-image-4450 lazyload\" src=\"data:image\/svg+xml;base64,PHN2ZyB3aWR0aD0iMSIgaGVpZ2h0PSIxIiB4bWxucz0iaHR0cDovL3d3dy53My5vcmcvMjAwMC9zdmciPjwvc3ZnPg==\" style=\"--smush-placeholder-width: 241px; --smush-placeholder-aspect-ratio: 241\/232;\" \/><\/figure><\/div>\n\n\n\n<h4 class=\"has-text-align-center wp-block-heading\">Expandindo a<br>capacidade de<br>lideran\u00e7a<\/h4>\n<\/div>\n\n\n\n<div class=\"wp-block-column is-layout-flow wp-block-column-is-layout-flow\">\n<div class=\"wp-block-image\"><figure class=\"aligncenter size-large\"><img decoding=\"async\" width=\"241\" height=\"232\" data-src=\"https:\/\/theschoolofwe.com\/wp-content\/uploads\/2022\/06\/colaboracion.gif\" alt=\"\" class=\"wp-image-4453 lazyload\" src=\"data:image\/svg+xml;base64,PHN2ZyB3aWR0aD0iMSIgaGVpZ2h0PSIxIiB4bWxucz0iaHR0cDovL3d3dy53My5vcmcvMjAwMC9zdmciPjwvc3ZnPg==\" style=\"--smush-placeholder-width: 241px; --smush-placeholder-aspect-ratio: 241\/232;\" \/><\/figure><\/div>\n\n\n\n<h4 class=\"has-text-align-center wp-block-heading\">Melhorando a <br>colabora\u00e7\u00e3o e o <br>desempenho<\/h4>\n<\/div>\n\n\n\n<div class=\"wp-block-column is-layout-flow wp-block-column-is-layout-flow\">\n<div class=\"wp-block-image\"><figure class=\"aligncenter size-large\"><img decoding=\"async\" width=\"241\" height=\"232\" data-src=\"https:\/\/theschoolofwe.com\/wp-content\/uploads\/2022\/06\/teletrabajo.gif\" alt=\"\" class=\"wp-image-4456 lazyload\" src=\"data:image\/svg+xml;base64,PHN2ZyB3aWR0aD0iMSIgaGVpZ2h0PSIxIiB4bWxucz0iaHR0cDovL3d3dy53My5vcmcvMjAwMC9zdmciPjwvc3ZnPg==\" style=\"--smush-placeholder-width: 241px; --smush-placeholder-aspect-ratio: 241\/232;\" \/><\/figure><\/div>\n\n\n\n<h4 class=\"has-text-align-center wp-block-heading\">Facilitando o <br>trabalho no <br>escrit\u00f3rio e em casa<\/h4>\n<\/div>\n<\/div>\n\n\n\n<br>\n\n\n\n<p class=\"justify-2\">Gostamos do conhecido, mas tamb\u00e9m gostamos de <strong>abordagens inovadoras<\/strong> na maneira como ensinamos. Apreciamos a organiza\u00e7\u00e3o e a ordem, mas tamb\u00e9m gostamos de fluidez e improvisa\u00e7\u00e3o. Gostamos de livros, mas estamos abertos a <strong>aprender<\/strong> com cada participante, cada <strong>experi\u00eancia<\/strong> e cada <strong>intera\u00e7\u00e3o<\/strong>. Queremos desenvolver espa\u00e7os para aprender de forma cont\u00ednua e desaprender, para deixar ir e vir, para compartilhar e silenciar.<\/p>\n\n\n\n<p class=\"justify-2\">Continuamos a explorar e a pesquisar o que faz sentido para n\u00f3s e depois damos o nosso melhor para integr\u00e1-lo. Observamos tanto as nossas palavras quanto os nossos passos, porque queremos praticar o que falamos tanto quanto queremos falar da nossa pr\u00e1tica. Somos <strong>exigentes<\/strong> com a nossa forma\u00e7\u00e3o e prepara\u00e7\u00e3o, mas acima de tudo esfor\u00e7amo-nos para oferecer experi\u00eancias humanas conscientes e amorosas.<\/p>\n\n\n\n<p class=\"justify-2\">Colaboramos com as organiza\u00e7\u00f5es e as empresas com o intuito de potenciar o seu desenvolvimento, ao mesmo tempo que cuidamos do seu bem mais precioso \u2013 <strong>as pessoas<\/strong>.<\/p>\n\n\n\n<br>\n\n\n\n<div class=\"wp-block-image bg-primary\"><figure class=\"aligncenter size-large\"><a href=\"https:\/\/theschoolofwe.com\/wp-content\/uploads\/2022\/06\/conciencia-pt-the-school-of-we.gif\" data-rel=\"lightbox-image-0\" data-rl_title=\"\" data-rl_caption=\"\" title=\"\"><img decoding=\"async\" width=\"699\" height=\"631\" data-src=\"https:\/\/theschoolofwe.com\/wp-content\/uploads\/2022\/06\/conciencia-pt-the-school-of-we.gif\" alt=\"Consci\u00eancia\" class=\"wp-image-5450 lazyload\" src=\"data:image\/svg+xml;base64,PHN2ZyB3aWR0aD0iMSIgaGVpZ2h0PSIxIiB4bWxucz0iaHR0cDovL3d3dy53My5vcmcvMjAwMC9zdmciPjwvc3ZnPg==\" style=\"--smush-placeholder-width: 699px; --smush-placeholder-aspect-ratio: 699\/631;\" \/><\/a><\/figure><\/div>\n\n\n\n<br>\n\n\n\n<div id=\"replaceContact\"><img decoding=\"async\" src=\"https:\/\/theschoolofwe.com\/wp-content\/uploads\/2020\/02\/forms-image09-the-school-of-we.jpg\" alt=\"Elevate Yourself\" class=\"img-fluid mb-6 wp-image-95 noLazy\"><\/div>\n","protected":false},"excerpt":{"rendered":"<p>Potenciar o bem-estar emocional e mental individual e em equipa Melhorando o bem-estar e aresili\u00eancia Expandindo acapacidade delideran\u00e7a Melhorando a colabora\u00e7\u00e3o e o desempenho Facilitando o trabalho no escrit\u00f3rio e em casa Gostamos do conhecido, mas tamb\u00e9m gostamos de abordagens inovadoras na maneira como ensinamos. Apreciamos a organiza\u00e7\u00e3o e a ordem, mas tamb\u00e9m gostamos de [&#8230;]<\/p>\n<p><a class=\"btn btn-secondary understrap-read-more-link\" href=\"https:\/\/theschoolofwe.com\/pt-pt\/quem-somos\/abordagem-the-school-of-we-bem-estar-emocional-metal\/\">Continuar a ler&#8230;<\/a><\/p>\n","protected":false},"author":6,"featured_media":5893,"parent":1447,"menu_order":0,"comment_status":"closed","ping_status":"closed","template":"page-templates\/defaultpage-with-container.php","meta":{"_acf_changed":false,"content-type":"","inline_featured_image":false,"footnotes":""},"class_list":["post-4435","page","type-page","status-publish","has-post-thumbnail","hentry"],"acf":[],"yoast_head":"<!-- This site is optimized with the Yoast SEO plugin v27.6 - https:\/\/yoast.com\/product\/yoast-seo-wordpress\/ -->\n<title>Abordagem - The School of We<\/title>\n<meta name=\"description\" content=\"Potenciar o bem-estar emocional e mental individual e em equipa. Gostamos de abordagens inovadoras na maneira como ensinamos\" \/>\n<meta name=\"robots\" content=\"index, follow, max-snippet:-1, max-image-preview:large, max-video-preview:-1\" \/>\n<link rel=\"canonical\" href=\"https:\/\/theschoolofwe.com\/about-us\/approach-the-school-of-we-enhance-emotional-mental-well-being\/\" \/>\n<meta property=\"og:locale\" content=\"pt_PT\" \/>\n<meta property=\"og:type\" content=\"article\" \/>\n<meta property=\"og:title\" content=\"Abordagem - The School of We\" \/>\n<meta property=\"og:description\" content=\"Potenciar o bem-estar emocional e mental individual e em equipa. Gostamos de abordagens inovadoras na maneira como ensinamos\" \/>\n<meta property=\"og:url\" content=\"https:\/\/theschoolofwe.com\/about-us\/approach-the-school-of-we-enhance-emotional-mental-well-being\/\" \/>\n<meta property=\"og:site_name\" content=\"The School of We\" \/>\n<meta property=\"article:modified_time\" content=\"2022-07-05T08:04:04+00:00\" \/>\n<meta property=\"og:image\" content=\"https:\/\/theschoolofwe.com\/wp-content\/uploads\/2022\/07\/bg-abordagem-the-school-of-we-mindfulness.jpg\" \/>\n\t<meta property=\"og:image:width\" content=\"1900\" \/>\n\t<meta property=\"og:image:height\" content=\"650\" \/>\n\t<meta property=\"og:image:type\" content=\"image\/jpeg\" \/>\n<meta name=\"twitter:card\" content=\"summary_large_image\" \/>\n<meta name=\"twitter:label1\" content=\"Tempo estimado de leitura\" \/>\n\t<meta name=\"twitter:data1\" content=\"1 minuto\" \/>\n<script type=\"application\/ld+json\" class=\"yoast-schema-graph\">{\"@context\":\"https:\\\/\\\/schema.org\",\"@graph\":[{\"@type\":\"WebPage\",\"@id\":\"https:\\\/\\\/theschoolofwe.com\\\/about-us\\\/approach-the-school-of-we-enhance-emotional-mental-well-being\\\/\",\"url\":\"https:\\\/\\\/theschoolofwe.com\\\/about-us\\\/approach-the-school-of-we-enhance-emotional-mental-well-being\\\/\",\"name\":\"Abordagem - The School of We\",\"isPartOf\":{\"@id\":\"https:\\\/\\\/theschoolofwe.com\\\/es\\\/#website\"},\"primaryImageOfPage\":{\"@id\":\"https:\\\/\\\/theschoolofwe.com\\\/about-us\\\/approach-the-school-of-we-enhance-emotional-mental-well-being\\\/#primaryimage\"},\"image\":{\"@id\":\"https:\\\/\\\/theschoolofwe.com\\\/about-us\\\/approach-the-school-of-we-enhance-emotional-mental-well-being\\\/#primaryimage\"},\"thumbnailUrl\":\"https:\\\/\\\/theschoolofwe.com\\\/wp-content\\\/uploads\\\/2022\\\/07\\\/bg-abordagem-the-school-of-we-mindfulness.jpg\",\"datePublished\":\"2022-06-14T07:56:54+00:00\",\"dateModified\":\"2022-07-05T08:04:04+00:00\",\"description\":\"Potenciar o bem-estar emocional e mental individual e em equipa. Gostamos de abordagens inovadoras na maneira como ensinamos\",\"breadcrumb\":{\"@id\":\"https:\\\/\\\/theschoolofwe.com\\\/about-us\\\/approach-the-school-of-we-enhance-emotional-mental-well-being\\\/#breadcrumb\"},\"inLanguage\":\"pt-PT\",\"potentialAction\":[{\"@type\":\"ReadAction\",\"target\":[\"https:\\\/\\\/theschoolofwe.com\\\/about-us\\\/approach-the-school-of-we-enhance-emotional-mental-well-being\\\/\"]}]},{\"@type\":\"ImageObject\",\"inLanguage\":\"pt-PT\",\"@id\":\"https:\\\/\\\/theschoolofwe.com\\\/about-us\\\/approach-the-school-of-we-enhance-emotional-mental-well-being\\\/#primaryimage\",\"url\":\"https:\\\/\\\/theschoolofwe.com\\\/wp-content\\\/uploads\\\/2022\\\/07\\\/bg-abordagem-the-school-of-we-mindfulness.jpg\",\"contentUrl\":\"https:\\\/\\\/theschoolofwe.com\\\/wp-content\\\/uploads\\\/2022\\\/07\\\/bg-abordagem-the-school-of-we-mindfulness.jpg\",\"width\":1900,\"height\":650,\"caption\":\"abordagem\"},{\"@type\":\"BreadcrumbList\",\"@id\":\"https:\\\/\\\/theschoolofwe.com\\\/about-us\\\/approach-the-school-of-we-enhance-emotional-mental-well-being\\\/#breadcrumb\",\"itemListElement\":[{\"@type\":\"ListItem\",\"position\":1,\"name\":\"Home\",\"item\":\"https:\\\/\\\/theschoolofwe.com\\\/pt-pt\\\/\"},{\"@type\":\"ListItem\",\"position\":2,\"name\":\"Quem Somos\",\"item\":\"https:\\\/\\\/theschoolofwe.com\\\/pt-pt\\\/quem-somos\\\/\"},{\"@type\":\"ListItem\",\"position\":3,\"name\":\"Abordagem\"}]},{\"@type\":\"WebSite\",\"@id\":\"https:\\\/\\\/theschoolofwe.com\\\/es\\\/#website\",\"url\":\"https:\\\/\\\/theschoolofwe.com\\\/es\\\/\",\"name\":\"The School of We\",\"description\":\"Relearning love in business, society and the self\",\"potentialAction\":[{\"@type\":\"SearchAction\",\"target\":{\"@type\":\"EntryPoint\",\"urlTemplate\":\"https:\\\/\\\/theschoolofwe.com\\\/es\\\/?s={search_term_string}\"},\"query-input\":{\"@type\":\"PropertyValueSpecification\",\"valueRequired\":true,\"valueName\":\"search_term_string\"}}],\"inLanguage\":\"pt-PT\"}]}<\/script>\n<!-- \/ Yoast SEO plugin. -->","yoast_head_json":{"title":"Abordagem - The School of We","description":"Potenciar o bem-estar emocional e mental individual e em equipa. Gostamos de abordagens inovadoras na maneira como ensinamos","robots":{"index":"index","follow":"follow","max-snippet":"max-snippet:-1","max-image-preview":"max-image-preview:large","max-video-preview":"max-video-preview:-1"},"canonical":"https:\/\/theschoolofwe.com\/about-us\/approach-the-school-of-we-enhance-emotional-mental-well-being\/","og_locale":"pt_PT","og_type":"article","og_title":"Abordagem - The School of We","og_description":"Potenciar o bem-estar emocional e mental individual e em equipa. Gostamos de abordagens inovadoras na maneira como ensinamos","og_url":"https:\/\/theschoolofwe.com\/about-us\/approach-the-school-of-we-enhance-emotional-mental-well-being\/","og_site_name":"The School of We","article_modified_time":"2022-07-05T08:04:04+00:00","og_image":[{"width":1900,"height":650,"url":"https:\/\/theschoolofwe.com\/wp-content\/uploads\/2022\/07\/bg-abordagem-the-school-of-we-mindfulness.jpg","type":"image\/jpeg"}],"twitter_card":"summary_large_image","twitter_misc":{"Tempo estimado de leitura":"1 minuto"},"schema":{"@context":"https:\/\/schema.org","@graph":[{"@type":"WebPage","@id":"https:\/\/theschoolofwe.com\/about-us\/approach-the-school-of-we-enhance-emotional-mental-well-being\/","url":"https:\/\/theschoolofwe.com\/about-us\/approach-the-school-of-we-enhance-emotional-mental-well-being\/","name":"Abordagem - The School of We","isPartOf":{"@id":"https:\/\/theschoolofwe.com\/es\/#website"},"primaryImageOfPage":{"@id":"https:\/\/theschoolofwe.com\/about-us\/approach-the-school-of-we-enhance-emotional-mental-well-being\/#primaryimage"},"image":{"@id":"https:\/\/theschoolofwe.com\/about-us\/approach-the-school-of-we-enhance-emotional-mental-well-being\/#primaryimage"},"thumbnailUrl":"https:\/\/theschoolofwe.com\/wp-content\/uploads\/2022\/07\/bg-abordagem-the-school-of-we-mindfulness.jpg","datePublished":"2022-06-14T07:56:54+00:00","dateModified":"2022-07-05T08:04:04+00:00","description":"Potenciar o bem-estar emocional e mental individual e em equipa. Gostamos de abordagens inovadoras na maneira como ensinamos","breadcrumb":{"@id":"https:\/\/theschoolofwe.com\/about-us\/approach-the-school-of-we-enhance-emotional-mental-well-being\/#breadcrumb"},"inLanguage":"pt-PT","potentialAction":[{"@type":"ReadAction","target":["https:\/\/theschoolofwe.com\/about-us\/approach-the-school-of-we-enhance-emotional-mental-well-being\/"]}]},{"@type":"ImageObject","inLanguage":"pt-PT","@id":"https:\/\/theschoolofwe.com\/about-us\/approach-the-school-of-we-enhance-emotional-mental-well-being\/#primaryimage","url":"https:\/\/theschoolofwe.com\/wp-content\/uploads\/2022\/07\/bg-abordagem-the-school-of-we-mindfulness.jpg","contentUrl":"https:\/\/theschoolofwe.com\/wp-content\/uploads\/2022\/07\/bg-abordagem-the-school-of-we-mindfulness.jpg","width":1900,"height":650,"caption":"abordagem"},{"@type":"BreadcrumbList","@id":"https:\/\/theschoolofwe.com\/about-us\/approach-the-school-of-we-enhance-emotional-mental-well-being\/#breadcrumb","itemListElement":[{"@type":"ListItem","position":1,"name":"Home","item":"https:\/\/theschoolofwe.com\/pt-pt\/"},{"@type":"ListItem","position":2,"name":"Quem Somos","item":"https:\/\/theschoolofwe.com\/pt-pt\/quem-somos\/"},{"@type":"ListItem","position":3,"name":"Abordagem"}]},{"@type":"WebSite","@id":"https:\/\/theschoolofwe.com\/es\/#website","url":"https:\/\/theschoolofwe.com\/es\/","name":"The School of We","description":"Relearning love in business, society and the self","potentialAction":[{"@type":"SearchAction","target":{"@type":"EntryPoint","urlTemplate":"https:\/\/theschoolofwe.com\/es\/?s={search_term_string}"},"query-input":{"@type":"PropertyValueSpecification","valueRequired":true,"valueName":"search_term_string"}}],"inLanguage":"pt-PT"}]}},"post_mailing_queue_ids":[],"_links":{"self":[{"href":"https:\/\/theschoolofwe.com\/pt-pt\/wp-json\/wp\/v2\/pages\/4435","targetHints":{"allow":["GET"]}}],"collection":[{"href":"https:\/\/theschoolofwe.com\/pt-pt\/wp-json\/wp\/v2\/pages"}],"about":[{"href":"https:\/\/theschoolofwe.com\/pt-pt\/wp-json\/wp\/v2\/types\/page"}],"author":[{"embeddable":true,"href":"https:\/\/theschoolofwe.com\/pt-pt\/wp-json\/wp\/v2\/users\/6"}],"replies":[{"embeddable":true,"href":"https:\/\/theschoolofwe.com\/pt-pt\/wp-json\/wp\/v2\/comments?post=4435"}],"version-history":[{"count":34,"href":"https:\/\/theschoolofwe.com\/pt-pt\/wp-json\/wp\/v2\/pages\/4435\/revisions"}],"predecessor-version":[{"id":5477,"href":"https:\/\/theschoolofwe.com\/pt-pt\/wp-json\/wp\/v2\/pages\/4435\/revisions\/5477"}],"up":[{"embeddable":true,"href":"https:\/\/theschoolofwe.com\/pt-pt\/wp-json\/wp\/v2\/pages\/1447"}],"wp:featuredmedia":[{"embeddable":true,"href":"https:\/\/theschoolofwe.com\/pt-pt\/wp-json\/wp\/v2\/media\/5893"}],"wp:attachment":[{"href":"https:\/\/theschoolofwe.com\/pt-pt\/wp-json\/wp\/v2\/media?parent=4435"}],"curies":[{"name":"wp","href":"https:\/\/api.w.org\/{rel}","templated":true}]}}