{"id":4478,"date":"2022-06-14T10:30:00","date_gmt":"2022-06-14T10:30:00","guid":{"rendered":"https:\/\/theschoolofwe.com\/?page_id=4478"},"modified":"2022-07-06T06:21:28","modified_gmt":"2022-07-06T06:21:28","slug":"equipa","status":"publish","type":"page","link":"https:\/\/theschoolofwe.com\/pt-pt\/quem-somos\/equipa\/","title":{"rendered":"Equipa"},"content":{"rendered":"\n<p class=\"justify-2\">Adoramos aprender e gostamos de partilhar o que aprendemos. Ensinamos para servir e ajudar os outros. Damos o nosso melhor para nos mantermos conectados com a nossa inten\u00e7\u00e3o e com os nosso valores e ensinamos com a vontade de estar ao servi\u00e7o.<\/p>\n\n\n\n<br>\n\n\n\n<div class=\"wp-block-columns width-equipo-1 is-layout-flex wp-container-core-columns-is-layout-9d6595d7 wp-block-columns-is-layout-flex\">\n<div class=\"wp-block-column col-equipo is-layout-flow wp-block-column-is-layout-flow\">\n<div class=\"wp-block-image\"><figure class=\"aligncenter size-large\"><a href=\"https:\/\/theschoolofwe.com\/pt-pt\/quem-somos\/equipa\/carlos-goga-negocios-inovacao-amor-liberdade\/\"><img decoding=\"async\" width=\"188\" height=\"188\" data-src=\"https:\/\/theschoolofwe.com\/wp-content\/uploads\/2022\/06\/carlos.jpg\" alt=\"Carlos Goga\" class=\"wp-image-4481 lazyload\" data-srcset=\"https:\/\/theschoolofwe.com\/wp-content\/uploads\/2022\/06\/carlos.jpg 188w, https:\/\/theschoolofwe.com\/wp-content\/uploads\/2022\/06\/carlos-150x150.jpg 150w, https:\/\/theschoolofwe.com\/wp-content\/uploads\/2022\/06\/carlos-100x100.jpg 100w\" data-sizes=\"(max-width: 188px) 100vw, 188px\" src=\"data:image\/svg+xml;base64,PHN2ZyB3aWR0aD0iMSIgaGVpZ2h0PSIxIiB4bWxucz0iaHR0cDovL3d3dy53My5vcmcvMjAwMC9zdmciPjwvc3ZnPg==\" style=\"--smush-placeholder-width: 188px; --smush-placeholder-aspect-ratio: 188\/188;\" \/><\/a><figcaption>Carlos Goga<\/figcaption><\/figure><\/div>\n\n\n\n<ul class=\"wp-block-list\"><li>Co-founder at The School of We<\/li><li>Leadership Instructor &amp; Business Trainer<\/li><li> Search Inside Yourself Certified Teacher<\/li><\/ul>\n\n\n\n<div class=\"wp-block-button alignright\"><a class=\"wp-block-button__link\" href=\"https:\/\/theschoolofwe.com\/pt-pt\/quem-somos\/equipa\/carlos-goga-negocios-inovacao-amor-liberdade\/\">Ver mais<\/a><\/div>\n<\/div>\n\n\n\n<div class=\"wp-block-column col-equipo is-layout-flow wp-block-column-is-layout-flow\">\n<div class=\"wp-block-image\"><figure class=\"aligncenter size-large\"><a href=\"https:\/\/theschoolofwe.com\/pt-pt\/quem-somos\/equipa\/vanda-de-sousa-saude-bem-estar-mindfulness-parentalidade-consciente\/\"><img decoding=\"async\" width=\"188\" height=\"188\" data-src=\"https:\/\/theschoolofwe.com\/wp-content\/uploads\/2022\/06\/vanda.jpg\" alt=\"Vanda de Sousa\" class=\"wp-image-4484 lazyload\" data-srcset=\"https:\/\/theschoolofwe.com\/wp-content\/uploads\/2022\/06\/vanda.jpg 188w, https:\/\/theschoolofwe.com\/wp-content\/uploads\/2022\/06\/vanda-150x150.jpg 150w, https:\/\/theschoolofwe.com\/wp-content\/uploads\/2022\/06\/vanda-100x100.jpg 100w\" data-sizes=\"(max-width: 188px) 100vw, 188px\" src=\"data:image\/svg+xml;base64,PHN2ZyB3aWR0aD0iMSIgaGVpZ2h0PSIxIiB4bWxucz0iaHR0cDovL3d3dy53My5vcmcvMjAwMC9zdmciPjwvc3ZnPg==\" style=\"--smush-placeholder-width: 188px; --smush-placeholder-aspect-ratio: 188\/188;\" \/><\/a><figcaption>Vanda de Sousa<\/figcaption><\/figure><\/div>\n\n\n\n<ul class=\"wp-block-list\"><li>Co-founder at The School of We<\/li><li> Search Inside Yourself Certified Teacher <\/li><li> Conscious Parenting Facilitator<\/li><li> Conscious Aging Facilitator<\/li><\/ul>\n\n\n\n<div class=\"wp-block-button alignright\"><a class=\"wp-block-button__link\" href=\"https:\/\/theschoolofwe.com\/pt-pt\/quem-somos\/equipa\/vanda-de-sousa-saude-bem-estar-mindfulness-parentalidade-consciente\/\">Ver mais<\/a><\/div>\n<\/div>\n<\/div>\n\n\n\n<div class=\"wp-block-columns width-equipo-2 is-layout-flex wp-container-core-columns-is-layout-9d6595d7 wp-block-columns-is-layout-flex\">\n<div class=\"wp-block-column col-equipo is-layout-flow wp-block-column-is-layout-flow\">\n<div class=\"wp-block-image\"><figure class=\"aligncenter size-large\"><a href=\"https:\/\/foresttherapyhub.com\/\" target=\"_blank\" rel=\"noreferrer noopener\"><img decoding=\"async\" width=\"188\" height=\"188\" data-src=\"https:\/\/theschoolofwe.com\/wp-content\/uploads\/2022\/06\/alex.jpg\" alt=\"Alex Gesse\" class=\"wp-image-4488 lazyload\" data-srcset=\"https:\/\/theschoolofwe.com\/wp-content\/uploads\/2022\/06\/alex.jpg 188w, https:\/\/theschoolofwe.com\/wp-content\/uploads\/2022\/06\/alex-150x150.jpg 150w, https:\/\/theschoolofwe.com\/wp-content\/uploads\/2022\/06\/alex-100x100.jpg 100w\" data-sizes=\"(max-width: 188px) 100vw, 188px\" src=\"data:image\/svg+xml;base64,PHN2ZyB3aWR0aD0iMSIgaGVpZ2h0PSIxIiB4bWxucz0iaHR0cDovL3d3dy53My5vcmcvMjAwMC9zdmciPjwvc3ZnPg==\" style=\"--smush-placeholder-width: 188px; --smush-placeholder-aspect-ratio: 188\/188;\" \/><\/a><figcaption>Alex Gesse<\/figcaption><\/figure><\/div>\n\n\n\n<ul class=\"wp-block-list\"><li>Executive director and Trainer at Forest Therapy Hub. <\/li><li>Nature-based Health Care Advisor.<\/li><\/ul>\n\n\n\n<div class=\"wp-block-button alignright\"><a class=\"wp-block-button__link\" href=\"https:\/\/foresttherapyhub.com\/\" target=\"_blank\" rel=\"noreferrer noopener\">Ver mais<\/a><\/div>\n<\/div>\n\n\n\n<div class=\"wp-block-column col-equipo is-layout-flow wp-block-column-is-layout-flow\">\n<div class=\"wp-block-image\"><figure class=\"aligncenter size-large\"><a href=\"https:\/\/www.linkedin.com\/in\/ritacabaco\/\" target=\"_blank\" rel=\"noreferrer noopener\"><img decoding=\"async\" width=\"188\" height=\"188\" data-src=\"https:\/\/theschoolofwe.com\/wp-content\/uploads\/2022\/06\/rita.jpg\" alt=\"Rita Caba\u00e7o\" class=\"wp-image-4491 lazyload\" data-srcset=\"https:\/\/theschoolofwe.com\/wp-content\/uploads\/2022\/06\/rita.jpg 188w, https:\/\/theschoolofwe.com\/wp-content\/uploads\/2022\/06\/rita-150x150.jpg 150w, https:\/\/theschoolofwe.com\/wp-content\/uploads\/2022\/06\/rita-100x100.jpg 100w\" data-sizes=\"(max-width: 188px) 100vw, 188px\" src=\"data:image\/svg+xml;base64,PHN2ZyB3aWR0aD0iMSIgaGVpZ2h0PSIxIiB4bWxucz0iaHR0cDovL3d3dy53My5vcmcvMjAwMC9zdmciPjwvc3ZnPg==\" style=\"--smush-placeholder-width: 188px; --smush-placeholder-aspect-ratio: 188\/188;\" \/><\/a><figcaption>Rita Caba\u00e7o<\/figcaption><\/figure><\/div>\n\n\n\n<ul class=\"wp-block-list\"><li>Search Inside Yourself Certified Teacher.<\/li><li>Mindfulness Self Compassion. <\/li><li>Somatic Experiencing Practitioner.<\/li><\/ul>\n\n\n\n<div class=\"wp-block-button alignright\"><a class=\"wp-block-button__link\" href=\"https:\/\/www.linkedin.com\/in\/ritacabaco\/\" target=\"_blank\" rel=\"noreferrer noopener\">Ver mais<\/a><\/div>\n<\/div>\n\n\n\n<div class=\"wp-block-column col-equipo is-layout-flow wp-block-column-is-layout-flow\">\n<div class=\"wp-block-image\"><figure class=\"aligncenter size-large\"><a href=\"https:\/\/www.mapathecoachingstudio.com\" target=\"_blank\" rel=\"noreferrer noopener\"><img decoding=\"async\" width=\"188\" height=\"188\" data-src=\"https:\/\/theschoolofwe.com\/wp-content\/uploads\/2022\/06\/ines.jpg\" alt=\"In\u00eas Diogo\n\" class=\"wp-image-4494 lazyload\" data-srcset=\"https:\/\/theschoolofwe.com\/wp-content\/uploads\/2022\/06\/ines.jpg 188w, https:\/\/theschoolofwe.com\/wp-content\/uploads\/2022\/06\/ines-150x150.jpg 150w, https:\/\/theschoolofwe.com\/wp-content\/uploads\/2022\/06\/ines-100x100.jpg 100w\" data-sizes=\"(max-width: 188px) 100vw, 188px\" src=\"data:image\/svg+xml;base64,PHN2ZyB3aWR0aD0iMSIgaGVpZ2h0PSIxIiB4bWxucz0iaHR0cDovL3d3dy53My5vcmcvMjAwMC9zdmciPjwvc3ZnPg==\" style=\"--smush-placeholder-width: 188px; --smush-placeholder-aspect-ratio: 188\/188;\" \/><\/a><figcaption>In\u00eas Diogo<\/figcaption><\/figure><\/div>\n\n\n\n<ul class=\"wp-block-list\"><li>Founder at Mapa the Coaching Studio.<\/li><li>Search Inside Yourself Certified Teacher.<\/li><li>Executive Coach.<\/li><li>Mindful Leadership Coach.<\/li><\/ul>\n\n\n\n<div class=\"wp-block-button alignright\"><a class=\"wp-block-button__link\" href=\"https:\/\/www.mapathecoachingstudio.com\" target=\"_blank\" rel=\"noreferrer noopener\">Ver mais<\/a><\/div>\n<\/div>\n<\/div>\n\n\n\n<div id=\"replaceContact\"><img decoding=\"async\" src=\"https:\/\/theschoolofwe.com\/wp-content\/uploads\/2020\/02\/forms-image04-the-school-of-we.jpg\" alt=\"Mindfulness\" class=\"img-fluid mb-6 wp-image-95 noLazy\"><\/div>\n","protected":false},"excerpt":{"rendered":"<p>Adoramos aprender e gostamos de partilhar o que aprendemos. Ensinamos para servir e ajudar os outros. Damos o nosso melhor para nos mantermos conectados com a nossa inten\u00e7\u00e3o e com os nosso valores e ensinamos com a vontade de estar ao servi\u00e7o. Co-founder at The School of We Leadership Instructor &amp; Business Trainer Search Inside [&#8230;]<\/p>\n<p><a class=\"btn btn-secondary understrap-read-more-link\" href=\"https:\/\/theschoolofwe.com\/pt-pt\/quem-somos\/equipa\/\">Continuar a ler&#8230;<\/a><\/p>\n","protected":false},"author":6,"featured_media":4557,"parent":1447,"menu_order":0,"comment_status":"closed","ping_status":"closed","template":"page-templates\/defaultpage-with-container.php","meta":{"_acf_changed":false,"content-type":"","inline_featured_image":false,"footnotes":""},"class_list":["post-4478","page","type-page","status-publish","has-post-thumbnail","hentry"],"acf":[],"yoast_head":"<!-- This site is optimized with the Yoast SEO plugin v27.6 - https:\/\/yoast.com\/product\/yoast-seo-wordpress\/ -->\n<title>Equipa - The School of We - Intelig\u00eancia emocional e Mindfulness<\/title>\n<meta name=\"description\" content=\"Somos instrutores de lideran\u00e7a, treinadores de neg\u00f3cios e professores certificados Search Inside Yourself. O TSoW \u00e9 um espa\u00e7o de aprendizagem e comunidade.\" \/>\n<meta name=\"robots\" content=\"index, follow, max-snippet:-1, max-image-preview:large, max-video-preview:-1\" \/>\n<link rel=\"canonical\" href=\"https:\/\/theschoolofwe.com\/about-us\/team\/\" \/>\n<meta property=\"og:locale\" content=\"pt_PT\" \/>\n<meta property=\"og:type\" content=\"article\" \/>\n<meta property=\"og:title\" content=\"Equipa - The School of We - Intelig\u00eancia emocional e Mindfulness\" \/>\n<meta property=\"og:description\" content=\"Somos instrutores de lideran\u00e7a, treinadores de neg\u00f3cios e professores certificados Search Inside Yourself. O TSoW \u00e9 um espa\u00e7o de aprendizagem e comunidade.\" \/>\n<meta property=\"og:url\" content=\"https:\/\/theschoolofwe.com\/about-us\/team\/\" \/>\n<meta property=\"og:site_name\" content=\"The School of We\" \/>\n<meta property=\"article:modified_time\" content=\"2022-07-06T06:21:28+00:00\" \/>\n<meta property=\"og:image\" content=\"https:\/\/theschoolofwe.com\/wp-content\/uploads\/2022\/06\/bg-equipo-2-the-school-of-we.jpg\" \/>\n\t<meta property=\"og:image:width\" content=\"1900\" \/>\n\t<meta property=\"og:image:height\" content=\"650\" \/>\n\t<meta property=\"og:image:type\" content=\"image\/jpeg\" \/>\n<meta name=\"twitter:card\" content=\"summary_large_image\" \/>\n<meta name=\"twitter:label1\" content=\"Tempo estimado de leitura\" \/>\n\t<meta name=\"twitter:data1\" content=\"1 minuto\" \/>\n<script type=\"application\/ld+json\" class=\"yoast-schema-graph\">{\"@context\":\"https:\\\/\\\/schema.org\",\"@graph\":[{\"@type\":\"WebPage\",\"@id\":\"https:\\\/\\\/theschoolofwe.com\\\/about-us\\\/team\\\/\",\"url\":\"https:\\\/\\\/theschoolofwe.com\\\/about-us\\\/team\\\/\",\"name\":\"Equipa - The School of We - Intelig\u00eancia emocional e Mindfulness\",\"isPartOf\":{\"@id\":\"https:\\\/\\\/theschoolofwe.com\\\/es\\\/#website\"},\"primaryImageOfPage\":{\"@id\":\"https:\\\/\\\/theschoolofwe.com\\\/about-us\\\/team\\\/#primaryimage\"},\"image\":{\"@id\":\"https:\\\/\\\/theschoolofwe.com\\\/about-us\\\/team\\\/#primaryimage\"},\"thumbnailUrl\":\"https:\\\/\\\/theschoolofwe.com\\\/wp-content\\\/uploads\\\/2022\\\/06\\\/bg-equipo-2-the-school-of-we.jpg\",\"datePublished\":\"2022-06-14T10:30:00+00:00\",\"dateModified\":\"2022-07-06T06:21:28+00:00\",\"description\":\"Somos instrutores de lideran\u00e7a, treinadores de neg\u00f3cios e professores certificados Search Inside Yourself. O TSoW \u00e9 um espa\u00e7o de aprendizagem e comunidade.\",\"breadcrumb\":{\"@id\":\"https:\\\/\\\/theschoolofwe.com\\\/about-us\\\/team\\\/#breadcrumb\"},\"inLanguage\":\"pt-PT\",\"potentialAction\":[{\"@type\":\"ReadAction\",\"target\":[\"https:\\\/\\\/theschoolofwe.com\\\/about-us\\\/team\\\/\"]}]},{\"@type\":\"ImageObject\",\"inLanguage\":\"pt-PT\",\"@id\":\"https:\\\/\\\/theschoolofwe.com\\\/about-us\\\/team\\\/#primaryimage\",\"url\":\"https:\\\/\\\/theschoolofwe.com\\\/wp-content\\\/uploads\\\/2022\\\/06\\\/bg-equipo-2-the-school-of-we.jpg\",\"contentUrl\":\"https:\\\/\\\/theschoolofwe.com\\\/wp-content\\\/uploads\\\/2022\\\/06\\\/bg-equipo-2-the-school-of-we.jpg\",\"width\":1900,\"height\":650},{\"@type\":\"BreadcrumbList\",\"@id\":\"https:\\\/\\\/theschoolofwe.com\\\/about-us\\\/team\\\/#breadcrumb\",\"itemListElement\":[{\"@type\":\"ListItem\",\"position\":1,\"name\":\"Home\",\"item\":\"https:\\\/\\\/theschoolofwe.com\\\/pt-pt\\\/\"},{\"@type\":\"ListItem\",\"position\":2,\"name\":\"Quem Somos\",\"item\":\"https:\\\/\\\/theschoolofwe.com\\\/pt-pt\\\/quem-somos\\\/\"},{\"@type\":\"ListItem\",\"position\":3,\"name\":\"Equipa\"}]},{\"@type\":\"WebSite\",\"@id\":\"https:\\\/\\\/theschoolofwe.com\\\/es\\\/#website\",\"url\":\"https:\\\/\\\/theschoolofwe.com\\\/es\\\/\",\"name\":\"The School of We\",\"description\":\"Relearning love in business, society and the self\",\"potentialAction\":[{\"@type\":\"SearchAction\",\"target\":{\"@type\":\"EntryPoint\",\"urlTemplate\":\"https:\\\/\\\/theschoolofwe.com\\\/es\\\/?s={search_term_string}\"},\"query-input\":{\"@type\":\"PropertyValueSpecification\",\"valueRequired\":true,\"valueName\":\"search_term_string\"}}],\"inLanguage\":\"pt-PT\"}]}<\/script>\n<!-- \/ Yoast SEO plugin. -->","yoast_head_json":{"title":"Equipa - The School of We - Intelig\u00eancia emocional e Mindfulness","description":"Somos instrutores de lideran\u00e7a, treinadores de neg\u00f3cios e professores certificados Search Inside Yourself. O TSoW \u00e9 um espa\u00e7o de aprendizagem e comunidade.","robots":{"index":"index","follow":"follow","max-snippet":"max-snippet:-1","max-image-preview":"max-image-preview:large","max-video-preview":"max-video-preview:-1"},"canonical":"https:\/\/theschoolofwe.com\/about-us\/team\/","og_locale":"pt_PT","og_type":"article","og_title":"Equipa - The School of We - Intelig\u00eancia emocional e Mindfulness","og_description":"Somos instrutores de lideran\u00e7a, treinadores de neg\u00f3cios e professores certificados Search Inside Yourself. O TSoW \u00e9 um espa\u00e7o de aprendizagem e comunidade.","og_url":"https:\/\/theschoolofwe.com\/about-us\/team\/","og_site_name":"The School of We","article_modified_time":"2022-07-06T06:21:28+00:00","og_image":[{"width":1900,"height":650,"url":"https:\/\/theschoolofwe.com\/wp-content\/uploads\/2022\/06\/bg-equipo-2-the-school-of-we.jpg","type":"image\/jpeg"}],"twitter_card":"summary_large_image","twitter_misc":{"Tempo estimado de leitura":"1 minuto"},"schema":{"@context":"https:\/\/schema.org","@graph":[{"@type":"WebPage","@id":"https:\/\/theschoolofwe.com\/about-us\/team\/","url":"https:\/\/theschoolofwe.com\/about-us\/team\/","name":"Equipa - The School of We - Intelig\u00eancia emocional e Mindfulness","isPartOf":{"@id":"https:\/\/theschoolofwe.com\/es\/#website"},"primaryImageOfPage":{"@id":"https:\/\/theschoolofwe.com\/about-us\/team\/#primaryimage"},"image":{"@id":"https:\/\/theschoolofwe.com\/about-us\/team\/#primaryimage"},"thumbnailUrl":"https:\/\/theschoolofwe.com\/wp-content\/uploads\/2022\/06\/bg-equipo-2-the-school-of-we.jpg","datePublished":"2022-06-14T10:30:00+00:00","dateModified":"2022-07-06T06:21:28+00:00","description":"Somos instrutores de lideran\u00e7a, treinadores de neg\u00f3cios e professores certificados Search Inside Yourself. O TSoW \u00e9 um espa\u00e7o de aprendizagem e comunidade.","breadcrumb":{"@id":"https:\/\/theschoolofwe.com\/about-us\/team\/#breadcrumb"},"inLanguage":"pt-PT","potentialAction":[{"@type":"ReadAction","target":["https:\/\/theschoolofwe.com\/about-us\/team\/"]}]},{"@type":"ImageObject","inLanguage":"pt-PT","@id":"https:\/\/theschoolofwe.com\/about-us\/team\/#primaryimage","url":"https:\/\/theschoolofwe.com\/wp-content\/uploads\/2022\/06\/bg-equipo-2-the-school-of-we.jpg","contentUrl":"https:\/\/theschoolofwe.com\/wp-content\/uploads\/2022\/06\/bg-equipo-2-the-school-of-we.jpg","width":1900,"height":650},{"@type":"BreadcrumbList","@id":"https:\/\/theschoolofwe.com\/about-us\/team\/#breadcrumb","itemListElement":[{"@type":"ListItem","position":1,"name":"Home","item":"https:\/\/theschoolofwe.com\/pt-pt\/"},{"@type":"ListItem","position":2,"name":"Quem Somos","item":"https:\/\/theschoolofwe.com\/pt-pt\/quem-somos\/"},{"@type":"ListItem","position":3,"name":"Equipa"}]},{"@type":"WebSite","@id":"https:\/\/theschoolofwe.com\/es\/#website","url":"https:\/\/theschoolofwe.com\/es\/","name":"The School of We","description":"Relearning love in business, society and the self","potentialAction":[{"@type":"SearchAction","target":{"@type":"EntryPoint","urlTemplate":"https:\/\/theschoolofwe.com\/es\/?s={search_term_string}"},"query-input":{"@type":"PropertyValueSpecification","valueRequired":true,"valueName":"search_term_string"}}],"inLanguage":"pt-PT"}]}},"post_mailing_queue_ids":[],"_links":{"self":[{"href":"https:\/\/theschoolofwe.com\/pt-pt\/wp-json\/wp\/v2\/pages\/4478","targetHints":{"allow":["GET"]}}],"collection":[{"href":"https:\/\/theschoolofwe.com\/pt-pt\/wp-json\/wp\/v2\/pages"}],"about":[{"href":"https:\/\/theschoolofwe.com\/pt-pt\/wp-json\/wp\/v2\/types\/page"}],"author":[{"embeddable":true,"href":"https:\/\/theschoolofwe.com\/pt-pt\/wp-json\/wp\/v2\/users\/6"}],"replies":[{"embeddable":true,"href":"https:\/\/theschoolofwe.com\/pt-pt\/wp-json\/wp\/v2\/comments?post=4478"}],"version-history":[{"count":21,"href":"https:\/\/theschoolofwe.com\/pt-pt\/wp-json\/wp\/v2\/pages\/4478\/revisions"}],"predecessor-version":[{"id":6076,"href":"https:\/\/theschoolofwe.com\/pt-pt\/wp-json\/wp\/v2\/pages\/4478\/revisions\/6076"}],"up":[{"embeddable":true,"href":"https:\/\/theschoolofwe.com\/pt-pt\/wp-json\/wp\/v2\/pages\/1447"}],"wp:featuredmedia":[{"embeddable":true,"href":"https:\/\/theschoolofwe.com\/pt-pt\/wp-json\/wp\/v2\/media\/4557"}],"wp:attachment":[{"href":"https:\/\/theschoolofwe.com\/pt-pt\/wp-json\/wp\/v2\/media?parent=4478"}],"curies":[{"name":"wp","href":"https:\/\/api.w.org\/{rel}","templated":true}]}}