{"id":479,"date":"2020-01-28T12:31:30","date_gmt":"2020-01-28T12:31:30","guid":{"rendered":"http:\/\/developlaclave.es\/develop\/TSOW\/?page_id=479"},"modified":"2020-02-17T11:16:51","modified_gmt":"2020-02-17T11:16:51","slug":"aviso-legal","status":"publish","type":"page","link":"https:\/\/theschoolofwe.com\/pt-pt\/aviso-legal\/","title":{"rendered":"Aviso legal"},"content":{"rendered":"\n<h3 class=\"wp-block-heading\">Informa\u00e7\u00e3o geral<\/h3>\n\n\n\n<p>No cumprimento do\nartigo 10\u00ba da Lei 34\/2002, de 11 de julho, de Servi\u00e7os da Sociedade da\nInforma\u00e7\u00e3o e Com\u00e9rcio Eletr\u00f3nico (LSSI) expomos os dados identificativos.<\/p>\n\n\n\n<ul class=\"wp-block-list\"><li>Denomina\u00e7\u00e3o social: <strong>INNOVACION PARA\nADAPTARSE, SL<\/strong><\/li><li>CIF (c\u00f3digo de identifica\u00e7\u00e3o fiscal): <strong>ES-B98\/143548<\/strong><\/li><li>Inscrito\nno Registo Comercial de <strong>Valencia, volume 9037, livro 6322, f\u00f3lio 183, Folha\nn\u00ba V-134050.<\/strong><\/li><li>Atividade: <strong>produtos e servi\u00e7os de\ninforma\u00e7\u00e3o, treinamento e educa\u00e7\u00e3o<\/strong>.<\/li><li>Domicilio: : <strong>Avenida del Pa\u00eds Valenciano\n1-bajo. 46400 Cullera (Valencia) <\/strong>Espanha<\/li><li>Telefone: <strong>+34 639 054 485<\/strong><\/li><li>Correio eletr\u00f3nico: hello@theschoolofwe.com<\/li><\/ul>\n\n\n\n<h3 class=\"wp-block-heading\">Propriedade intelectual e industrial<\/h3>\n\n\n\n<p>A marca THE SCHOOL OF WE e os nomes de dom\u00ednio <strong>www.theschoolofwe.com<\/strong>, <strong>www.theschoolofwe.es<\/strong> y <strong>www.theschoolofwe.org<\/strong> s\u00e3o da propriedade da <strong>INNOVACION PARA ADAPTARSE, SL<\/strong>. O sitio web, na sua totalidade, incluindo o seu desenho, estrutura, distribui\u00e7\u00e3o, textos, conte\u00fados, log\u00f3tipos, bot\u00f5es, imagens, desenhos, c\u00f3digo fonte, planos, instru\u00e7\u00f5es, assim como todos os direitos de propriedade intelectual e industrial e qualquer outro signo distintivo, pertencem \u00e0 <strong>INNOVACION PARA ADAPTARSE, SL<\/strong> ou, quando corresponda, \u00e0s pessoas ou empresas que constam como autores ou titulares dos direitos e que autorizaram o seu uso \u00e0 <strong>INNOVACION PARA ADAPTARSE, SL<\/strong>. O usu\u00e1rio reconhece e aceita que o conte\u00fado, dados e toda a informa\u00e7\u00e3o pertencem \u00e0 <strong>INNOVACION PARA ADAPTARSE, SL<\/strong> ou a um terceiro que autorizou o seu uso \u00e0 empresa. Est\u00e1 proibida a reprodu\u00e7\u00e3o ou explora\u00e7\u00e3o total ou parcial, por qualquer meio, dos conte\u00fados deste s\u00edtio web para usos diferentes da leg\u00edtima informa\u00e7\u00e3o ou contrata\u00e7\u00e3o por parte dos usu\u00e1rios dos servi\u00e7os oferecidos. Nesse sentido, o utilizador n\u00e3o pode copiar, reproduzir, recompilar, descompilar, desmontar, distribuir, publicar, mostrar, executar, modificar, transferir, realizar trabalhos derivados, transmitir ou explorar partes do servi\u00e7o, excetuando a transmiss\u00e3o do material do servi\u00e7o e\/ou fazer c\u00f3pia para respetivo uso pessoal n\u00e3o lucrativo, sempre e quando o usu\u00e1rio reconhe\u00e7a todos os direitos de autor e Propriedade Industrial. A modifica\u00e7\u00e3o do conte\u00fado dos servi\u00e7os representa uma viola\u00e7\u00e3o aos leg\u00edtimos direitos de terceiros ou da <strong>INNOVACION PARA ADAPTARSE, SL<\/strong>.<\/p>\n\n\n\n<h3 class=\"wp-block-heading\">Tratamento dos dados de c\u00e1rater pessoal<\/h3>\n\n\n\n<p>A <strong>INNOVACION PARA ADAPTARSE, SL<\/strong> compromete-se a manter todos os dados facilitados pelos nossos usu\u00e1rios\ndentro da m\u00e1xima confidencialidade e a n\u00e3o proporcion\u00e1-los a terceiros, em\nconformidade com os princ\u00edpios de prote\u00e7\u00e3o de dados de car\u00e1cter pessoal da LORTAD\n(Lei Org\u00e2nica 15\/1999, de 13 de dezembro). Em conformidade com o disposto na\nlei em quest\u00e3o e com o objetivo de garantir a prote\u00e7\u00e3o e privacidade dos seus\ndados pessoais, a <strong>INNOVACION PARA ADAPTARSE, SL<\/strong> informa que os dados facilitados ser\u00e3o\nincorporados a um ficheiro automatizado de dados convenientemente registado na\nAg\u00eancia de Prote\u00e7\u00e3o de Dados.<\/p>\n\n\n\n<p>Estes dados\npessoais ser\u00e3o utilizados exclusivamente para enviar informa\u00e7\u00e3o e publicidade\nsobre ofertas e promo\u00e7\u00f5es, oferecer os nossos servi\u00e7os e recomenda\u00e7\u00f5es da <strong>INNOVACION PARA ADAPTARSE, SL<\/strong>, n\u00e3o sendo cedidos a terceiros, exceto a empresas vinculadas diretamente \u00e0\n<strong>INNOVACION PARA ADAPTARSE, SL<\/strong> e aos os professores, facilitadores e \/ ou\norganizadores oficiais, apresentados na THE SCHOOL OF WE, que oferecem o\nprograma e \/ ou workshop de seu interesse para os fins indicados no formul\u00e1rio preenchido\npelo usu\u00e1rio. O respons\u00e1vel por este ficheiro \u00e9 a <strong>INNOVACION\nPARA ADAPTARSE, SL<\/strong> com\nquem poder\u00e1 contactar por escrito para exercer os seus direitos de acesso,\nretifica\u00e7\u00e3o, cancelamento e oposi\u00e7\u00e3o no endere\u00e7o Avenida\ndel Pa\u00eds Valenciano 1-bajo. 46400 Cullera (Val\u00eancia) Espanha, ou atrav\u00e9s do correio\neletr\u00f3nico a <strong>hello@theschoolofwe.com<\/strong><\/p>\n\n\n\n<p>A <strong>INNOVACION PARA ADAPTARSE, SL<\/strong> garante a confidencialidade e a seguran\u00e7a\ndos seus dados, que n\u00e3o ser\u00e3o cedidos a terceiros. Para preservar este direito\ndo Usu\u00e1rio a navega\u00e7\u00e3o tamb\u00e9m \u00e9 an\u00f3nima atrav\u00e9s do nosso s\u00edtio web. A\ninforma\u00e7\u00e3o obtida \u00e9 completamente an\u00f3nima, nunca podendo ser associada a um\nusu\u00e1rio em concreto e identificado.<\/p>\n\n\n\n<p>Apenas obtemos e\nconservamos a seguinte informa\u00e7\u00e3o sobre os visitantes:<\/p>\n\n\n\n<ul class=\"wp-block-list\"><li>O nome de dom\u00ednio do fornecedor (PSI) que\nlhes d\u00e1 acesso \u00e0 rede. Desta maneira podemos elaborar estat\u00edsticas sobre os\npa\u00edses e servidores que visitam o nosso s\u00edtio web com mais frequ\u00eancia.<\/li><li>O n\u00famero de visitantes di\u00e1rios de cada\nsec\u00e7\u00e3o. Assim tomamos conhecimento das \u00e1reas de mais sucesso e aumentamos e\nmelhoramos o seu conte\u00fado para que os usu\u00e1rios obtenham resultados mais\nsatisfat\u00f3rios.<\/li><li>O endere\u00e7o de Internet de onde partiu o\nlink que dirige ao nosso s\u00edtio web. Gra\u00e7as a este dado, podemos conhecer a\nefetividade dos v\u00e1rios banners e enlaces que sinalizam a <strong>www.theschoolofwe.com<\/strong><\/li><li>Este s\u00edtio web utiliza tecnologia\n\u201ccookies\u201d por utilizar o servi\u00e7o Google Analytics, prestado pela Google, Inc.,\numa empresa de Delaware cujo escrit\u00f3rio principal est\u00e1 situado em 1600\nAmphitheatre Parkway, Mountain View (Calif\u00f3rnia), CA 94043, Estados Unidos\n(\u201cGoogle\u201d). Google Analytics utiliza \u201ccookies\u201d, que s\u00e3o arquivos de texto\nlocalizados no seu computador, para ajudar o website a analisar a utiliza\u00e7\u00e3o\nfeita pelos usu\u00e1rios do sitio web. A informa\u00e7\u00e3o gerada pela cookie sobre a\nutiliza\u00e7\u00e3o do website (incluindo o seu endere\u00e7o IP) ser\u00e1 diretamente\ntransmitida e arquivada pela Google nos servidores dos Estados Unidos. A Google\nusar\u00e1 esta informa\u00e7\u00e3o por nossa conta com o prop\u00f3sito de seguir a pista da sua\nutiliza\u00e7\u00e3o do website, recompilando relat\u00f3rios da atividade do website e\nprestando outros servi\u00e7os relacionados com a atividade do website e a\nutiliza\u00e7\u00e3o de Internet. A Google poder\u00e1 transmitir dita informa\u00e7\u00e3o a terceiros\nquando requerido pela legisla\u00e7\u00e3o ou quando ditos terceiros processem a\ninforma\u00e7\u00e3o por conta da Google. A Google n\u00e3o ir\u00e1 associar o seu endere\u00e7o IP a\nnenhum outro dado que a mesma disponha. O usu\u00e1rio poder\u00e1 rejeitar o tratamento\ndos dados ou da informa\u00e7\u00e3o rejeitando o uso de cookies atrav\u00e9s da sele\u00e7\u00e3o da\nconfigura\u00e7\u00e3o apropriada do seu navegador, no entanto, dever\u00e1 saber que se\nproceder desta maneira poder\u00e1 n\u00e3o conseguir utilizar plenamente todas as\nfuncionalidades deste website. Ao utilizar este website o usu\u00e1rio est\u00e1\nconsciente do tratamento da sua informa\u00e7\u00e3o pessoal levado a cabo por parte da\nGoogle na forma e para os fins acima indicados.<\/li><\/ul>\n\n\n\n<h3 class=\"wp-block-heading\">Responsabilidades<\/h3>\n\n\n\n<p>A <strong>INNOVACION PARA ADAPTARSE, SL<\/strong> declina qualquer responsabilidade\nrelacionada com a informa\u00e7\u00e3o deste s\u00edtio web proveniente de fontes alheias ou\nterceiros. Tampouco garante que a informa\u00e7\u00e3o contida neste s\u00edtio web seja\ncorreta, completa e esteja sempre atualizada, al\u00e9m de poder conter imprecis\u00f5es\nt\u00e9cnicas, tradu\u00e7\u00f5es a outros idiomas inadequados ou erros tipogr\u00e1ficos. Antes\nde tomar uma decis\u00e3o relativamente \u00e0 informa\u00e7\u00e3o contida neste sitio o usu\u00e1rio\ndever\u00e1 confirmar se a informa\u00e7\u00e3o publicada \u00e9 correta.<\/p>\n\n\n\n<p>A <strong>INNOVACION PARA ADAPTARSE, SL<\/strong> n\u00e3o se responsabiliza pela m\u00e1 utiliza\u00e7\u00e3o\ndos conte\u00fados do seu s\u00edtio web, sendo da inteira responsabilidade da pessoa que\nacede aos mesmos ou os utiliza. Se em alguma p\u00e1gina deste s\u00edtio web for\nrequerida a utiliza\u00e7\u00e3o de chaves de acesso, o usu\u00e1rio ser\u00e1 respons\u00e1vel por\nprotege-las contra utiliza\u00e7\u00f5es e revela\u00e7\u00f5es n\u00e3o autorizadas. Qualquer\nutiliza\u00e7\u00e3o deste s\u00edtio web utilizando o seu nome e senha ou chave de acesso\nser\u00e1 da sua inteira responsabilidade. Assim que tiver conhecimento ou observar\nqualquer utiliza\u00e7\u00e3o ou revela\u00e7\u00e3o n\u00e3o autorizada da sua chave ou senha de acesso\ndever\u00e1 informar a <strong>INNOVACION PARA ADAPTARSE, SL<\/strong>. O usu\u00e1rio apenas poder\u00e1 escolher\npalavras, n\u00fameros ou conjuntos de ambos como senha ou chave de acesso que n\u00e3o\nsejam contr\u00e1rios \u00e0 lei, moral, bons costumes geralmente aceites ou \u00e0 ordem\np\u00fablica. Est\u00e1 proibida a utiliza\u00e7\u00e3o de chaves ou senhas de acesso que, alguma\nmaneira, impliquem uma viola\u00e7\u00e3o do direito de propriedade industrial e\nintelectual, ou coincidam ou se assemelhem a denomina\u00e7\u00f5es sociais ou slogans\npublicit\u00e1rios, quando care\u00e7a do t\u00edtulo apropriado ou justo para o fazer. Os\ndanos e preju\u00edzos sofridos pelo pr\u00f3prio usu\u00e1rio, ou gerados a terceiros, como\nconsequ\u00eancia da utiliza\u00e7\u00e3o de chaves e senhas de acesso que vulnerem o acima\nexposto ser\u00e3o da \u00fanica e inteira responsabilidade do usu\u00e1rio.<\/p>\n\n\n\n<p>A <strong>INNOVACION PARA ADAPTARSE, SL<\/strong> tampouco assume nenhuma responsabilidade pela informa\u00e7\u00e3o contida nos\ns\u00edtios web de terceiros aos quais se possa aceder atrav\u00e9s de enlaces que partam\ndo seu portal. A presen\u00e7a destes enlaces tem uma finalidade informativa, n\u00e3o\nconstituindo nunca um convite \u00e0 <strong>INNOVACION PARA\nADAPTARSE, SL<\/strong> n\u00e3o\nrespondendo nem assumindo nenhum tipo de responsabilidade pelos danos e\npreju\u00edzos que possam estar relacionados com o funcionamento, disponibilidade e\ncontinuidade dos s\u00edtios enla\u00e7ados.<\/p>\n\n\n\n<p>Tampouco\nassumiremos nenhuma responsabilidade pelos poss\u00edveis erros de seguran\u00e7a que\npossam ocorrer pelo fato de utilizar vers\u00f5es de navegadores n\u00e3o atualizadas, ou\ndas consequ\u00eancias que possam decorrer do mau funcionamento do navegador, tanto\npor configura\u00e7\u00e3o inadequada, presen\u00e7a de v\u00edrus inform\u00e1ticos ou por qualquer\noutra causa alheia \u00e0 nossa empresa. A <strong>INNOVACION PARA\nADAPTARSE, SL<\/strong> ir\u00e1 colaborar em tudo o que estiver ao seu alcance com as autoridades\njudiciais, se se apresentar a situa\u00e7\u00e3o, para travar atos ilegais ou contr\u00e1rios\n\u00e0 boa f\u00e9 contra a <strong>INNOVACION PARA ADAPTARSE, SL<\/strong> ou qualquer terceiro, para identificar os\nusu\u00e1rios que atuem de maneira contr\u00e1ria \u00e0 norma legal, a esta Pol\u00edtica de\nPrivacidade e \u00e0s Condi\u00e7\u00f5es de Utiliza\u00e7\u00e3o.<\/p>\n\n\n\n<h3 class=\"wp-block-heading\">Legisla\u00e7\u00e3o e jurisdi\u00e7\u00e3o aplic\u00e1vel<\/h3>\n\n\n\n<p>Com car\u00e1cter geral, as rela\u00e7\u00f5es com os usu\u00e1rios, derivadas da presta\u00e7\u00e3o de servi\u00e7os conte\u00fados deste s\u00edtio web, com ren\u00fancia expressa a qualquer jurisdi\u00e7\u00e3o ou for que lhes possa corresponder, submetem-se \u00e0 legisla\u00e7\u00e3o e \u00e0 jurisdi\u00e7\u00e3o espanhola, em especifico aos tribunais de Val\u00eancia. Os usu\u00e1rios deste s\u00edtio web s\u00e3o conscientes de tudo o que foi exposto e aceitam voluntariamente.<\/p>\n","protected":false},"excerpt":{"rendered":"<p>Informa\u00e7\u00e3o geral No cumprimento do artigo 10\u00ba da Lei 34\/2002, de 11 de julho, de Servi\u00e7os da Sociedade da Informa\u00e7\u00e3o e Com\u00e9rcio Eletr\u00f3nico (LSSI) expomos os dados identificativos. Denomina\u00e7\u00e3o social: INNOVACION PARA ADAPTARSE, SL CIF (c\u00f3digo de identifica\u00e7\u00e3o fiscal): ES-B98\/143548 Inscrito no Registo Comercial de Valencia, volume 9037, livro 6322, f\u00f3lio 183, Folha n\u00ba V-134050. [&#8230;]<\/p>\n<p><a class=\"btn btn-secondary understrap-read-more-link\" href=\"https:\/\/theschoolofwe.com\/pt-pt\/aviso-legal\/\">Continuar a ler&#8230;<\/a><\/p>\n","protected":false},"author":1,"featured_media":1087,"parent":0,"menu_order":0,"comment_status":"closed","ping_status":"closed","template":"page-templates\/defaultpage-with-container.php","meta":{"_acf_changed":false,"content-type":"","inline_featured_image":false,"footnotes":""},"class_list":["post-479","page","type-page","status-publish","has-post-thumbnail","hentry"],"acf":[],"yoast_head":"<!-- This site is optimized with the Yoast SEO plugin v27.6 - https:\/\/yoast.com\/product\/yoast-seo-wordpress\/ -->\n<title>Aviso Legal da The School of We<\/title>\n<meta name=\"robots\" content=\"index, follow, max-snippet:-1, max-image-preview:large, max-video-preview:-1\" \/>\n<link rel=\"canonical\" href=\"https:\/\/theschoolofwe.com\/legal-notice-the-school-of-we\/\" \/>\n<meta property=\"og:locale\" content=\"pt_PT\" \/>\n<meta property=\"og:type\" content=\"article\" \/>\n<meta property=\"og:title\" content=\"Aviso Legal da The School of We\" \/>\n<meta property=\"og:description\" content=\"Informa\u00e7\u00e3o geral No cumprimento do artigo 10\u00ba da Lei 34\/2002, de 11 de julho, de Servi\u00e7os da Sociedade da Informa\u00e7\u00e3o e Com\u00e9rcio Eletr\u00f3nico (LSSI) expomos os dados identificativos. Denomina\u00e7\u00e3o social: INNOVACION PARA ADAPTARSE, SL CIF (c\u00f3digo de identifica\u00e7\u00e3o fiscal): ES-B98\/143548 Inscrito no Registo Comercial de Valencia, volume 9037, livro 6322, f\u00f3lio 183, Folha n\u00ba V-134050. [...]Continuar a ler...\" \/>\n<meta property=\"og:url\" content=\"https:\/\/theschoolofwe.com\/legal-notice-the-school-of-we\/\" \/>\n<meta property=\"og:site_name\" content=\"The School of We\" \/>\n<meta property=\"article:modified_time\" content=\"2020-02-17T11:16:51+00:00\" \/>\n<meta property=\"og:image\" content=\"https:\/\/theschoolofwe.com\/wp-content\/uploads\/2020\/02\/legal-head-the-school-of-we.jpg\" \/>\n\t<meta property=\"og:image:width\" content=\"1640\" \/>\n\t<meta property=\"og:image:height\" content=\"930\" \/>\n\t<meta property=\"og:image:type\" content=\"image\/jpeg\" \/>\n<meta name=\"twitter:card\" content=\"summary_large_image\" \/>\n<meta name=\"twitter:label1\" content=\"Tempo estimado de leitura\" \/>\n\t<meta name=\"twitter:data1\" content=\"8 minutos\" \/>\n<script type=\"application\/ld+json\" class=\"yoast-schema-graph\">{\"@context\":\"https:\\\/\\\/schema.org\",\"@graph\":[{\"@type\":\"WebPage\",\"@id\":\"https:\\\/\\\/theschoolofwe.com\\\/legal-notice-the-school-of-we\\\/\",\"url\":\"https:\\\/\\\/theschoolofwe.com\\\/legal-notice-the-school-of-we\\\/\",\"name\":\"Aviso Legal da The School of We\",\"isPartOf\":{\"@id\":\"https:\\\/\\\/theschoolofwe.com\\\/es\\\/#website\"},\"primaryImageOfPage\":{\"@id\":\"https:\\\/\\\/theschoolofwe.com\\\/legal-notice-the-school-of-we\\\/#primaryimage\"},\"image\":{\"@id\":\"https:\\\/\\\/theschoolofwe.com\\\/legal-notice-the-school-of-we\\\/#primaryimage\"},\"thumbnailUrl\":\"https:\\\/\\\/theschoolofwe.com\\\/wp-content\\\/uploads\\\/2020\\\/02\\\/legal-head-the-school-of-we.jpg\",\"datePublished\":\"2020-01-28T12:31:30+00:00\",\"dateModified\":\"2020-02-17T11:16:51+00:00\",\"breadcrumb\":{\"@id\":\"https:\\\/\\\/theschoolofwe.com\\\/legal-notice-the-school-of-we\\\/#breadcrumb\"},\"inLanguage\":\"pt-PT\",\"potentialAction\":[{\"@type\":\"ReadAction\",\"target\":[\"https:\\\/\\\/theschoolofwe.com\\\/legal-notice-the-school-of-we\\\/\"]}]},{\"@type\":\"ImageObject\",\"inLanguage\":\"pt-PT\",\"@id\":\"https:\\\/\\\/theschoolofwe.com\\\/legal-notice-the-school-of-we\\\/#primaryimage\",\"url\":\"https:\\\/\\\/theschoolofwe.com\\\/wp-content\\\/uploads\\\/2020\\\/02\\\/legal-head-the-school-of-we.jpg\",\"contentUrl\":\"https:\\\/\\\/theschoolofwe.com\\\/wp-content\\\/uploads\\\/2020\\\/02\\\/legal-head-the-school-of-we.jpg\",\"width\":1640,\"height\":930,\"caption\":\"Privacy policy - The School of We\"},{\"@type\":\"BreadcrumbList\",\"@id\":\"https:\\\/\\\/theschoolofwe.com\\\/legal-notice-the-school-of-we\\\/#breadcrumb\",\"itemListElement\":[{\"@type\":\"ListItem\",\"position\":1,\"name\":\"Home\",\"item\":\"https:\\\/\\\/theschoolofwe.com\\\/pt-pt\\\/\"},{\"@type\":\"ListItem\",\"position\":2,\"name\":\"Aviso legal\"}]},{\"@type\":\"WebSite\",\"@id\":\"https:\\\/\\\/theschoolofwe.com\\\/es\\\/#website\",\"url\":\"https:\\\/\\\/theschoolofwe.com\\\/es\\\/\",\"name\":\"The School of We\",\"description\":\"Relearning love in business, society and the self\",\"potentialAction\":[{\"@type\":\"SearchAction\",\"target\":{\"@type\":\"EntryPoint\",\"urlTemplate\":\"https:\\\/\\\/theschoolofwe.com\\\/es\\\/?s={search_term_string}\"},\"query-input\":{\"@type\":\"PropertyValueSpecification\",\"valueRequired\":true,\"valueName\":\"search_term_string\"}}],\"inLanguage\":\"pt-PT\"}]}<\/script>\n<!-- \/ Yoast SEO plugin. -->","yoast_head_json":{"title":"Aviso Legal da The School of We","robots":{"index":"index","follow":"follow","max-snippet":"max-snippet:-1","max-image-preview":"max-image-preview:large","max-video-preview":"max-video-preview:-1"},"canonical":"https:\/\/theschoolofwe.com\/legal-notice-the-school-of-we\/","og_locale":"pt_PT","og_type":"article","og_title":"Aviso Legal da The School of We","og_description":"Informa\u00e7\u00e3o geral No cumprimento do artigo 10\u00ba da Lei 34\/2002, de 11 de julho, de Servi\u00e7os da Sociedade da Informa\u00e7\u00e3o e Com\u00e9rcio Eletr\u00f3nico (LSSI) expomos os dados identificativos. Denomina\u00e7\u00e3o social: INNOVACION PARA ADAPTARSE, SL CIF (c\u00f3digo de identifica\u00e7\u00e3o fiscal): ES-B98\/143548 Inscrito no Registo Comercial de Valencia, volume 9037, livro 6322, f\u00f3lio 183, Folha n\u00ba V-134050. [...]Continuar a ler...","og_url":"https:\/\/theschoolofwe.com\/legal-notice-the-school-of-we\/","og_site_name":"The School of We","article_modified_time":"2020-02-17T11:16:51+00:00","og_image":[{"width":1640,"height":930,"url":"https:\/\/theschoolofwe.com\/wp-content\/uploads\/2020\/02\/legal-head-the-school-of-we.jpg","type":"image\/jpeg"}],"twitter_card":"summary_large_image","twitter_misc":{"Tempo estimado de leitura":"8 minutos"},"schema":{"@context":"https:\/\/schema.org","@graph":[{"@type":"WebPage","@id":"https:\/\/theschoolofwe.com\/legal-notice-the-school-of-we\/","url":"https:\/\/theschoolofwe.com\/legal-notice-the-school-of-we\/","name":"Aviso Legal da The School of We","isPartOf":{"@id":"https:\/\/theschoolofwe.com\/es\/#website"},"primaryImageOfPage":{"@id":"https:\/\/theschoolofwe.com\/legal-notice-the-school-of-we\/#primaryimage"},"image":{"@id":"https:\/\/theschoolofwe.com\/legal-notice-the-school-of-we\/#primaryimage"},"thumbnailUrl":"https:\/\/theschoolofwe.com\/wp-content\/uploads\/2020\/02\/legal-head-the-school-of-we.jpg","datePublished":"2020-01-28T12:31:30+00:00","dateModified":"2020-02-17T11:16:51+00:00","breadcrumb":{"@id":"https:\/\/theschoolofwe.com\/legal-notice-the-school-of-we\/#breadcrumb"},"inLanguage":"pt-PT","potentialAction":[{"@type":"ReadAction","target":["https:\/\/theschoolofwe.com\/legal-notice-the-school-of-we\/"]}]},{"@type":"ImageObject","inLanguage":"pt-PT","@id":"https:\/\/theschoolofwe.com\/legal-notice-the-school-of-we\/#primaryimage","url":"https:\/\/theschoolofwe.com\/wp-content\/uploads\/2020\/02\/legal-head-the-school-of-we.jpg","contentUrl":"https:\/\/theschoolofwe.com\/wp-content\/uploads\/2020\/02\/legal-head-the-school-of-we.jpg","width":1640,"height":930,"caption":"Privacy policy - The School of We"},{"@type":"BreadcrumbList","@id":"https:\/\/theschoolofwe.com\/legal-notice-the-school-of-we\/#breadcrumb","itemListElement":[{"@type":"ListItem","position":1,"name":"Home","item":"https:\/\/theschoolofwe.com\/pt-pt\/"},{"@type":"ListItem","position":2,"name":"Aviso legal"}]},{"@type":"WebSite","@id":"https:\/\/theschoolofwe.com\/es\/#website","url":"https:\/\/theschoolofwe.com\/es\/","name":"The School of We","description":"Relearning love in business, society and the self","potentialAction":[{"@type":"SearchAction","target":{"@type":"EntryPoint","urlTemplate":"https:\/\/theschoolofwe.com\/es\/?s={search_term_string}"},"query-input":{"@type":"PropertyValueSpecification","valueRequired":true,"valueName":"search_term_string"}}],"inLanguage":"pt-PT"}]}},"post_mailing_queue_ids":[],"_links":{"self":[{"href":"https:\/\/theschoolofwe.com\/pt-pt\/wp-json\/wp\/v2\/pages\/479","targetHints":{"allow":["GET"]}}],"collection":[{"href":"https:\/\/theschoolofwe.com\/pt-pt\/wp-json\/wp\/v2\/pages"}],"about":[{"href":"https:\/\/theschoolofwe.com\/pt-pt\/wp-json\/wp\/v2\/types\/page"}],"author":[{"embeddable":true,"href":"https:\/\/theschoolofwe.com\/pt-pt\/wp-json\/wp\/v2\/users\/1"}],"replies":[{"embeddable":true,"href":"https:\/\/theschoolofwe.com\/pt-pt\/wp-json\/wp\/v2\/comments?post=479"}],"version-history":[{"count":1,"href":"https:\/\/theschoolofwe.com\/pt-pt\/wp-json\/wp\/v2\/pages\/479\/revisions"}],"predecessor-version":[{"id":480,"href":"https:\/\/theschoolofwe.com\/pt-pt\/wp-json\/wp\/v2\/pages\/479\/revisions\/480"}],"wp:featuredmedia":[{"embeddable":true,"href":"https:\/\/theschoolofwe.com\/pt-pt\/wp-json\/wp\/v2\/media\/1087"}],"wp:attachment":[{"href":"https:\/\/theschoolofwe.com\/pt-pt\/wp-json\/wp\/v2\/media?parent=479"}],"curies":[{"name":"wp","href":"https:\/\/api.w.org\/{rel}","templated":true}]}}