{"id":481,"date":"2020-01-28T12:39:33","date_gmt":"2020-01-28T12:39:33","guid":{"rendered":"http:\/\/developlaclave.es\/develop\/TSOW\/?page_id=481"},"modified":"2020-02-17T11:16:41","modified_gmt":"2020-02-17T11:16:41","slug":"politica-de-privacidade","status":"publish","type":"page","link":"https:\/\/theschoolofwe.com\/pt-pt\/politica-de-privacidade\/","title":{"rendered":"Pol\u00edtica de privacidade"},"content":{"rendered":"\n<h3 class=\"wp-block-heading\"><strong>Quem \u00e9 a pessoa respons\u00e1vel pelo processamento de dados pessoais?<\/strong><\/h3>\n\n\n\n<p>De acordo com as\ndisposi\u00e7\u00f5es do Regulamento (UE) 2016\/679 de Prote\u00e7\u00e3o de Dados (RGPD) e outros\nregulamentos em vigor, informamos que os dados pessoais que nos forne\u00e7a ao usar\no site www.theschoolofwe.com (doravante &#8220;Web&#8221;) ser\u00e3o tratados pela pessoa\nrespons\u00e1vel pelo seu processamento na <strong>INNOVACION PARA ADAPTARSE, SL<\/strong>\n(doravante, \u201cTHE SCHOOL OF WE\u201d), com NIF: <strong>B98143548<\/strong> e domic\u00edlio em <strong>Avenida\ndel Pa\u00eds Valenciano 1-bajo. 46400 Cullera (Valencia) <\/strong>&nbsp;Espanha.<\/p>\n\n\n\n<p>Pode entrar em\ncontato com a <strong>THE SCHOOL OF WE <\/strong>via e-mail: hello@theschoolofwe.com<\/p>\n\n\n\n<h3 class=\"wp-block-heading\"><strong>\u00c9 obrigado a fornecer dados pessoais?<\/strong><\/h3>\n\n\n\n<p>Ao visitar a Web n\u00e3o se sup\u00f5e que o Utilizador seja obrigado a fornecer qualquer informa\u00e7\u00e3o sobre si mesmo. No entanto, o uso de alguns dos servi\u00e7os dispon\u00edveis na Web dependem do preenchimento de formul\u00e1rios de dados pessoais. Os dados solicitados nos diferentes formul\u00e1rios da Web s\u00e3o necess\u00e1rios para prestar adequadamente tais servi\u00e7os. A recusa em fornecer os dados indicados pode implicar a incapacidade de prestar adequadamente tais servi\u00e7os. Da mesma forma, pode fornecer dados voluntariamente com o objetivo de que esses servi\u00e7os possam ser facilmente prestados. Da mesma forma, certas funcionalidades da Web dependem da sua autoriza\u00e7\u00e3o para utiliza\u00e7\u00e3o e processamento dos dados pessoais.<\/p>\n\n\n\n<h3 class=\"wp-block-heading\"><strong>Qual a finalidade da utiliza\u00e7\u00e3o dos dados pessoais do utilizador pela THE SCHOOL OF WE e por quanto tempo ser\u00e3o usados?<\/strong><\/h3>\n\n\n\n<p>Os dados pessoais\nque facilite para a presta\u00e7\u00e3o dos diferentes servi\u00e7os disponibilizados atrav\u00e9s\nda Web ser\u00e3o tratados pela <strong>THE SCHOOL OF WE <\/strong>com as seguintes\nfinalidades:<\/p>\n\n\n\n<ul class=\"wp-block-list\"><li>No caso do formul\u00e1rio de inscri\u00e7\u00e3o para\ncandidatos e \/ ou participantes em treinamentos e programas, o objetivo \u00e9\ngerenciar a inscri\u00e7\u00e3o e organizar a presta\u00e7\u00e3o do servi\u00e7o pelos professores\noficiais, facilitadores e \/ ou organizadores, conforme apresentado na THE\nSCHOOL OF WE que oferece o programa e \/ ou oficina de seu interesse.<\/li><li>No caso de incluir um email ou n\u00famero de\ntelefone de contato, o objetivo ser\u00e1 responder \u00e0 sua solicita\u00e7\u00e3o.<\/li><li>No caso do formul\u00e1rio de subscri\u00e7\u00e3o da newsletter\no objetivo \u00e9 a subscri\u00e7\u00e3o do blog profissional ou de ideias e a gest\u00e3o da\nperiodicidade da newsletter e informa\u00e7\u00e3o comercial relacionada com os produtos\ne servi\u00e7os prestados pela <strong>THE SCHOOL OF WE<\/strong>.<\/li><li>No caso do formul\u00e1rio de pedido de c\u00f3digos\nde acesso \u00e0 \u00e1rea profissional, o objetivo \u00e9 a gest\u00e3o do pedido de dados de\nacesso para aceder \u00e0 \u00e1rea privada dos profissionais.<\/li><li>No formul\u00e1rio de contato, o objetivo \u00e9 a\ngest\u00e3o da consulta realizada.<\/li><li>No caso do formul\u00e1rio de procurar um\nprofessor e \/ ou facilitador \u00e9 identificar professores e \/ ou facilitadores de\nnossos programas e workshops em diferentes \u00e1reas geogr\u00e1ficas e fornec\u00ea-los \u00e0\nparte interessada.<\/li><\/ul>\n\n\n\n<p>Da mesma forma,\ninformamos que determinadas funcionalidades da Web dependem do uso de COOKIES,\nde modo que, caso n\u00e3o tenha negado o seu uso, procederemos ao tratamento de\ndeterminadas informa\u00e7\u00f5es relacionadas com o seu uso da Web. Pode ver as\ncondi\u00e7\u00f5es do uso dos Cookies na \u201cPol\u00edtica de Cookies\u201d.<\/p>\n\n\n\n<p>Mediante a\nutiliza\u00e7\u00e3o de todos estes formul\u00e1rios, evidencia o interesse pelos nossos\nprodutos e pela nossa empresa, pelo que lhe informamos que podemos usar estes\ndados para futuras comunica\u00e7\u00f5es comerciais ou campanhas. Se desejar anular esta\npossibilidade, agradecemos que consulte o ponto : Quais s\u00e3o os direitos do\nusu\u00e1rio? que constam no presente documento.<\/p>\n\n\n\n<p>No momento de\nsolicitar qualquer um dos servi\u00e7os ou fazer uso das fun\u00e7\u00f5es indicadas,\nser-lhe-\u00e3o oferecidas informa\u00e7\u00f5es mais detalhadas sobre o tratamento de dados.<\/p>\n\n\n\n<h3 class=\"wp-block-heading\"><strong>A THE SCHOOL OF WE ir\u00e1 guardar os dados pessoais durante quanto tempo?<\/strong><\/h3>\n\n\n\n<p>Os dados do\nUtilizador ser\u00e3o guardados enquanto forem necess\u00e1rios para a presta\u00e7\u00e3o dos\nservi\u00e7os solicitados e, uma vez terminado este servi\u00e7o, os seus dados ser\u00e3o\nmantidos pelos per\u00edodos legalmente exigidos para poss\u00edveis responsabilidades\ndecorrentes do servi\u00e7o prestado.<\/p>\n\n\n\n<p>No caso de\nUtilizadores Registados, os dados ser\u00e3o processados at\u00e9 ser solicitada a\nelimina\u00e7\u00e3o da conta criada.<\/p>\n\n\n\n<h3 class=\"wp-block-heading\"><strong>Quais as categorias de dados de utilizadores que ser\u00e3o processadas pela THE SCHOOL OF WE?<\/strong><\/h3>\n\n\n\n<p>Os dados pessoais\nnecess\u00e1rios para a presta\u00e7\u00e3o dos diferentes servi\u00e7os dispon\u00edveis na Web ser\u00e3o\naqueles indicados no formul\u00e1rio correspondente para esse fim.<\/p>\n\n\n\n<p>Em qualquer caso,\nas categorias que podem ser tratadas s\u00e3o:<\/p>\n\n\n\n<ul class=\"wp-block-list\"><li>Dados identificativos: nomes e sobrenomes,\nNIF\/ID, morada, endere\u00e7o de e-mail, telefone, assinatura, v\u00eddeo\/voz, assinatura\neletr\u00f3nica.<\/li><li>Dados de caracter\u00edsticas pessoais: estado\ncivil, data de nascimento, local de nascimento, idade, sexo, nacionalidade.<\/li><li>Dados de detalhes de emprego: profiss\u00e3o,\ncargo, dados n\u00e3o-econ\u00f3micos da folha de pagamentos, hist\u00f3rico do trabalhador.<\/li><li>Dados detalhados da empresa: nome da\nempresa, endere\u00e7o, n\u00famero de funcion\u00e1rios, setor, geografia.<\/li><li>Dados de informa\u00e7\u00e3o comercial: atividades\nou neg\u00f3cios, licen\u00e7as comerciais, subscri\u00e7\u00f5es em publica\u00e7\u00f5es ou meios de\ncomunica\u00e7\u00e3o, cria\u00e7\u00f5es liter\u00e1rias, art\u00edsticas, cient\u00edficas ou t\u00e9cnicas.<\/li><li>Dados de transa\u00e7\u00f5es de bens e servi\u00e7os:\nbens e servi\u00e7os prestados pela parte afetada, bens e servi\u00e7os recebidos pela parte\nafetada, transa\u00e7\u00f5es financeiras, compensa\u00e7\u00f5es e indemniza\u00e7\u00f5es.<\/li><\/ul>\n\n\n\n<h3 class=\"wp-block-heading\"><strong>Qual a legitimidade do tratamento dos dados do utilizador?<\/strong><\/h3>\n\n\n\n<p>O tratamento dos dados do Utilizador pela <strong>THE SCHOOL OF WE<\/strong> baseia-se na solicita\u00e7\u00e3o dos servi\u00e7os disponibilizados atrav\u00e9s da Web ou, na rela\u00e7\u00e3o contratual anterior, ou quando apropriado, no consentimento dado pelo Utilizador para determinados fins, podendo este revog\u00e1-lo a qualquer momento. No entanto, no caso de derrogar o seu consentimento, isso n\u00e3o afetar\u00e1 a legalidade dos tratamentos realizados anteriormente.<\/p>\n\n\n\n<h3 class=\"wp-block-heading\"><strong>Quais os destinat\u00e1rios dos dados do utilizador?<\/strong><\/h3>\n\n\n\n<p>Os dados pessoais fornecidos pelo Utilizador n\u00e3o ser\u00e3o comunicados a terceiros, a menos que assim seja necess\u00e1rio para a presta\u00e7\u00e3o dos servi\u00e7os solicitados ou quando este tenha expressamente aceite a sua comunica\u00e7\u00e3o. Em ambos os casos, o Utilizador ser\u00e1 devidamente informado sobre essa possibilidade antes de se proceder \u00e0 comunica\u00e7\u00e3o dos seus dados pessoais.<\/p>\n\n\n\n<h3 class=\"wp-block-heading\"><strong>Qual a responsabilidade do utilizador?<\/strong><\/h3>\n\n\n\n<p>O Utilizador ser\u00e1\nrespons\u00e1vel pela confirma\u00e7\u00e3o de que os dados fornecidos \u00e0 <strong>THE SCHOOL OF WE<\/strong> s\u00e3o verdadeiros, exatos, completos e est\u00e3o\natualizados. Para estes fins, o Utilizador ser\u00e1 respons\u00e1vel pela veracidade de\ntodos os dados comunicados e dever\u00e1 manter as informa\u00e7\u00f5es fornecidas,\ndevidamente atualizadas, de forma que correspondam \u00e0 sua situa\u00e7\u00e3o presente.<\/p>\n\n\n\n<p>Da mesma forma,\nser\u00e1 respons\u00e1vel por informa\u00e7\u00f5es falsas ou imprecisas fornecidas atrav\u00e9s da Web\ne por danos, diretos ou indiretos, que estes possam causar \u00e0 <strong>THE SCHOOL OF WE<\/strong> ou a terceiros.<\/p>\n\n\n\n<h3 class=\"wp-block-heading\"><strong>Quais s\u00e3o os direitos do utilizador?<\/strong><\/h3>\n\n\n\n<p>O Utilizador pode\nenviar uma carta para a morada da <strong>THE SCHOOL OF WE<\/strong> ou via e-mail <strong>hello@theschoolofwe.com<\/strong>, com a Refer\u00eancia &#8220;Prote\u00e7\u00e3o de Dados&#8221;, anexando uma fotoc\u00f3pia do\nseu documento de identidade, a qualquer momento e gratuitamente, para:<\/p>\n\n\n\n<ul class=\"wp-block-list\"><li>Revogar os consentimentos concedidos.<\/li><li>Aceder aos dados pessoais.<\/li><li>Retificar dados imprecisos ou incompletos.<\/li><li>Solicitar a elimina\u00e7\u00e3o dos seus dados\nquando, entre outras raz\u00f5es, os dados n\u00e3o forem mais necess\u00e1rios para os\nprop\u00f3sitos para os quais que foram coletados.<\/li><li>Obter, junto da <strong>THE\nSCHOOL OF WE<\/strong>, a limita\u00e7\u00e3o\ndo processamento de dados quando qualquer uma das condi\u00e7\u00f5es previstas nos\nregulamentos de prote\u00e7\u00e3o de dados forem atendidas.<\/li><li>Solicitar a portabilidade dos seus dados.<\/li><\/ul>\n\n\n\n<p>Al\u00e9m disso, o\nUtilizador pode apresentar uma reclama\u00e7\u00e3o \u00e0 Ag\u00eancia Espanhola de Prote\u00e7\u00e3o de\nDados (agpd.es) quando considerar que a <strong>THE SCHOOL OF\nWE<\/strong> violou\nos direitos que s\u00e3o reconhecidos pelas regulamenta\u00e7\u00f5es aplic\u00e1veis sobre a\nprote\u00e7\u00e3o de dados.<\/p>\n\n\n\n<p>A <strong>THE SCHOOL OF WE<\/strong> informa os utilizadores de que o exerc\u00edcio desses\ndireitos \u00e9 pessoal, de modo que apenas o Utilizador pode exercer esses direitos\ncom rela\u00e7\u00e3o aos dados pessoais dos quais \u00e9 o leg\u00edtimo propriet\u00e1rio. No entanto,\ne em casos excecionais, o representante autorizado do Utilizador poder\u00e1 exercer\nos direitos concedidos ao Utilizador nos termos estabelecidos, desde que a\nreferida comunica\u00e7\u00e3o seja acompanhada do documento que credencia essa\nrepresenta\u00e7\u00e3o.<\/p>\n\n\n\n<h3 class=\"wp-block-heading\"><strong>\u00c9 seguro fornecer dados pessoais?<\/strong><\/h3>\n\n\n\n<p>A <strong>THE SCHOOL OF WE<\/strong> tratar\u00e1 os dados do Utilizador de forma absolutamente confidencial, mantendo o dever de sigilo sobre os dados, em conformidade com as disposi\u00e7\u00f5es do regulamento de execu\u00e7\u00e3o, adotando as medidas t\u00e9cnicas e organizacionais necess\u00e1rias para garantir a seguran\u00e7a dos seus dados e evitar a sua altera\u00e7\u00e3o, perda, tratamento ou acesso n\u00e3o autorizado, tendo em considera\u00e7\u00e3o o estado da tecnologia, a natureza dos dados armazenados e os riscos a que est\u00e3o expostos.<\/p>\n\n\n\n<h3 class=\"wp-block-heading\"><strong>A pol\u00edtica de privacidade pode alterar?<\/strong><\/h3>\n\n\n\n<p>A <strong>THE SCHOOL OF WE<\/strong> reserva-se o direito de alterar esta Pol\u00edtica de\nPrivacidade, de forma a adapt\u00e1-la \u00e0s novidades legislativas que possam ser\napropriadas. Nesses casos, anunciar\u00e1 na Web as altera\u00e7\u00f5es introduzidas com uma\nanteced\u00eancia razo\u00e1vel face \u00e0 sua implementa\u00e7\u00e3o.<\/p>\n\n\n\n<p><small>\u00daltima\natualiza\u00e7\u00e3o: 25 de janeiro de 2020<\/small><\/p>\n","protected":false},"excerpt":{"rendered":"<p>Quem \u00e9 a pessoa respons\u00e1vel pelo processamento de dados pessoais? De acordo com as disposi\u00e7\u00f5es do Regulamento (UE) 2016\/679 de Prote\u00e7\u00e3o de Dados (RGPD) e outros regulamentos em vigor, informamos que os dados pessoais que nos forne\u00e7a ao usar o site www.theschoolofwe.com (doravante &#8220;Web&#8221;) ser\u00e3o tratados pela pessoa respons\u00e1vel pelo seu processamento na INNOVACION PARA [&#8230;]<\/p>\n<p><a class=\"btn btn-secondary understrap-read-more-link\" href=\"https:\/\/theschoolofwe.com\/pt-pt\/politica-de-privacidade\/\">Continuar a ler&#8230;<\/a><\/p>\n","protected":false},"author":1,"featured_media":0,"parent":0,"menu_order":0,"comment_status":"closed","ping_status":"open","template":"page-templates\/defaultpage-with-container.php","meta":{"_acf_changed":false,"content-type":"","inline_featured_image":false,"footnotes":""},"class_list":["post-481","page","type-page","status-publish","hentry"],"acf":[],"yoast_head":"<!-- This site is optimized with the Yoast SEO plugin v27.6 - https:\/\/yoast.com\/product\/yoast-seo-wordpress\/ -->\n<title>Pol\u00edtica de Privacidade da The School of We<\/title>\n<meta name=\"robots\" content=\"index, follow, max-snippet:-1, max-image-preview:large, max-video-preview:-1\" \/>\n<link rel=\"canonical\" href=\"https:\/\/theschoolofwe.com\/privacy-policy-the-school-of-we\/\" \/>\n<meta property=\"og:locale\" content=\"pt_PT\" \/>\n<meta property=\"og:type\" content=\"article\" \/>\n<meta property=\"og:title\" content=\"Pol\u00edtica de Privacidade da The School of We\" \/>\n<meta property=\"og:description\" content=\"Quem \u00e9 a pessoa respons\u00e1vel pelo processamento de dados pessoais? De acordo com as disposi\u00e7\u00f5es do Regulamento (UE) 2016\/679 de Prote\u00e7\u00e3o de Dados (RGPD) e outros regulamentos em vigor, informamos que os dados pessoais que nos forne\u00e7a ao usar o site www.theschoolofwe.com (doravante &#8220;Web&#8221;) ser\u00e3o tratados pela pessoa respons\u00e1vel pelo seu processamento na INNOVACION PARA [...]Continuar a ler...\" \/>\n<meta property=\"og:url\" content=\"https:\/\/theschoolofwe.com\/privacy-policy-the-school-of-we\/\" \/>\n<meta property=\"og:site_name\" content=\"The School of We\" \/>\n<meta property=\"article:modified_time\" content=\"2020-02-17T11:16:41+00:00\" \/>\n<meta name=\"twitter:card\" content=\"summary_large_image\" \/>\n<meta name=\"twitter:label1\" content=\"Tempo estimado de leitura\" \/>\n\t<meta name=\"twitter:data1\" content=\"8 minutos\" \/>\n<script type=\"application\/ld+json\" class=\"yoast-schema-graph\">{\"@context\":\"https:\\\/\\\/schema.org\",\"@graph\":[{\"@type\":\"WebPage\",\"@id\":\"https:\\\/\\\/theschoolofwe.com\\\/privacy-policy-the-school-of-we\\\/\",\"url\":\"https:\\\/\\\/theschoolofwe.com\\\/privacy-policy-the-school-of-we\\\/\",\"name\":\"Pol\u00edtica de Privacidade da The School of We\",\"isPartOf\":{\"@id\":\"https:\\\/\\\/theschoolofwe.com\\\/es\\\/#website\"},\"datePublished\":\"2020-01-28T12:39:33+00:00\",\"dateModified\":\"2020-02-17T11:16:41+00:00\",\"breadcrumb\":{\"@id\":\"https:\\\/\\\/theschoolofwe.com\\\/privacy-policy-the-school-of-we\\\/#breadcrumb\"},\"inLanguage\":\"pt-PT\",\"potentialAction\":[{\"@type\":\"ReadAction\",\"target\":[\"https:\\\/\\\/theschoolofwe.com\\\/privacy-policy-the-school-of-we\\\/\"]}]},{\"@type\":\"BreadcrumbList\",\"@id\":\"https:\\\/\\\/theschoolofwe.com\\\/privacy-policy-the-school-of-we\\\/#breadcrumb\",\"itemListElement\":[{\"@type\":\"ListItem\",\"position\":1,\"name\":\"Home\",\"item\":\"https:\\\/\\\/theschoolofwe.com\\\/pt-pt\\\/\"},{\"@type\":\"ListItem\",\"position\":2,\"name\":\"Pol\u00edtica de privacidade\"}]},{\"@type\":\"WebSite\",\"@id\":\"https:\\\/\\\/theschoolofwe.com\\\/es\\\/#website\",\"url\":\"https:\\\/\\\/theschoolofwe.com\\\/es\\\/\",\"name\":\"The School of We\",\"description\":\"Relearning love in business, society and the self\",\"potentialAction\":[{\"@type\":\"SearchAction\",\"target\":{\"@type\":\"EntryPoint\",\"urlTemplate\":\"https:\\\/\\\/theschoolofwe.com\\\/es\\\/?s={search_term_string}\"},\"query-input\":{\"@type\":\"PropertyValueSpecification\",\"valueRequired\":true,\"valueName\":\"search_term_string\"}}],\"inLanguage\":\"pt-PT\"}]}<\/script>\n<!-- \/ Yoast SEO plugin. -->","yoast_head_json":{"title":"Pol\u00edtica de Privacidade da The School of We","robots":{"index":"index","follow":"follow","max-snippet":"max-snippet:-1","max-image-preview":"max-image-preview:large","max-video-preview":"max-video-preview:-1"},"canonical":"https:\/\/theschoolofwe.com\/privacy-policy-the-school-of-we\/","og_locale":"pt_PT","og_type":"article","og_title":"Pol\u00edtica de Privacidade da The School of We","og_description":"Quem \u00e9 a pessoa respons\u00e1vel pelo processamento de dados pessoais? De acordo com as disposi\u00e7\u00f5es do Regulamento (UE) 2016\/679 de Prote\u00e7\u00e3o de Dados (RGPD) e outros regulamentos em vigor, informamos que os dados pessoais que nos forne\u00e7a ao usar o site www.theschoolofwe.com (doravante &#8220;Web&#8221;) ser\u00e3o tratados pela pessoa respons\u00e1vel pelo seu processamento na INNOVACION PARA [...]Continuar a ler...","og_url":"https:\/\/theschoolofwe.com\/privacy-policy-the-school-of-we\/","og_site_name":"The School of We","article_modified_time":"2020-02-17T11:16:41+00:00","twitter_card":"summary_large_image","twitter_misc":{"Tempo estimado de leitura":"8 minutos"},"schema":{"@context":"https:\/\/schema.org","@graph":[{"@type":"WebPage","@id":"https:\/\/theschoolofwe.com\/privacy-policy-the-school-of-we\/","url":"https:\/\/theschoolofwe.com\/privacy-policy-the-school-of-we\/","name":"Pol\u00edtica de Privacidade da The School of We","isPartOf":{"@id":"https:\/\/theschoolofwe.com\/es\/#website"},"datePublished":"2020-01-28T12:39:33+00:00","dateModified":"2020-02-17T11:16:41+00:00","breadcrumb":{"@id":"https:\/\/theschoolofwe.com\/privacy-policy-the-school-of-we\/#breadcrumb"},"inLanguage":"pt-PT","potentialAction":[{"@type":"ReadAction","target":["https:\/\/theschoolofwe.com\/privacy-policy-the-school-of-we\/"]}]},{"@type":"BreadcrumbList","@id":"https:\/\/theschoolofwe.com\/privacy-policy-the-school-of-we\/#breadcrumb","itemListElement":[{"@type":"ListItem","position":1,"name":"Home","item":"https:\/\/theschoolofwe.com\/pt-pt\/"},{"@type":"ListItem","position":2,"name":"Pol\u00edtica de privacidade"}]},{"@type":"WebSite","@id":"https:\/\/theschoolofwe.com\/es\/#website","url":"https:\/\/theschoolofwe.com\/es\/","name":"The School of We","description":"Relearning love in business, society and the self","potentialAction":[{"@type":"SearchAction","target":{"@type":"EntryPoint","urlTemplate":"https:\/\/theschoolofwe.com\/es\/?s={search_term_string}"},"query-input":{"@type":"PropertyValueSpecification","valueRequired":true,"valueName":"search_term_string"}}],"inLanguage":"pt-PT"}]}},"post_mailing_queue_ids":[],"_links":{"self":[{"href":"https:\/\/theschoolofwe.com\/pt-pt\/wp-json\/wp\/v2\/pages\/481","targetHints":{"allow":["GET"]}}],"collection":[{"href":"https:\/\/theschoolofwe.com\/pt-pt\/wp-json\/wp\/v2\/pages"}],"about":[{"href":"https:\/\/theschoolofwe.com\/pt-pt\/wp-json\/wp\/v2\/types\/page"}],"author":[{"embeddable":true,"href":"https:\/\/theschoolofwe.com\/pt-pt\/wp-json\/wp\/v2\/users\/1"}],"replies":[{"embeddable":true,"href":"https:\/\/theschoolofwe.com\/pt-pt\/wp-json\/wp\/v2\/comments?post=481"}],"version-history":[{"count":1,"href":"https:\/\/theschoolofwe.com\/pt-pt\/wp-json\/wp\/v2\/pages\/481\/revisions"}],"predecessor-version":[{"id":482,"href":"https:\/\/theschoolofwe.com\/pt-pt\/wp-json\/wp\/v2\/pages\/481\/revisions\/482"}],"wp:attachment":[{"href":"https:\/\/theschoolofwe.com\/pt-pt\/wp-json\/wp\/v2\/media?parent=481"}],"curies":[{"name":"wp","href":"https:\/\/api.w.org\/{rel}","templated":true}]}}