{"id":4989,"date":"2022-06-23T08:41:20","date_gmt":"2022-06-23T08:41:20","guid":{"rendered":"https:\/\/theschoolofwe.com\/?page_id=4989"},"modified":"2022-07-04T12:18:26","modified_gmt":"2022-07-04T12:18:26","slug":"servicos","status":"publish","type":"page","link":"https:\/\/theschoolofwe.com\/pt-pt\/servicos\/","title":{"rendered":"Servi\u00e7os"},"content":{"rendered":"\n<div class=\"wp-block-columns container recursos is-layout-flex wp-container-core-columns-is-layout-9d6595d7 wp-block-columns-is-layout-flex\">\n<div class=\"wp-block-column is-layout-flow wp-block-column-is-layout-flow\">\n<div class=\"wp-block-image\"><figure class=\"aligncenter size-large\"><a href=\"https:\/\/theschoolofwe.com\/pt-pt\/servicos\/programa-bem-estar-emocional-mental\/\"><img decoding=\"async\" width=\"640\" height=\"400\" data-src=\"https:\/\/theschoolofwe.com\/wp-content\/uploads\/2022\/07\/servicios-programa-base.jpg\" alt=\"Programa de bem-estar emocional e mental\" class=\"wp-image-5553 lazyload\" data-srcset=\"https:\/\/theschoolofwe.com\/wp-content\/uploads\/2022\/07\/servicios-programa-base.jpg 640w, https:\/\/theschoolofwe.com\/wp-content\/uploads\/2022\/07\/servicios-programa-base-300x188.jpg 300w, https:\/\/theschoolofwe.com\/wp-content\/uploads\/2022\/07\/servicios-programa-base-600x375.jpg 600w\" data-sizes=\"(max-width: 640px) 100vw, 640px\" src=\"data:image\/svg+xml;base64,PHN2ZyB3aWR0aD0iMSIgaGVpZ2h0PSIxIiB4bWxucz0iaHR0cDovL3d3dy53My5vcmcvMjAwMC9zdmciPjwvc3ZnPg==\" style=\"--smush-placeholder-width: 640px; --smush-placeholder-aspect-ratio: 640\/400;\" \/><\/a><figcaption><a href=\"https:\/\/theschoolofwe.com\/pt-pt\/servicos\/programa-bem-estar-emocional-mental\/\">Programa de Bem-estar Emocional e Mental<\/a><\/figcaption><\/figure><\/div>\n<\/div>\n\n\n\n<div class=\"wp-block-column is-layout-flow wp-block-column-is-layout-flow\">\n<div class=\"wp-block-image\"><figure class=\"aligncenter size-large\"><a href=\"https:\/\/theschoolofwe.com\/pt-pt\/servicos\/programa-search-inside-yourself\/\"><img decoding=\"async\" width=\"640\" height=\"400\" data-src=\"https:\/\/theschoolofwe.com\/wp-content\/uploads\/2022\/07\/servicios-programa-search-inside-yourself.jpg\" alt=\"Programa Search Inside Yourself\" class=\"wp-image-5558 lazyload\" data-srcset=\"https:\/\/theschoolofwe.com\/wp-content\/uploads\/2022\/07\/servicios-programa-search-inside-yourself.jpg 640w, https:\/\/theschoolofwe.com\/wp-content\/uploads\/2022\/07\/servicios-programa-search-inside-yourself-300x188.jpg 300w, https:\/\/theschoolofwe.com\/wp-content\/uploads\/2022\/07\/servicios-programa-search-inside-yourself-600x375.jpg 600w\" data-sizes=\"(max-width: 640px) 100vw, 640px\" src=\"data:image\/svg+xml;base64,PHN2ZyB3aWR0aD0iMSIgaGVpZ2h0PSIxIiB4bWxucz0iaHR0cDovL3d3dy53My5vcmcvMjAwMC9zdmciPjwvc3ZnPg==\" style=\"--smush-placeholder-width: 640px; --smush-placeholder-aspect-ratio: 640\/400;\" \/><\/a><figcaption><a href=\"https:\/\/theschoolofwe.com\/pt-pt\/servicos\/programa-search-inside-yourself\/\">Programa Search Inside Yourself<\/a><\/figcaption><\/figure><\/div>\n<\/div>\n<\/div>\n\n\n\n<div class=\"wp-block-columns container recursos is-layout-flex wp-container-core-columns-is-layout-9d6595d7 wp-block-columns-is-layout-flex\">\n<div class=\"wp-block-column is-layout-flow wp-block-column-is-layout-flow\">\n<div class=\"wp-block-image\"><figure class=\"aligncenter size-large\"><a href=\"https:\/\/theschoolofwe.com\/pt-pt\/servicos\/programas-complementares\/\"><img decoding=\"async\" width=\"640\" height=\"400\" data-src=\"https:\/\/theschoolofwe.com\/wp-content\/uploads\/2022\/07\/servicios-programa-complementares.jpg\" alt=\"Programas complementares\" class=\"wp-image-5571 lazyload\" data-srcset=\"https:\/\/theschoolofwe.com\/wp-content\/uploads\/2022\/07\/servicios-programa-complementares.jpg 640w, https:\/\/theschoolofwe.com\/wp-content\/uploads\/2022\/07\/servicios-programa-complementares-300x188.jpg 300w, https:\/\/theschoolofwe.com\/wp-content\/uploads\/2022\/07\/servicios-programa-complementares-600x375.jpg 600w\" data-sizes=\"(max-width: 640px) 100vw, 640px\" src=\"data:image\/svg+xml;base64,PHN2ZyB3aWR0aD0iMSIgaGVpZ2h0PSIxIiB4bWxucz0iaHR0cDovL3d3dy53My5vcmcvMjAwMC9zdmciPjwvc3ZnPg==\" style=\"--smush-placeholder-width: 640px; --smush-placeholder-aspect-ratio: 640\/400;\" \/><\/a><figcaption><a href=\"https:\/\/theschoolofwe.com\/pt-pt\/servicos\/programas-complementares\/\">Programas complementares<\/a><\/figcaption><\/figure><\/div>\n<\/div>\n\n\n\n<div class=\"wp-block-column is-layout-flow wp-block-column-is-layout-flow\">\n<div class=\"wp-block-image\"><figure class=\"aligncenter size-large\"><a href=\"https:\/\/theschoolofwe.com\/pt-pt\/servicos\/comunidade\/\"><img decoding=\"async\" width=\"640\" height=\"400\" data-src=\"https:\/\/theschoolofwe.com\/wp-content\/uploads\/2022\/07\/servicios-comunidade.jpg\" alt=\"Comunidade\" class=\"wp-image-5562 lazyload\" data-srcset=\"https:\/\/theschoolofwe.com\/wp-content\/uploads\/2022\/07\/servicios-comunidade.jpg 640w, https:\/\/theschoolofwe.com\/wp-content\/uploads\/2022\/07\/servicios-comunidade-300x188.jpg 300w, https:\/\/theschoolofwe.com\/wp-content\/uploads\/2022\/07\/servicios-comunidade-600x375.jpg 600w\" data-sizes=\"(max-width: 640px) 100vw, 640px\" src=\"data:image\/svg+xml;base64,PHN2ZyB3aWR0aD0iMSIgaGVpZ2h0PSIxIiB4bWxucz0iaHR0cDovL3d3dy53My5vcmcvMjAwMC9zdmciPjwvc3ZnPg==\" style=\"--smush-placeholder-width: 640px; --smush-placeholder-aspect-ratio: 640\/400;\" \/><\/a><figcaption><a href=\"https:\/\/theschoolofwe.com\/pt-pt\/servicos\/comunidade\/\">Comunidade<\/a><\/figcaption><\/figure><\/div>\n<\/div>\n<\/div>\n\n\n\n<div class=\"wp-block-columns container recursos is-layout-flex wp-container-core-columns-is-layout-9d6595d7 wp-block-columns-is-layout-flex\">\n<div class=\"wp-block-column is-layout-flow wp-block-column-is-layout-flow\">\n<div class=\"wp-block-image\"><figure class=\"aligncenter size-large\"><a href=\"https:\/\/theschoolofwe.com\/pt-pt\/servicos\/orcamentos-precos\/\"><img decoding=\"async\" width=\"640\" height=\"400\" data-src=\"https:\/\/theschoolofwe.com\/wp-content\/uploads\/2022\/07\/servicios-precios.jpg\" alt=\"Or\u00e7amentos e Pre\u00e7os\" class=\"wp-image-5565 lazyload\" data-srcset=\"https:\/\/theschoolofwe.com\/wp-content\/uploads\/2022\/07\/servicios-precios.jpg 640w, https:\/\/theschoolofwe.com\/wp-content\/uploads\/2022\/07\/servicios-precios-300x188.jpg 300w, https:\/\/theschoolofwe.com\/wp-content\/uploads\/2022\/07\/servicios-precios-600x375.jpg 600w\" data-sizes=\"(max-width: 640px) 100vw, 640px\" src=\"data:image\/svg+xml;base64,PHN2ZyB3aWR0aD0iMSIgaGVpZ2h0PSIxIiB4bWxucz0iaHR0cDovL3d3dy53My5vcmcvMjAwMC9zdmciPjwvc3ZnPg==\" style=\"--smush-placeholder-width: 640px; --smush-placeholder-aspect-ratio: 640\/400;\" \/><\/a><figcaption><a href=\"https:\/\/theschoolofwe.com\/pt-pt\/servicos\/orcamentos-precos\/\">Or\u00e7amentos e Pre\u00e7os<\/a><\/figcaption><\/figure><\/div>\n<\/div>\n\n\n\n<div class=\"wp-block-column is-layout-flow wp-block-column-is-layout-flow\">\n<div class=\"wp-block-image\"><figure class=\"aligncenter size-large\"><a href=\"https:\/\/theschoolofwe.com\/pt-pt\/servicos\/pro-bono\/\"><img decoding=\"async\" width=\"640\" height=\"400\" data-src=\"https:\/\/theschoolofwe.com\/wp-content\/uploads\/2022\/07\/servicios-pro-bono-tsow.jpg\" alt=\"Pro-bono\" class=\"wp-image-5568 lazyload\" data-srcset=\"https:\/\/theschoolofwe.com\/wp-content\/uploads\/2022\/07\/servicios-pro-bono-tsow.jpg 640w, https:\/\/theschoolofwe.com\/wp-content\/uploads\/2022\/07\/servicios-pro-bono-tsow-300x188.jpg 300w, https:\/\/theschoolofwe.com\/wp-content\/uploads\/2022\/07\/servicios-pro-bono-tsow-600x375.jpg 600w\" data-sizes=\"(max-width: 640px) 100vw, 640px\" src=\"data:image\/svg+xml;base64,PHN2ZyB3aWR0aD0iMSIgaGVpZ2h0PSIxIiB4bWxucz0iaHR0cDovL3d3dy53My5vcmcvMjAwMC9zdmciPjwvc3ZnPg==\" style=\"--smush-placeholder-width: 640px; --smush-placeholder-aspect-ratio: 640\/400;\" \/><\/a><figcaption><a href=\"https:\/\/theschoolofwe.com\/pt-pt\/servicos\/pro-bono\/\">Pro-bono<\/a><\/figcaption><\/figure><\/div>\n<\/div>\n<\/div>\n\n\n\n<div id=\"replaceContact\"><img decoding=\"async\" src=\"https:\/\/theschoolofwe.com\/wp-content\/uploads\/2020\/02\/forms-image07-the-school-of-we.jpg\" alt=\"\" class=\"img-fluid mb-6 wp-image-95 noLazy\"><\/div>\n","protected":false},"excerpt":{"rendered":"<p> [&#8230;]<\/p>\n<p><a class=\"btn btn-secondary understrap-read-more-link\" href=\"https:\/\/theschoolofwe.com\/pt-pt\/servicos\/\">Continuar a ler&#8230;<\/a><\/p>\n","protected":false},"author":6,"featured_media":0,"parent":0,"menu_order":0,"comment_status":"closed","ping_status":"closed","template":"page-templates\/defaultpage-with-container.php","meta":{"_acf_changed":false,"content-type":"","inline_featured_image":false,"footnotes":""},"class_list":["post-4989","page","type-page","status-publish","hentry"],"acf":[],"yoast_head":"<!-- This site is optimized with the Yoast SEO plugin v27.6 - https:\/\/yoast.com\/product\/yoast-seo-wordpress\/ -->\n<title>Servi\u00e7os - The School of We - Programas mindfulness e conscientiza\u00e7\u00e3o<\/title>\n<meta name=\"description\" content=\"Nossos principais servi\u00e7os s\u00e3o os programas de Bem-Estar Emocional e Mental, programas Search Inside Yourself e programas de mindfulness e conscientiza\u00e7\u00e3o\" \/>\n<meta name=\"robots\" content=\"index, follow, max-snippet:-1, max-image-preview:large, max-video-preview:-1\" \/>\n<link rel=\"canonical\" href=\"https:\/\/theschoolofwe.com\/pt-pt\/servicos\/\" \/>\n<meta property=\"og:locale\" content=\"pt_PT\" \/>\n<meta property=\"og:type\" content=\"article\" \/>\n<meta property=\"og:title\" content=\"Servi\u00e7os - The School of We - Programas mindfulness e conscientiza\u00e7\u00e3o\" \/>\n<meta property=\"og:description\" content=\"Nossos principais servi\u00e7os s\u00e3o os programas de Bem-Estar Emocional e Mental, programas Search Inside Yourself e programas de mindfulness e conscientiza\u00e7\u00e3o\" \/>\n<meta property=\"og:url\" content=\"https:\/\/theschoolofwe.com\/pt-pt\/servicos\/\" \/>\n<meta property=\"og:site_name\" content=\"The School of We\" \/>\n<meta property=\"article:modified_time\" content=\"2022-07-04T12:18:26+00:00\" \/>\n<meta property=\"og:image\" content=\"https:\/\/theschoolofwe.com\/wp-content\/uploads\/2022\/07\/servicios-programa-base.jpg\" \/>\n\t<meta property=\"og:image:width\" content=\"640\" \/>\n\t<meta property=\"og:image:height\" content=\"400\" \/>\n\t<meta property=\"og:image:type\" content=\"image\/jpeg\" \/>\n<meta name=\"twitter:card\" content=\"summary_large_image\" \/>\n<script type=\"application\/ld+json\" class=\"yoast-schema-graph\">{\"@context\":\"https:\\\/\\\/schema.org\",\"@graph\":[{\"@type\":\"WebPage\",\"@id\":\"https:\\\/\\\/theschoolofwe.com\\\/pt-pt\\\/servicos\\\/\",\"url\":\"https:\\\/\\\/theschoolofwe.com\\\/pt-pt\\\/servicos\\\/\",\"name\":\"Servi\u00e7os - The School of We - Programas mindfulness e conscientiza\u00e7\u00e3o\",\"isPartOf\":{\"@id\":\"https:\\\/\\\/theschoolofwe.com\\\/es\\\/#website\"},\"primaryImageOfPage\":{\"@id\":\"https:\\\/\\\/theschoolofwe.com\\\/pt-pt\\\/servicos\\\/#primaryimage\"},\"image\":{\"@id\":\"https:\\\/\\\/theschoolofwe.com\\\/pt-pt\\\/servicos\\\/#primaryimage\"},\"thumbnailUrl\":\"https:\\\/\\\/theschoolofwe.com\\\/wp-content\\\/uploads\\\/2022\\\/07\\\/servicios-programa-base.jpg\",\"datePublished\":\"2022-06-23T08:41:20+00:00\",\"dateModified\":\"2022-07-04T12:18:26+00:00\",\"description\":\"Nossos principais servi\u00e7os s\u00e3o os programas de Bem-Estar Emocional e Mental, programas Search Inside Yourself e programas de mindfulness e conscientiza\u00e7\u00e3o\",\"breadcrumb\":{\"@id\":\"https:\\\/\\\/theschoolofwe.com\\\/pt-pt\\\/servicos\\\/#breadcrumb\"},\"inLanguage\":\"pt-PT\",\"potentialAction\":[{\"@type\":\"ReadAction\",\"target\":[\"https:\\\/\\\/theschoolofwe.com\\\/pt-pt\\\/servicos\\\/\"]}]},{\"@type\":\"ImageObject\",\"inLanguage\":\"pt-PT\",\"@id\":\"https:\\\/\\\/theschoolofwe.com\\\/pt-pt\\\/servicos\\\/#primaryimage\",\"url\":\"https:\\\/\\\/theschoolofwe.com\\\/wp-content\\\/uploads\\\/2022\\\/07\\\/servicios-programa-base.jpg\",\"contentUrl\":\"https:\\\/\\\/theschoolofwe.com\\\/wp-content\\\/uploads\\\/2022\\\/07\\\/servicios-programa-base.jpg\"},{\"@type\":\"BreadcrumbList\",\"@id\":\"https:\\\/\\\/theschoolofwe.com\\\/pt-pt\\\/servicos\\\/#breadcrumb\",\"itemListElement\":[{\"@type\":\"ListItem\",\"position\":1,\"name\":\"Home\",\"item\":\"https:\\\/\\\/theschoolofwe.com\\\/pt-pt\\\/\"},{\"@type\":\"ListItem\",\"position\":2,\"name\":\"Servi\u00e7os\"}]},{\"@type\":\"WebSite\",\"@id\":\"https:\\\/\\\/theschoolofwe.com\\\/es\\\/#website\",\"url\":\"https:\\\/\\\/theschoolofwe.com\\\/es\\\/\",\"name\":\"The School of We\",\"description\":\"Relearning love in business, society and the self\",\"potentialAction\":[{\"@type\":\"SearchAction\",\"target\":{\"@type\":\"EntryPoint\",\"urlTemplate\":\"https:\\\/\\\/theschoolofwe.com\\\/es\\\/?s={search_term_string}\"},\"query-input\":{\"@type\":\"PropertyValueSpecification\",\"valueRequired\":true,\"valueName\":\"search_term_string\"}}],\"inLanguage\":\"pt-PT\"}]}<\/script>\n<!-- \/ Yoast SEO plugin. -->","yoast_head_json":{"title":"Servi\u00e7os - The School of We - Programas mindfulness e conscientiza\u00e7\u00e3o","description":"Nossos principais servi\u00e7os s\u00e3o os programas de Bem-Estar Emocional e Mental, programas Search Inside Yourself e programas de mindfulness e conscientiza\u00e7\u00e3o","robots":{"index":"index","follow":"follow","max-snippet":"max-snippet:-1","max-image-preview":"max-image-preview:large","max-video-preview":"max-video-preview:-1"},"canonical":"https:\/\/theschoolofwe.com\/pt-pt\/servicos\/","og_locale":"pt_PT","og_type":"article","og_title":"Servi\u00e7os - The School of We - Programas mindfulness e conscientiza\u00e7\u00e3o","og_description":"Nossos principais servi\u00e7os s\u00e3o os programas de Bem-Estar Emocional e Mental, programas Search Inside Yourself e programas de mindfulness e conscientiza\u00e7\u00e3o","og_url":"https:\/\/theschoolofwe.com\/pt-pt\/servicos\/","og_site_name":"The School of We","article_modified_time":"2022-07-04T12:18:26+00:00","og_image":[{"width":640,"height":400,"url":"https:\/\/theschoolofwe.com\/wp-content\/uploads\/2022\/07\/servicios-programa-base.jpg","type":"image\/jpeg"}],"twitter_card":"summary_large_image","schema":{"@context":"https:\/\/schema.org","@graph":[{"@type":"WebPage","@id":"https:\/\/theschoolofwe.com\/pt-pt\/servicos\/","url":"https:\/\/theschoolofwe.com\/pt-pt\/servicos\/","name":"Servi\u00e7os - The School of We - Programas mindfulness e conscientiza\u00e7\u00e3o","isPartOf":{"@id":"https:\/\/theschoolofwe.com\/es\/#website"},"primaryImageOfPage":{"@id":"https:\/\/theschoolofwe.com\/pt-pt\/servicos\/#primaryimage"},"image":{"@id":"https:\/\/theschoolofwe.com\/pt-pt\/servicos\/#primaryimage"},"thumbnailUrl":"https:\/\/theschoolofwe.com\/wp-content\/uploads\/2022\/07\/servicios-programa-base.jpg","datePublished":"2022-06-23T08:41:20+00:00","dateModified":"2022-07-04T12:18:26+00:00","description":"Nossos principais servi\u00e7os s\u00e3o os programas de Bem-Estar Emocional e Mental, programas Search Inside Yourself e programas de mindfulness e conscientiza\u00e7\u00e3o","breadcrumb":{"@id":"https:\/\/theschoolofwe.com\/pt-pt\/servicos\/#breadcrumb"},"inLanguage":"pt-PT","potentialAction":[{"@type":"ReadAction","target":["https:\/\/theschoolofwe.com\/pt-pt\/servicos\/"]}]},{"@type":"ImageObject","inLanguage":"pt-PT","@id":"https:\/\/theschoolofwe.com\/pt-pt\/servicos\/#primaryimage","url":"https:\/\/theschoolofwe.com\/wp-content\/uploads\/2022\/07\/servicios-programa-base.jpg","contentUrl":"https:\/\/theschoolofwe.com\/wp-content\/uploads\/2022\/07\/servicios-programa-base.jpg"},{"@type":"BreadcrumbList","@id":"https:\/\/theschoolofwe.com\/pt-pt\/servicos\/#breadcrumb","itemListElement":[{"@type":"ListItem","position":1,"name":"Home","item":"https:\/\/theschoolofwe.com\/pt-pt\/"},{"@type":"ListItem","position":2,"name":"Servi\u00e7os"}]},{"@type":"WebSite","@id":"https:\/\/theschoolofwe.com\/es\/#website","url":"https:\/\/theschoolofwe.com\/es\/","name":"The School of We","description":"Relearning love in business, society and the self","potentialAction":[{"@type":"SearchAction","target":{"@type":"EntryPoint","urlTemplate":"https:\/\/theschoolofwe.com\/es\/?s={search_term_string}"},"query-input":{"@type":"PropertyValueSpecification","valueRequired":true,"valueName":"search_term_string"}}],"inLanguage":"pt-PT"}]}},"post_mailing_queue_ids":[],"_links":{"self":[{"href":"https:\/\/theschoolofwe.com\/pt-pt\/wp-json\/wp\/v2\/pages\/4989","targetHints":{"allow":["GET"]}}],"collection":[{"href":"https:\/\/theschoolofwe.com\/pt-pt\/wp-json\/wp\/v2\/pages"}],"about":[{"href":"https:\/\/theschoolofwe.com\/pt-pt\/wp-json\/wp\/v2\/types\/page"}],"author":[{"embeddable":true,"href":"https:\/\/theschoolofwe.com\/pt-pt\/wp-json\/wp\/v2\/users\/6"}],"replies":[{"embeddable":true,"href":"https:\/\/theschoolofwe.com\/pt-pt\/wp-json\/wp\/v2\/comments?post=4989"}],"version-history":[{"count":10,"href":"https:\/\/theschoolofwe.com\/pt-pt\/wp-json\/wp\/v2\/pages\/4989\/revisions"}],"predecessor-version":[{"id":5786,"href":"https:\/\/theschoolofwe.com\/pt-pt\/wp-json\/wp\/v2\/pages\/4989\/revisions\/5786"}],"wp:attachment":[{"href":"https:\/\/theschoolofwe.com\/pt-pt\/wp-json\/wp\/v2\/media?parent=4989"}],"curies":[{"name":"wp","href":"https:\/\/api.w.org\/{rel}","templated":true}]}}