{"id":4992,"date":"2022-06-23T08:44:29","date_gmt":"2022-06-23T08:44:29","guid":{"rendered":"https:\/\/theschoolofwe.com\/?page_id=4992"},"modified":"2022-07-04T12:13:07","modified_gmt":"2022-07-04T12:13:07","slug":"orcamentos-precos","status":"publish","type":"page","link":"https:\/\/theschoolofwe.com\/pt-pt\/servicos\/orcamentos-precos\/","title":{"rendered":"Or\u00e7amentos e Pre\u00e7os"},"content":{"rendered":"\n<blockquote class=\"blockquote blockquote--border border-top--primary-color border-bottom--primary-color padding-regular\"><p class=\"text-primary text-center\" style=\"max-width:720px; margin: auto;\">Na <strong>The School of We<\/strong>, queremos que os professores tenham uma <strong>retribui\u00e7\u00e3o justa<\/strong> para que possam viver uma <strong>vida digna<\/strong>. Tamb\u00e9m queremos que nossos professores <strong>continuem crescendo<\/strong> pessoal e profissionalmente para que possam servir plenamente as pessoas, as empresas e a sociedade, agora e no futuro. <\/p><\/blockquote>\n\n\n\n<p class=\"justify-2\">Por essa raz\u00e3o definimos um valor de <strong>\u20ac 150<\/strong> por hora nos nossos programas e workshops para 2022, considerando o tempo efetivo de ensino e<strong> 20%<\/strong> de tempo de prepara\u00e7\u00e3o.<\/p>\n\n\n\n<p class=\"justify-2\"><img decoding=\"async\" style=\"--smush-placeholder-width: 100px; --smush-placeholder-aspect-ratio: 100\/94;float:left;width:100px; height:auto;\" alt=\"PAY WHAT YOU CAN\" data-src=\"https:\/\/theschoolofwe.com\/wp-content\/uploads\/2022\/07\/img-pay-what-you-can-tsow.gif\" src=\"data:image\/svg+xml;base64,PHN2ZyB3aWR0aD0iMSIgaGVpZ2h0PSIxIiB4bWxucz0iaHR0cDovL3d3dy53My5vcmcvMjAwMC9zdmciPjwvc3ZnPg==\" class=\"lazyload\"> Acreditamos tamb\u00e9m que o dinheiro n\u00e3o deve ser um impeditivo para nos envolvermos em projetos que nos apaixonem. Por isso confiamos nos nossos clientes e criamos abertura para que proponham outro pre\u00e7o, caso haja alguma limita\u00e7\u00e3o econ\u00f3mica.<\/p><br style=\"clear:both;\">\n\n\n\n<p class=\"justify-2\"><small>Os pre\u00e7os indicados nas nossas propostas n\u00e3o incluem IVA. Os pre\u00e7os n\u00e3o incluem pre\u00e7o de sala, refei\u00e7\u00f5es ou alojamento. Para a or\u00e7amenta\u00e7\u00e3o, consideramos +50% em programas customizados (diagn\u00f3stico, desenho e prepara\u00e7\u00e3o); +10% para programas apenas online ou presenciais com mais que 2 sess\u00f5es; e +10% quando utilizados mais que dois idiomas (Portugu\u00eas, Ingl\u00eas ou Espanhol)<\/small><\/p>\n","protected":false},"excerpt":{"rendered":"<p>Na The School of We, queremos que os professores tenham uma retribui\u00e7\u00e3o justa para que possam viver uma vida digna. Tamb\u00e9m queremos que nossos professores continuem crescendo pessoal e profissionalmente para que possam servir plenamente as pessoas, as empresas e a sociedade, agora e no futuro. Por essa raz\u00e3o definimos um valor de \u20ac 150 [&#8230;]<\/p>\n<p><a class=\"btn btn-secondary understrap-read-more-link\" href=\"https:\/\/theschoolofwe.com\/pt-pt\/servicos\/orcamentos-precos\/\">Continuar a ler&#8230;<\/a><\/p>\n","protected":false},"author":6,"featured_media":4998,"parent":4989,"menu_order":0,"comment_status":"closed","ping_status":"closed","template":"page-templates\/defaultpage-with-container.php","meta":{"_acf_changed":false,"content-type":"","inline_featured_image":false,"footnotes":""},"class_list":["post-4992","page","type-page","status-publish","has-post-thumbnail","hentry"],"acf":[],"yoast_head":"<!-- This site is optimized with the Yoast SEO plugin v27.6 - https:\/\/yoast.com\/product\/yoast-seo-wordpress\/ -->\n<title>Or\u00e7amentos e Pre\u00e7os - The School of We<\/title>\n<meta name=\"robots\" content=\"index, follow, max-snippet:-1, max-image-preview:large, max-video-preview:-1\" \/>\n<link rel=\"canonical\" href=\"https:\/\/theschoolofwe.com\/services\/price-policy\/\" \/>\n<meta property=\"og:locale\" content=\"pt_PT\" \/>\n<meta property=\"og:type\" content=\"article\" \/>\n<meta property=\"og:title\" content=\"Or\u00e7amentos e Pre\u00e7os - The School of We\" \/>\n<meta property=\"og:description\" content=\"Na The School of We, queremos que os professores tenham uma retribui\u00e7\u00e3o justa para que possam viver uma vida digna. Tamb\u00e9m queremos que nossos professores continuem crescendo pessoal e profissionalmente para que possam servir plenamente as pessoas, as empresas e a sociedade, agora e no futuro. Por essa raz\u00e3o definimos um valor de \u20ac 150 [...]Continuar a ler...\" \/>\n<meta property=\"og:url\" content=\"https:\/\/theschoolofwe.com\/services\/price-policy\/\" \/>\n<meta property=\"og:site_name\" content=\"The School of We\" \/>\n<meta property=\"article:modified_time\" content=\"2022-07-04T12:13:07+00:00\" \/>\n<meta property=\"og:image\" content=\"https:\/\/theschoolofwe.com\/wp-content\/uploads\/2022\/06\/bg-precios.jpg\" \/>\n\t<meta property=\"og:image:width\" content=\"1640\" \/>\n\t<meta property=\"og:image:height\" content=\"592\" \/>\n\t<meta property=\"og:image:type\" content=\"image\/jpeg\" \/>\n<meta name=\"twitter:card\" content=\"summary_large_image\" \/>\n<meta name=\"twitter:label1\" content=\"Tempo estimado de leitura\" \/>\n\t<meta name=\"twitter:data1\" content=\"1 minuto\" \/>\n<script type=\"application\/ld+json\" class=\"yoast-schema-graph\">{\"@context\":\"https:\\\/\\\/schema.org\",\"@graph\":[{\"@type\":\"WebPage\",\"@id\":\"https:\\\/\\\/theschoolofwe.com\\\/services\\\/price-policy\\\/\",\"url\":\"https:\\\/\\\/theschoolofwe.com\\\/services\\\/price-policy\\\/\",\"name\":\"Or\u00e7amentos e Pre\u00e7os - The School of We\",\"isPartOf\":{\"@id\":\"https:\\\/\\\/theschoolofwe.com\\\/es\\\/#website\"},\"primaryImageOfPage\":{\"@id\":\"https:\\\/\\\/theschoolofwe.com\\\/services\\\/price-policy\\\/#primaryimage\"},\"image\":{\"@id\":\"https:\\\/\\\/theschoolofwe.com\\\/services\\\/price-policy\\\/#primaryimage\"},\"thumbnailUrl\":\"https:\\\/\\\/theschoolofwe.com\\\/wp-content\\\/uploads\\\/2022\\\/06\\\/bg-precios.jpg\",\"datePublished\":\"2022-06-23T08:44:29+00:00\",\"dateModified\":\"2022-07-04T12:13:07+00:00\",\"breadcrumb\":{\"@id\":\"https:\\\/\\\/theschoolofwe.com\\\/services\\\/price-policy\\\/#breadcrumb\"},\"inLanguage\":\"pt-PT\",\"potentialAction\":[{\"@type\":\"ReadAction\",\"target\":[\"https:\\\/\\\/theschoolofwe.com\\\/services\\\/price-policy\\\/\"]}]},{\"@type\":\"ImageObject\",\"inLanguage\":\"pt-PT\",\"@id\":\"https:\\\/\\\/theschoolofwe.com\\\/services\\\/price-policy\\\/#primaryimage\",\"url\":\"https:\\\/\\\/theschoolofwe.com\\\/wp-content\\\/uploads\\\/2022\\\/06\\\/bg-precios.jpg\",\"contentUrl\":\"https:\\\/\\\/theschoolofwe.com\\\/wp-content\\\/uploads\\\/2022\\\/06\\\/bg-precios.jpg\",\"width\":1640,\"height\":592},{\"@type\":\"BreadcrumbList\",\"@id\":\"https:\\\/\\\/theschoolofwe.com\\\/services\\\/price-policy\\\/#breadcrumb\",\"itemListElement\":[{\"@type\":\"ListItem\",\"position\":1,\"name\":\"Home\",\"item\":\"https:\\\/\\\/theschoolofwe.com\\\/pt-pt\\\/\"},{\"@type\":\"ListItem\",\"position\":2,\"name\":\"Servi\u00e7os\",\"item\":\"https:\\\/\\\/theschoolofwe.com\\\/pt-pt\\\/servicos\\\/\"},{\"@type\":\"ListItem\",\"position\":3,\"name\":\"Or\u00e7amentos e Pre\u00e7os\"}]},{\"@type\":\"WebSite\",\"@id\":\"https:\\\/\\\/theschoolofwe.com\\\/es\\\/#website\",\"url\":\"https:\\\/\\\/theschoolofwe.com\\\/es\\\/\",\"name\":\"The School of We\",\"description\":\"Relearning love in business, society and the self\",\"potentialAction\":[{\"@type\":\"SearchAction\",\"target\":{\"@type\":\"EntryPoint\",\"urlTemplate\":\"https:\\\/\\\/theschoolofwe.com\\\/es\\\/?s={search_term_string}\"},\"query-input\":{\"@type\":\"PropertyValueSpecification\",\"valueRequired\":true,\"valueName\":\"search_term_string\"}}],\"inLanguage\":\"pt-PT\"}]}<\/script>\n<!-- \/ Yoast SEO plugin. -->","yoast_head_json":{"title":"Or\u00e7amentos e Pre\u00e7os - The School of We","robots":{"index":"index","follow":"follow","max-snippet":"max-snippet:-1","max-image-preview":"max-image-preview:large","max-video-preview":"max-video-preview:-1"},"canonical":"https:\/\/theschoolofwe.com\/services\/price-policy\/","og_locale":"pt_PT","og_type":"article","og_title":"Or\u00e7amentos e Pre\u00e7os - The School of We","og_description":"Na The School of We, queremos que os professores tenham uma retribui\u00e7\u00e3o justa para que possam viver uma vida digna. Tamb\u00e9m queremos que nossos professores continuem crescendo pessoal e profissionalmente para que possam servir plenamente as pessoas, as empresas e a sociedade, agora e no futuro. Por essa raz\u00e3o definimos um valor de \u20ac 150 [...]Continuar a ler...","og_url":"https:\/\/theschoolofwe.com\/services\/price-policy\/","og_site_name":"The School of We","article_modified_time":"2022-07-04T12:13:07+00:00","og_image":[{"width":1640,"height":592,"url":"https:\/\/theschoolofwe.com\/wp-content\/uploads\/2022\/06\/bg-precios.jpg","type":"image\/jpeg"}],"twitter_card":"summary_large_image","twitter_misc":{"Tempo estimado de leitura":"1 minuto"},"schema":{"@context":"https:\/\/schema.org","@graph":[{"@type":"WebPage","@id":"https:\/\/theschoolofwe.com\/services\/price-policy\/","url":"https:\/\/theschoolofwe.com\/services\/price-policy\/","name":"Or\u00e7amentos e Pre\u00e7os - The School of We","isPartOf":{"@id":"https:\/\/theschoolofwe.com\/es\/#website"},"primaryImageOfPage":{"@id":"https:\/\/theschoolofwe.com\/services\/price-policy\/#primaryimage"},"image":{"@id":"https:\/\/theschoolofwe.com\/services\/price-policy\/#primaryimage"},"thumbnailUrl":"https:\/\/theschoolofwe.com\/wp-content\/uploads\/2022\/06\/bg-precios.jpg","datePublished":"2022-06-23T08:44:29+00:00","dateModified":"2022-07-04T12:13:07+00:00","breadcrumb":{"@id":"https:\/\/theschoolofwe.com\/services\/price-policy\/#breadcrumb"},"inLanguage":"pt-PT","potentialAction":[{"@type":"ReadAction","target":["https:\/\/theschoolofwe.com\/services\/price-policy\/"]}]},{"@type":"ImageObject","inLanguage":"pt-PT","@id":"https:\/\/theschoolofwe.com\/services\/price-policy\/#primaryimage","url":"https:\/\/theschoolofwe.com\/wp-content\/uploads\/2022\/06\/bg-precios.jpg","contentUrl":"https:\/\/theschoolofwe.com\/wp-content\/uploads\/2022\/06\/bg-precios.jpg","width":1640,"height":592},{"@type":"BreadcrumbList","@id":"https:\/\/theschoolofwe.com\/services\/price-policy\/#breadcrumb","itemListElement":[{"@type":"ListItem","position":1,"name":"Home","item":"https:\/\/theschoolofwe.com\/pt-pt\/"},{"@type":"ListItem","position":2,"name":"Servi\u00e7os","item":"https:\/\/theschoolofwe.com\/pt-pt\/servicos\/"},{"@type":"ListItem","position":3,"name":"Or\u00e7amentos e Pre\u00e7os"}]},{"@type":"WebSite","@id":"https:\/\/theschoolofwe.com\/es\/#website","url":"https:\/\/theschoolofwe.com\/es\/","name":"The School of We","description":"Relearning love in business, society and the self","potentialAction":[{"@type":"SearchAction","target":{"@type":"EntryPoint","urlTemplate":"https:\/\/theschoolofwe.com\/es\/?s={search_term_string}"},"query-input":{"@type":"PropertyValueSpecification","valueRequired":true,"valueName":"search_term_string"}}],"inLanguage":"pt-PT"}]}},"post_mailing_queue_ids":[],"_links":{"self":[{"href":"https:\/\/theschoolofwe.com\/pt-pt\/wp-json\/wp\/v2\/pages\/4992","targetHints":{"allow":["GET"]}}],"collection":[{"href":"https:\/\/theschoolofwe.com\/pt-pt\/wp-json\/wp\/v2\/pages"}],"about":[{"href":"https:\/\/theschoolofwe.com\/pt-pt\/wp-json\/wp\/v2\/types\/page"}],"author":[{"embeddable":true,"href":"https:\/\/theschoolofwe.com\/pt-pt\/wp-json\/wp\/v2\/users\/6"}],"replies":[{"embeddable":true,"href":"https:\/\/theschoolofwe.com\/pt-pt\/wp-json\/wp\/v2\/comments?post=4992"}],"version-history":[{"count":18,"href":"https:\/\/theschoolofwe.com\/pt-pt\/wp-json\/wp\/v2\/pages\/4992\/revisions"}],"predecessor-version":[{"id":5779,"href":"https:\/\/theschoolofwe.com\/pt-pt\/wp-json\/wp\/v2\/pages\/4992\/revisions\/5779"}],"up":[{"embeddable":true,"href":"https:\/\/theschoolofwe.com\/pt-pt\/wp-json\/wp\/v2\/pages\/4989"}],"wp:featuredmedia":[{"embeddable":true,"href":"https:\/\/theschoolofwe.com\/pt-pt\/wp-json\/wp\/v2\/media\/4998"}],"wp:attachment":[{"href":"https:\/\/theschoolofwe.com\/pt-pt\/wp-json\/wp\/v2\/media?parent=4992"}],"curies":[{"name":"wp","href":"https:\/\/api.w.org\/{rel}","templated":true}]}}