{"id":5054,"date":"2022-06-23T14:26:24","date_gmt":"2022-06-23T14:26:24","guid":{"rendered":"https:\/\/theschoolofwe.com\/?page_id=5054"},"modified":"2022-07-22T17:30:48","modified_gmt":"2022-07-22T17:30:48","slug":"rede-de-amigos","status":"publish","type":"page","link":"https:\/\/theschoolofwe.com\/pt-pt\/recursos-blog\/rede-de-amigos\/","title":{"rendered":"Rede de amigos"},"content":{"rendered":"\n<blockquote class=\"blockquote blockquote--border border-top--primary-color border-bottom--primary-color padding-regular\"><p class=\"text-primary\" style=\"max-width:720px; margin: auto;\">Somos diariamente inspirados por pessoas que conhecemos e que desenvolvem um trabalho criativo, genu\u00edno, respons\u00e1vel e amoroso. Comungamos com eles do mesmo sentido de bem comum e caminhamos juntos para construir um mundo melhor. Que sirvam de inspira\u00e7\u00e3o a toda a nossa comunidade!\n<\/p><\/blockquote>\n\n\n\n<br><br>\n\n\n\n<div class=\"wp-block-columns container rede is-layout-flex wp-container-core-columns-is-layout-9d6595d7 wp-block-columns-is-layout-flex\">\n<div class=\"wp-block-column is-layout-flow wp-block-column-is-layout-flow\">\n<div class=\"wp-block-image text-center\"><figure class=\"aligncenter size-large\"><a href=\"http:\/\/www.beintuitive.org\/\" target=\"_blank\" rel=\"noreferrer noopener\"><img decoding=\"async\" width=\"254\" height=\"156\" data-src=\"https:\/\/theschoolofwe.com\/wp-content\/uploads\/2022\/06\/img1.jpg\" alt=\"Beintuitive\" class=\"wp-image-5059 lazyload\" src=\"data:image\/svg+xml;base64,PHN2ZyB3aWR0aD0iMSIgaGVpZ2h0PSIxIiB4bWxucz0iaHR0cDovL3d3dy53My5vcmcvMjAwMC9zdmciPjwvc3ZnPg==\" style=\"--smush-placeholder-width: 254px; --smush-placeholder-aspect-ratio: 254\/156;\" \/><\/a><figcaption> <a rel=\"noreferrer noopener\" href=\"http:\/\/www.beintuitive.org\/\" target=\"_blank\">BEINTUITIVE<\/a> <\/figcaption><\/figure><\/div>\n<\/div>\n\n\n\n<div class=\"wp-block-column is-layout-flow wp-block-column-is-layout-flow\">\n<div class=\"wp-block-image text-center\"><figure class=\"aligncenter size-large\"><a href=\"https:\/\/www.thesocial.mba\" target=\"_blank\" rel=\"noreferrer noopener\"><img decoding=\"async\" width=\"254\" height=\"156\" data-src=\"https:\/\/theschoolofwe.com\/wp-content\/uploads\/2022\/06\/social-MBA.gif\" alt=\"Social MBA\" class=\"wp-image-5064 lazyload\" src=\"data:image\/svg+xml;base64,PHN2ZyB3aWR0aD0iMSIgaGVpZ2h0PSIxIiB4bWxucz0iaHR0cDovL3d3dy53My5vcmcvMjAwMC9zdmciPjwvc3ZnPg==\" style=\"--smush-placeholder-width: 254px; --smush-placeholder-aspect-ratio: 254\/156;\" \/><\/a><figcaption> <a rel=\"noreferrer noopener\" href=\"https:\/\/www.thesocial.mba\" target=\"_blank\">SOCIAL.MBA<\/a> <\/figcaption><\/figure><\/div>\n<\/div>\n\n\n\n<div class=\"wp-block-column is-layout-flow wp-block-column-is-layout-flow\">\n<div class=\"wp-block-image text-center\"><figure class=\"aligncenter size-large\"><a href=\"https:\/\/www.tejeredes.net\/\" target=\"_blank\" rel=\"noreferrer noopener\"><img decoding=\"async\" width=\"254\" height=\"156\" data-src=\"https:\/\/theschoolofwe.com\/wp-content\/uploads\/2022\/06\/tejeredes.gif\" alt=\"Tejeredes\" class=\"wp-image-5069 lazyload\" src=\"data:image\/svg+xml;base64,PHN2ZyB3aWR0aD0iMSIgaGVpZ2h0PSIxIiB4bWxucz0iaHR0cDovL3d3dy53My5vcmcvMjAwMC9zdmciPjwvc3ZnPg==\" style=\"--smush-placeholder-width: 254px; --smush-placeholder-aspect-ratio: 254\/156;\" \/><\/a><figcaption><a href=\"https:\/\/www.tejeredes.net\/\" target=\"_blank\" rel=\"noreferrer noopener\" aria-label=\"TEJEREDES (opens in a new tab)\">TEJEREDES<\/a><\/figcaption><\/figure><\/div>\n<\/div>\n<\/div>\n\n\n\n<div class=\"wp-block-columns container rede is-layout-flex wp-container-core-columns-is-layout-9d6595d7 wp-block-columns-is-layout-flex\">\n<div class=\"wp-block-column is-layout-flow wp-block-column-is-layout-flow\">\n<div class=\"wp-block-image text-center\"><figure class=\"aligncenter size-large\"><a href=\"https:\/\/www.carmenenguita.com\/\" target=\"_blank\" rel=\"noreferrer noopener\"><img decoding=\"async\" width=\"254\" height=\"156\" data-src=\"https:\/\/theschoolofwe.com\/wp-content\/uploads\/2022\/06\/carmen.jpg\" alt=\"Carmen\" class=\"wp-image-5074 lazyload\" src=\"data:image\/svg+xml;base64,PHN2ZyB3aWR0aD0iMSIgaGVpZ2h0PSIxIiB4bWxucz0iaHR0cDovL3d3dy53My5vcmcvMjAwMC9zdmciPjwvc3ZnPg==\" style=\"--smush-placeholder-width: 254px; --smush-placeholder-aspect-ratio: 254\/156;\" \/><\/a><figcaption><a href=\"https:\/\/www.carmenenguita.com\/\" target=\"_blank\" rel=\"noreferrer noopener\" aria-label=\"Carmen Enguita (opens in a new tab)\">Carmen Enguita<\/a><\/figcaption><\/figure><\/div>\n<\/div>\n\n\n\n<div class=\"wp-block-column is-layout-flow wp-block-column-is-layout-flow\">\n<div class=\"wp-block-image text-center\"><figure class=\"aligncenter size-large\"><a href=\"https:\/\/claudiaganhao.pt\" target=\"_blank\" rel=\"noreferrer noopener\"><img decoding=\"async\" width=\"254\" height=\"156\" data-src=\"https:\/\/theschoolofwe.com\/wp-content\/uploads\/2022\/06\/claudia.jpg\" alt=\"Claudia\" class=\"wp-image-5077 lazyload\" src=\"data:image\/svg+xml;base64,PHN2ZyB3aWR0aD0iMSIgaGVpZ2h0PSIxIiB4bWxucz0iaHR0cDovL3d3dy53My5vcmcvMjAwMC9zdmciPjwvc3ZnPg==\" style=\"--smush-placeholder-width: 254px; --smush-placeholder-aspect-ratio: 254\/156;\" \/><\/a><figcaption><a rel=\"noreferrer noopener\" aria-label=\"Claudia Ganhao (opens in a new tab)\" href=\"https:\/\/claudiaganhao.pt\" target=\"_blank\">C<\/a><a href=\"https:\/\/claudiaganhao.pt\" target=\"_blank\" rel=\"noreferrer noopener\" aria-label=\"laudia Ganh\u00e3o (opens in a new tab)\">laudia Ganh\u00e3o<\/a><\/figcaption><\/figure><\/div>\n<\/div>\n\n\n\n<div class=\"wp-block-column is-layout-flow wp-block-column-is-layout-flow\">\n<div class=\"wp-block-image text-center\"><figure class=\"aligncenter size-large\"><a href=\"https:\/\/mikaelaoven.com\" target=\"_blank\" rel=\"noreferrer noopener\"><img decoding=\"async\" width=\"254\" height=\"156\" data-src=\"https:\/\/theschoolofwe.com\/wp-content\/uploads\/2022\/06\/mikaela.jpg\" alt=\"Mikaela\" class=\"wp-image-5080 lazyload\" src=\"data:image\/svg+xml;base64,PHN2ZyB3aWR0aD0iMSIgaGVpZ2h0PSIxIiB4bWxucz0iaHR0cDovL3d3dy53My5vcmcvMjAwMC9zdmciPjwvc3ZnPg==\" style=\"--smush-placeholder-width: 254px; --smush-placeholder-aspect-ratio: 254\/156;\" \/><\/a><figcaption><a href=\"https:\/\/www.instagram.com\/miafulness\/\" target=\"_blank\" rel=\"noreferrer noopener\" aria-label=\" (opens in a new tab)\">Mikaela \u00d6ven<\/a><\/figcaption><\/figure><\/div>\n<\/div>\n<\/div>\n\n\n\n<div class=\"wp-block-columns container rede is-layout-flex wp-container-core-columns-is-layout-9d6595d7 wp-block-columns-is-layout-flex\">\n<div class=\"wp-block-column is-layout-flow wp-block-column-is-layout-flow\">\n<div class=\"wp-block-image text-center\"><figure class=\"aligncenter size-large\"><a href=\"https:\/\/vascogaspar.com\/\" target=\"_blank\" rel=\"noreferrer noopener\"><img decoding=\"async\" width=\"254\" height=\"156\" data-src=\"https:\/\/theschoolofwe.com\/wp-content\/uploads\/2022\/07\/img-Vasco-Gaspar.jpg\" alt=\"Vasco Gaspar\" class=\"wp-image-5806 lazyload\" src=\"data:image\/svg+xml;base64,PHN2ZyB3aWR0aD0iMSIgaGVpZ2h0PSIxIiB4bWxucz0iaHR0cDovL3d3dy53My5vcmcvMjAwMC9zdmciPjwvc3ZnPg==\" style=\"--smush-placeholder-width: 254px; --smush-placeholder-aspect-ratio: 254\/156;\" \/><\/a><figcaption><a href=\"https:\/\/vascogaspar.com\/\" target=\"_blank\" rel=\"noreferrer noopener\" aria-label=\"Vasco Gaspar (opens in a new tab)\">Vasco Gaspar<\/a><\/figcaption><\/figure><\/div>\n<\/div>\n\n\n\n<div class=\"wp-block-column is-layout-flow wp-block-column-is-layout-flow\">\n<div class=\"wp-block-image text-center\"><figure class=\"aligncenter size-large\"><a href=\"https:\/\/foresttherapyhub.com\/\" target=\"_blank\" rel=\"noreferrer noopener\"><img decoding=\"async\" width=\"254\" height=\"156\" data-src=\"https:\/\/theschoolofwe.com\/wp-content\/uploads\/2022\/07\/img-forest-terapie.jpg\" alt=\"\" class=\"wp-image-5811 lazyload\" src=\"data:image\/svg+xml;base64,PHN2ZyB3aWR0aD0iMSIgaGVpZ2h0PSIxIiB4bWxucz0iaHR0cDovL3d3dy53My5vcmcvMjAwMC9zdmciPjwvc3ZnPg==\" style=\"--smush-placeholder-width: 254px; --smush-placeholder-aspect-ratio: 254\/156;\" \/><\/a><figcaption> <a href=\"https:\/\/foresttherapyhub.com\/\" target=\"_blank\" rel=\"noreferrer noopener\" aria-label=\"Forest Therapy Hub (opens in a new tab)\">Forest Therapy Hub<\/a><\/figcaption><\/figure><\/div>\n<\/div>\n\n\n\n<div class=\"wp-block-column is-layout-flow wp-block-column-is-layout-flow\">\n<div class=\"wp-block-image text-center\"><figure class=\"aligncenter size-large\"><a href=\"https:\/\/igobernanzaempresarial.com\/\" target=\"_blank\" rel=\"noreferrer noopener\"><img decoding=\"async\" width=\"254\" height=\"156\" data-src=\"https:\/\/theschoolofwe.com\/wp-content\/uploads\/2022\/07\/instituto-gobernanza-empresarial.jpg\" alt=\"gobernanza empresarial\" class=\"wp-image-5815 lazyload\" src=\"data:image\/svg+xml;base64,PHN2ZyB3aWR0aD0iMSIgaGVpZ2h0PSIxIiB4bWxucz0iaHR0cDovL3d3dy53My5vcmcvMjAwMC9zdmciPjwvc3ZnPg==\" style=\"--smush-placeholder-width: 254px; --smush-placeholder-aspect-ratio: 254\/156;\" \/><\/a><figcaption><a href=\"https:\/\/igobernanzaempresarial.com\/\" target=\"_blank\" rel=\"noreferrer noopener\" aria-label=\"Instituto Gobernanza Empresarial (opens in a new tab)\">Instituto Gobernanza Empresarial<\/a><\/figcaption><\/figure><\/div>\n<\/div>\n<\/div>\n\n\n\n<br><br>\n","protected":false},"excerpt":{"rendered":"<p>Somos diariamente inspirados por pessoas que conhecemos e que desenvolvem um trabalho criativo, genu\u00edno, respons\u00e1vel e amoroso. Comungamos com eles do mesmo sentido de bem comum e caminhamos juntos para construir um mundo melhor. Que sirvam de inspira\u00e7\u00e3o a toda a nossa comunidade! [&#8230;]<\/p>\n<p><a class=\"btn btn-secondary understrap-read-more-link\" href=\"https:\/\/theschoolofwe.com\/pt-pt\/recursos-blog\/rede-de-amigos\/\">Continuar a ler&#8230;<\/a><\/p>\n","protected":false},"author":6,"featured_media":5282,"parent":5025,"menu_order":0,"comment_status":"closed","ping_status":"closed","template":"page-templates\/defaultpage-with-container.php","meta":{"_acf_changed":false,"content-type":"","inline_featured_image":false,"footnotes":""},"class_list":["post-5054","page","type-page","status-publish","has-post-thumbnail","hentry"],"acf":[],"yoast_head":"<!-- This site is optimized with the Yoast SEO plugin v27.6 - https:\/\/yoast.com\/product\/yoast-seo-wordpress\/ -->\n<title>Rede de amigos - The School of We<\/title>\n<meta name=\"description\" content=\"Na The School of We somos inspirados por pessoas que desenvolvem um trabalho criativo, genu\u00edno, respons\u00e1vel e amoroso. Esta \u00e9 a nossa rede de Amigos.\" \/>\n<meta name=\"robots\" content=\"index, follow, max-snippet:-1, max-image-preview:large, max-video-preview:-1\" \/>\n<link rel=\"canonical\" href=\"https:\/\/theschoolofwe.com\/pt-pt\/recursos-blog\/rede-de-amigos\/\" \/>\n<meta property=\"og:locale\" content=\"pt_PT\" \/>\n<meta property=\"og:type\" content=\"article\" \/>\n<meta property=\"og:title\" content=\"Rede de amigos - The School of We\" \/>\n<meta property=\"og:description\" content=\"Na The School of We somos inspirados por pessoas que desenvolvem um trabalho criativo, genu\u00edno, respons\u00e1vel e amoroso. Esta \u00e9 a nossa rede de Amigos.\" \/>\n<meta property=\"og:url\" content=\"https:\/\/theschoolofwe.com\/pt-pt\/recursos-blog\/rede-de-amigos\/\" \/>\n<meta property=\"og:site_name\" content=\"The School of We\" \/>\n<meta property=\"article:modified_time\" content=\"2022-07-22T17:30:48+00:00\" \/>\n<meta property=\"og:image\" content=\"https:\/\/theschoolofwe.com\/wp-content\/uploads\/2022\/06\/colaboration.jpg\" \/>\n\t<meta property=\"og:image:width\" content=\"1900\" \/>\n\t<meta property=\"og:image:height\" content=\"650\" \/>\n\t<meta property=\"og:image:type\" content=\"image\/jpeg\" \/>\n<meta name=\"twitter:card\" content=\"summary_large_image\" \/>\n<script type=\"application\/ld+json\" class=\"yoast-schema-graph\">{\"@context\":\"https:\\\/\\\/schema.org\",\"@graph\":[{\"@type\":\"WebPage\",\"@id\":\"https:\\\/\\\/theschoolofwe.com\\\/pt-pt\\\/recursos-blog\\\/rede-de-amigos\\\/\",\"url\":\"https:\\\/\\\/theschoolofwe.com\\\/pt-pt\\\/recursos-blog\\\/rede-de-amigos\\\/\",\"name\":\"Rede de amigos - The School of We\",\"isPartOf\":{\"@id\":\"https:\\\/\\\/theschoolofwe.com\\\/es\\\/#website\"},\"primaryImageOfPage\":{\"@id\":\"https:\\\/\\\/theschoolofwe.com\\\/pt-pt\\\/recursos-blog\\\/rede-de-amigos\\\/#primaryimage\"},\"image\":{\"@id\":\"https:\\\/\\\/theschoolofwe.com\\\/pt-pt\\\/recursos-blog\\\/rede-de-amigos\\\/#primaryimage\"},\"thumbnailUrl\":\"https:\\\/\\\/theschoolofwe.com\\\/wp-content\\\/uploads\\\/2022\\\/06\\\/colaboration.jpg\",\"datePublished\":\"2022-06-23T14:26:24+00:00\",\"dateModified\":\"2022-07-22T17:30:48+00:00\",\"description\":\"Na The School of We somos inspirados por pessoas que desenvolvem um trabalho criativo, genu\u00edno, respons\u00e1vel e amoroso. Esta \u00e9 a nossa rede de Amigos.\",\"breadcrumb\":{\"@id\":\"https:\\\/\\\/theschoolofwe.com\\\/pt-pt\\\/recursos-blog\\\/rede-de-amigos\\\/#breadcrumb\"},\"inLanguage\":\"pt-PT\",\"potentialAction\":[{\"@type\":\"ReadAction\",\"target\":[\"https:\\\/\\\/theschoolofwe.com\\\/pt-pt\\\/recursos-blog\\\/rede-de-amigos\\\/\"]}]},{\"@type\":\"ImageObject\",\"inLanguage\":\"pt-PT\",\"@id\":\"https:\\\/\\\/theschoolofwe.com\\\/pt-pt\\\/recursos-blog\\\/rede-de-amigos\\\/#primaryimage\",\"url\":\"https:\\\/\\\/theschoolofwe.com\\\/wp-content\\\/uploads\\\/2022\\\/06\\\/colaboration.jpg\",\"contentUrl\":\"https:\\\/\\\/theschoolofwe.com\\\/wp-content\\\/uploads\\\/2022\\\/06\\\/colaboration.jpg\",\"width\":1900,\"height\":650},{\"@type\":\"BreadcrumbList\",\"@id\":\"https:\\\/\\\/theschoolofwe.com\\\/pt-pt\\\/recursos-blog\\\/rede-de-amigos\\\/#breadcrumb\",\"itemListElement\":[{\"@type\":\"ListItem\",\"position\":1,\"name\":\"Home\",\"item\":\"https:\\\/\\\/theschoolofwe.com\\\/pt-pt\\\/\"},{\"@type\":\"ListItem\",\"position\":2,\"name\":\"Recursos\",\"item\":\"https:\\\/\\\/theschoolofwe.com\\\/resources-blog\\\/\"},{\"@type\":\"ListItem\",\"position\":3,\"name\":\"Rede de amigos\"}]},{\"@type\":\"WebSite\",\"@id\":\"https:\\\/\\\/theschoolofwe.com\\\/es\\\/#website\",\"url\":\"https:\\\/\\\/theschoolofwe.com\\\/es\\\/\",\"name\":\"The School of We\",\"description\":\"Relearning love in business, society and the self\",\"potentialAction\":[{\"@type\":\"SearchAction\",\"target\":{\"@type\":\"EntryPoint\",\"urlTemplate\":\"https:\\\/\\\/theschoolofwe.com\\\/es\\\/?s={search_term_string}\"},\"query-input\":{\"@type\":\"PropertyValueSpecification\",\"valueRequired\":true,\"valueName\":\"search_term_string\"}}],\"inLanguage\":\"pt-PT\"}]}<\/script>\n<!-- \/ Yoast SEO plugin. -->","yoast_head_json":{"title":"Rede de amigos - The School of We","description":"Na The School of We somos inspirados por pessoas que desenvolvem um trabalho criativo, genu\u00edno, respons\u00e1vel e amoroso. Esta \u00e9 a nossa rede de Amigos.","robots":{"index":"index","follow":"follow","max-snippet":"max-snippet:-1","max-image-preview":"max-image-preview:large","max-video-preview":"max-video-preview:-1"},"canonical":"https:\/\/theschoolofwe.com\/pt-pt\/recursos-blog\/rede-de-amigos\/","og_locale":"pt_PT","og_type":"article","og_title":"Rede de amigos - The School of We","og_description":"Na The School of We somos inspirados por pessoas que desenvolvem um trabalho criativo, genu\u00edno, respons\u00e1vel e amoroso. Esta \u00e9 a nossa rede de Amigos.","og_url":"https:\/\/theschoolofwe.com\/pt-pt\/recursos-blog\/rede-de-amigos\/","og_site_name":"The School of We","article_modified_time":"2022-07-22T17:30:48+00:00","og_image":[{"width":1900,"height":650,"url":"https:\/\/theschoolofwe.com\/wp-content\/uploads\/2022\/06\/colaboration.jpg","type":"image\/jpeg"}],"twitter_card":"summary_large_image","schema":{"@context":"https:\/\/schema.org","@graph":[{"@type":"WebPage","@id":"https:\/\/theschoolofwe.com\/pt-pt\/recursos-blog\/rede-de-amigos\/","url":"https:\/\/theschoolofwe.com\/pt-pt\/recursos-blog\/rede-de-amigos\/","name":"Rede de amigos - The School of We","isPartOf":{"@id":"https:\/\/theschoolofwe.com\/es\/#website"},"primaryImageOfPage":{"@id":"https:\/\/theschoolofwe.com\/pt-pt\/recursos-blog\/rede-de-amigos\/#primaryimage"},"image":{"@id":"https:\/\/theschoolofwe.com\/pt-pt\/recursos-blog\/rede-de-amigos\/#primaryimage"},"thumbnailUrl":"https:\/\/theschoolofwe.com\/wp-content\/uploads\/2022\/06\/colaboration.jpg","datePublished":"2022-06-23T14:26:24+00:00","dateModified":"2022-07-22T17:30:48+00:00","description":"Na The School of We somos inspirados por pessoas que desenvolvem um trabalho criativo, genu\u00edno, respons\u00e1vel e amoroso. Esta \u00e9 a nossa rede de Amigos.","breadcrumb":{"@id":"https:\/\/theschoolofwe.com\/pt-pt\/recursos-blog\/rede-de-amigos\/#breadcrumb"},"inLanguage":"pt-PT","potentialAction":[{"@type":"ReadAction","target":["https:\/\/theschoolofwe.com\/pt-pt\/recursos-blog\/rede-de-amigos\/"]}]},{"@type":"ImageObject","inLanguage":"pt-PT","@id":"https:\/\/theschoolofwe.com\/pt-pt\/recursos-blog\/rede-de-amigos\/#primaryimage","url":"https:\/\/theschoolofwe.com\/wp-content\/uploads\/2022\/06\/colaboration.jpg","contentUrl":"https:\/\/theschoolofwe.com\/wp-content\/uploads\/2022\/06\/colaboration.jpg","width":1900,"height":650},{"@type":"BreadcrumbList","@id":"https:\/\/theschoolofwe.com\/pt-pt\/recursos-blog\/rede-de-amigos\/#breadcrumb","itemListElement":[{"@type":"ListItem","position":1,"name":"Home","item":"https:\/\/theschoolofwe.com\/pt-pt\/"},{"@type":"ListItem","position":2,"name":"Recursos","item":"https:\/\/theschoolofwe.com\/resources-blog\/"},{"@type":"ListItem","position":3,"name":"Rede de amigos"}]},{"@type":"WebSite","@id":"https:\/\/theschoolofwe.com\/es\/#website","url":"https:\/\/theschoolofwe.com\/es\/","name":"The School of We","description":"Relearning love in business, society and the self","potentialAction":[{"@type":"SearchAction","target":{"@type":"EntryPoint","urlTemplate":"https:\/\/theschoolofwe.com\/es\/?s={search_term_string}"},"query-input":{"@type":"PropertyValueSpecification","valueRequired":true,"valueName":"search_term_string"}}],"inLanguage":"pt-PT"}]}},"post_mailing_queue_ids":[],"_links":{"self":[{"href":"https:\/\/theschoolofwe.com\/pt-pt\/wp-json\/wp\/v2\/pages\/5054","targetHints":{"allow":["GET"]}}],"collection":[{"href":"https:\/\/theschoolofwe.com\/pt-pt\/wp-json\/wp\/v2\/pages"}],"about":[{"href":"https:\/\/theschoolofwe.com\/pt-pt\/wp-json\/wp\/v2\/types\/page"}],"author":[{"embeddable":true,"href":"https:\/\/theschoolofwe.com\/pt-pt\/wp-json\/wp\/v2\/users\/6"}],"replies":[{"embeddable":true,"href":"https:\/\/theschoolofwe.com\/pt-pt\/wp-json\/wp\/v2\/comments?post=5054"}],"version-history":[{"count":22,"href":"https:\/\/theschoolofwe.com\/pt-pt\/wp-json\/wp\/v2\/pages\/5054\/revisions"}],"predecessor-version":[{"id":6756,"href":"https:\/\/theschoolofwe.com\/pt-pt\/wp-json\/wp\/v2\/pages\/5054\/revisions\/6756"}],"up":[{"embeddable":true,"href":"https:\/\/theschoolofwe.com\/pt-pt\/wp-json\/wp\/v2\/pages\/5025"}],"wp:featuredmedia":[{"embeddable":true,"href":"https:\/\/theschoolofwe.com\/pt-pt\/wp-json\/wp\/v2\/media\/5282"}],"wp:attachment":[{"href":"https:\/\/theschoolofwe.com\/pt-pt\/wp-json\/wp\/v2\/media?parent=5054"}],"curies":[{"name":"wp","href":"https:\/\/api.w.org\/{rel}","templated":true}]}}