{"id":677,"date":"2020-02-03T09:15:31","date_gmt":"2020-02-03T09:15:31","guid":{"rendered":"http:\/\/developlaclave.es\/develop\/TSOW\/?page_id=677"},"modified":"2020-02-17T11:15:49","modified_gmt":"2020-02-17T11:15:49","slug":"contato-syi-mindfulness-parentalidade-consciente","status":"publish","type":"page","link":"https:\/\/theschoolofwe.com\/pt-pt\/contato-syi-mindfulness-parentalidade-consciente\/","title":{"rendered":"Contato"},"content":{"rendered":"","protected":false},"excerpt":{"rendered":"<p> [&#8230;]<\/p>\n<p><a class=\"btn btn-secondary understrap-read-more-link\" href=\"https:\/\/theschoolofwe.com\/pt-pt\/contato-syi-mindfulness-parentalidade-consciente\/\">Continuar a ler&#8230;<\/a><\/p>\n","protected":false},"author":1,"featured_media":0,"parent":0,"menu_order":0,"comment_status":"closed","ping_status":"closed","template":"page-templates\/defaultpage-with-container.php","meta":{"_acf_changed":false,"content-type":"","inline_featured_image":false,"footnotes":""},"class_list":["post-677","page","type-page","status-publish","hentry"],"acf":[],"yoast_head":"<!-- This site is optimized with the Yoast SEO plugin v27.6 - https:\/\/yoast.com\/product\/yoast-seo-wordpress\/ -->\n<title>Contato com The School of We. SIY, Mindfulness e Parentalidade Consciente<\/title>\n<meta name=\"description\" content=\"Informa\u00e7\u00f5es de contato para solicitar informa\u00e7\u00f5es dos programas The School of We, Search Inside Yourself, Mindfulness e Parentalidade Consciente.\" \/>\n<meta name=\"robots\" content=\"index, follow, max-snippet:-1, max-image-preview:large, max-video-preview:-1\" \/>\n<link rel=\"canonical\" href=\"https:\/\/theschoolofwe.com\/contact-us\/\" \/>\n<meta property=\"og:locale\" content=\"pt_PT\" \/>\n<meta property=\"og:type\" content=\"article\" \/>\n<meta property=\"og:title\" content=\"Contato com The School of We. SIY, Mindfulness e Parentalidade Consciente\" \/>\n<meta property=\"og:description\" content=\"Informa\u00e7\u00f5es de contato para solicitar informa\u00e7\u00f5es dos programas The School of We, Search Inside Yourself, Mindfulness e Parentalidade Consciente.\" \/>\n<meta property=\"og:url\" content=\"https:\/\/theschoolofwe.com\/contact-us\/\" \/>\n<meta property=\"og:site_name\" content=\"The School of We\" \/>\n<meta property=\"article:modified_time\" content=\"2020-02-17T11:15:49+00:00\" \/>\n<meta name=\"twitter:card\" content=\"summary_large_image\" \/>\n<script type=\"application\/ld+json\" class=\"yoast-schema-graph\">{\"@context\":\"https:\\\/\\\/schema.org\",\"@graph\":[{\"@type\":\"WebPage\",\"@id\":\"https:\\\/\\\/theschoolofwe.com\\\/contact-us\\\/\",\"url\":\"https:\\\/\\\/theschoolofwe.com\\\/contact-us\\\/\",\"name\":\"Contato com The School of We. SIY, Mindfulness e Parentalidade Consciente\",\"isPartOf\":{\"@id\":\"https:\\\/\\\/theschoolofwe.com\\\/es\\\/#website\"},\"datePublished\":\"2020-02-03T09:15:31+00:00\",\"dateModified\":\"2020-02-17T11:15:49+00:00\",\"description\":\"Informa\u00e7\u00f5es de contato para solicitar informa\u00e7\u00f5es dos programas The School of We, Search Inside Yourself, Mindfulness e Parentalidade Consciente.\",\"breadcrumb\":{\"@id\":\"https:\\\/\\\/theschoolofwe.com\\\/contact-us\\\/#breadcrumb\"},\"inLanguage\":\"pt-PT\",\"potentialAction\":[{\"@type\":\"ReadAction\",\"target\":[\"https:\\\/\\\/theschoolofwe.com\\\/contact-us\\\/\"]}]},{\"@type\":\"BreadcrumbList\",\"@id\":\"https:\\\/\\\/theschoolofwe.com\\\/contact-us\\\/#breadcrumb\",\"itemListElement\":[{\"@type\":\"ListItem\",\"position\":1,\"name\":\"Home\",\"item\":\"https:\\\/\\\/theschoolofwe.com\\\/pt-pt\\\/\"},{\"@type\":\"ListItem\",\"position\":2,\"name\":\"Contato\"}]},{\"@type\":\"WebSite\",\"@id\":\"https:\\\/\\\/theschoolofwe.com\\\/es\\\/#website\",\"url\":\"https:\\\/\\\/theschoolofwe.com\\\/es\\\/\",\"name\":\"The School of We\",\"description\":\"Relearning love in business, society and the self\",\"potentialAction\":[{\"@type\":\"SearchAction\",\"target\":{\"@type\":\"EntryPoint\",\"urlTemplate\":\"https:\\\/\\\/theschoolofwe.com\\\/es\\\/?s={search_term_string}\"},\"query-input\":{\"@type\":\"PropertyValueSpecification\",\"valueRequired\":true,\"valueName\":\"search_term_string\"}}],\"inLanguage\":\"pt-PT\"}]}<\/script>\n<!-- \/ Yoast SEO plugin. -->","yoast_head_json":{"title":"Contato com The School of We. SIY, Mindfulness e Parentalidade Consciente","description":"Informa\u00e7\u00f5es de contato para solicitar informa\u00e7\u00f5es dos programas The School of We, Search Inside Yourself, Mindfulness e Parentalidade Consciente.","robots":{"index":"index","follow":"follow","max-snippet":"max-snippet:-1","max-image-preview":"max-image-preview:large","max-video-preview":"max-video-preview:-1"},"canonical":"https:\/\/theschoolofwe.com\/contact-us\/","og_locale":"pt_PT","og_type":"article","og_title":"Contato com The School of We. SIY, Mindfulness e Parentalidade Consciente","og_description":"Informa\u00e7\u00f5es de contato para solicitar informa\u00e7\u00f5es dos programas The School of We, Search Inside Yourself, Mindfulness e Parentalidade Consciente.","og_url":"https:\/\/theschoolofwe.com\/contact-us\/","og_site_name":"The School of We","article_modified_time":"2020-02-17T11:15:49+00:00","twitter_card":"summary_large_image","schema":{"@context":"https:\/\/schema.org","@graph":[{"@type":"WebPage","@id":"https:\/\/theschoolofwe.com\/contact-us\/","url":"https:\/\/theschoolofwe.com\/contact-us\/","name":"Contato com The School of We. SIY, Mindfulness e Parentalidade Consciente","isPartOf":{"@id":"https:\/\/theschoolofwe.com\/es\/#website"},"datePublished":"2020-02-03T09:15:31+00:00","dateModified":"2020-02-17T11:15:49+00:00","description":"Informa\u00e7\u00f5es de contato para solicitar informa\u00e7\u00f5es dos programas The School of We, Search Inside Yourself, Mindfulness e Parentalidade Consciente.","breadcrumb":{"@id":"https:\/\/theschoolofwe.com\/contact-us\/#breadcrumb"},"inLanguage":"pt-PT","potentialAction":[{"@type":"ReadAction","target":["https:\/\/theschoolofwe.com\/contact-us\/"]}]},{"@type":"BreadcrumbList","@id":"https:\/\/theschoolofwe.com\/contact-us\/#breadcrumb","itemListElement":[{"@type":"ListItem","position":1,"name":"Home","item":"https:\/\/theschoolofwe.com\/pt-pt\/"},{"@type":"ListItem","position":2,"name":"Contato"}]},{"@type":"WebSite","@id":"https:\/\/theschoolofwe.com\/es\/#website","url":"https:\/\/theschoolofwe.com\/es\/","name":"The School of We","description":"Relearning love in business, society and the self","potentialAction":[{"@type":"SearchAction","target":{"@type":"EntryPoint","urlTemplate":"https:\/\/theschoolofwe.com\/es\/?s={search_term_string}"},"query-input":{"@type":"PropertyValueSpecification","valueRequired":true,"valueName":"search_term_string"}}],"inLanguage":"pt-PT"}]}},"post_mailing_queue_ids":[],"_links":{"self":[{"href":"https:\/\/theschoolofwe.com\/pt-pt\/wp-json\/wp\/v2\/pages\/677","targetHints":{"allow":["GET"]}}],"collection":[{"href":"https:\/\/theschoolofwe.com\/pt-pt\/wp-json\/wp\/v2\/pages"}],"about":[{"href":"https:\/\/theschoolofwe.com\/pt-pt\/wp-json\/wp\/v2\/types\/page"}],"author":[{"embeddable":true,"href":"https:\/\/theschoolofwe.com\/pt-pt\/wp-json\/wp\/v2\/users\/1"}],"replies":[{"embeddable":true,"href":"https:\/\/theschoolofwe.com\/pt-pt\/wp-json\/wp\/v2\/comments?post=677"}],"version-history":[{"count":2,"href":"https:\/\/theschoolofwe.com\/pt-pt\/wp-json\/wp\/v2\/pages\/677\/revisions"}],"predecessor-version":[{"id":1501,"href":"https:\/\/theschoolofwe.com\/pt-pt\/wp-json\/wp\/v2\/pages\/677\/revisions\/1501"}],"wp:attachment":[{"href":"https:\/\/theschoolofwe.com\/pt-pt\/wp-json\/wp\/v2\/media?parent=677"}],"curies":[{"name":"wp","href":"https:\/\/api.w.org\/{rel}","templated":true}]}}