{"id":686,"date":"2020-01-08T16:51:58","date_gmt":"2020-01-08T16:51:58","guid":{"rendered":"http:\/\/developlaclave.es\/develop\/TSOW\/the-school-of-we\/"},"modified":"2022-07-12T06:06:51","modified_gmt":"2022-07-12T06:06:51","slug":"the-school-of-we","status":"publish","type":"page","link":"https:\/\/theschoolofwe.com\/pt-pt\/","title":{"rendered":"The School of We"},"content":{"rendered":"\n<div id=\"servicesection\" class=\"padding-large--top bg-porcelain\">\n\t<div class=\"container\">\n\t\t<div class=\"row justify-content-center\">\n\t\t\t<div class=\"col-sm-10 col-md-9\">\n\t\t\t\t<h3 class=\"text-center\">Servi\u00e7os<\/h3>\n\t\t\t\t<p class=\"text-center lead\">Um espa\u00e7o e comunidade de aprendizagem para experienciar, partilhar e construir novas maneiras de nos relacionarmos, com base num entendimento e pr\u00e1tica do amor de forma inovadora e consciente.<\/p>\n\n<p class=\"text-center\"><a href=\"https:\/\/theschoolofwe.com\/pt-pt\/servicos\/\" class=\"btn btn-primary\">Ver todos os servi\u00e7os<\/a><\/p>\n\n\t\t\t<\/div>\n\t\t<\/div>\n\t<\/div>\n<\/div>\n\n\n\n<div class=\"padding-large--top bg-porcelain\">\n\t<div class=\"container\">\n\t\t<div class=\"row\">\n\t\t\t<div class=\"col-md-12\">\n\t\t\t\t<div class=\"grid-courses--home\">\n\t\t\t\t\t<div class=\"grid-courses--home__item\">\n\t\t\t\t\t\t<h4>Mindfulness<\/h4>\n\t\t\t\t\t\t<p class=\"lead\">Atrav\u00e9s da pr\u00e1tica de Mindfulness, treinamos a capacidade de direcionar a nossa aten\u00e7\u00e3o, de acalmar a mente e de entender e gerir os nossos estados internos<\/p>\n\t\t\t\t\t\t<a href=\"https:\/\/theschoolofwe.com\/pt-pt\/servicos\/programas-complementares\/sessoes-de-mindfulness\/\" class=\"btn btn-secondary hidden-mobile\">Ver Sess\u00f5es de Mindfulness<\/a>\n\t\t\t\t\t<\/div>\n\t\t\t\t\t<div class=\"grid-courses--home__item grid-courses--home__bg lazyload\" style=\"background-image:inherit\" data-bg-image=\"url(&#039;https:\/\/theschoolofwe.com\/wp-content\/uploads\/2020\/01\/vanda-sousa-theschoolofwe-home.jpg&#039;)\">&nbsp;<\/div>\n\t\t\t\t\t<div class=\"grid-courses--home__item\">\n\t<h4>Bem-estar Emocional e Mental<\/h4>\n\t<p class=\"lead\">Um programa que ajuda a aumentar o foco, a acalmar a mente, a desenvolver maior consci\u00eancia emocional e a responder ao stress de forma mais equilibrada.<\/p>\n\t\t\t\t\t\t<a href=\"https:\/\/theschoolofwe.com\/pt-pt\/servicos\/programa-bem-estar-emocional-mental\/\" class=\"btn btn-secondary hidden-mobile\">Ver programa<\/a>\n\t\t\t\t\t<\/div>\n\t\t\t\t\t<div class=\"grid-courses--home__item grid-courses--home__bg lazyload\" style=\"background-image:inherit\" data-bg-image=\"url(&#039;https:\/\/theschoolofwe.com\/wp-content\/uploads\/2020\/01\/concious-parents-theschoolofwe.jpg&#039;)\">&nbsp;<\/div>\n\t\t\t\t\t<div class=\"grid-courses--home__item\">\n\t\t\t\t\t\t<h4>Search Inside Yourself<\/h4>\n\t\t\t\t\t\t<p class=\"lead\">Com o programa SIY, promovemos um melhor reconhecimento e gest\u00e3o emocional, melhoramos a concentra\u00e7\u00e3o e ajudamos a criar um estado mental mais positivo<\/p>\n                        <div style=\"text-align:center;\">\n                           \n                            <img decoding=\"async\" style=\"--smush-placeholder-width: 420px; --smush-placeholder-aspect-ratio: 420\/127;display:block;margin:auto auto 24px auto;max-width: 180px;mix-blend-mode: multiply;\" alt=\"SIY Global\" class=\"logo-siy-global lazyload\" data-src=\"https:\/\/theschoolofwe.com\/wp-content\/uploads\/2022\/06\/siyglobal.gif\" src=\"data:image\/svg+xml;base64,PHN2ZyB3aWR0aD0iMSIgaGVpZ2h0PSIxIiB4bWxucz0iaHR0cDovL3d3dy53My5vcmcvMjAwMC9zdmciPjwvc3ZnPg==\">\n                        \n                        <\/div>\n\t\t\t\t\t\t<a href=\"https:\/\/theschoolofwe.com\/pt-pt\/servicos\/programa-search-inside-yourself\/\" class=\"btn btn-secondary\">Ver Programa<\/a>\n\t\t\t\t\t<\/div>\n\t\t\t\t\t<div class=\"grid-courses--home__item grid-courses--home__bg lazyload\" style=\"background-image:inherit\" data-bg-image=\"url(&#039;https:\/\/theschoolofwe.com\/wp-content\/uploads\/2022\/07\/home-bg-wellbeing.jpg&#039;)\">&nbsp;<\/div>\n\t\t\t\t<\/div>\n\t\t\t<\/div>\n\t\t<\/div>\n\t<\/div>\n<\/div>\n\n\n\n<p><\/p>\n\n\n\n<div class=\"padding-large\">\n\t<div class=\"container\">\n\t\t<div class=\"row justify-content-center\">\n\t\t\t<div class=\"col-sm-10 col-md-9\">\n\t\t\t\t<h4 class=\"title-overlay text-center mb-4\">CONHECE-NOS<\/h4>\n\t\t\t\t<h3 class=\"text-center mb-4\">Somos os fundadores da TSOW<\/h3>\n\t\t\t\t<p class=\"text-center lead mb-6\">Adoramos aprender e gostamos de partilhar o que aprendemos. Ensinamos para servir e ajudar os outros. Damos o nosso melhor para nos mantermos conectados com a nossa inten\u00e7\u00e3o e com os nosso valores e ensinamos com a vontade de estar ao servi\u00e7o.<\/p>\n\t\t\t<\/div>\n\t\t<\/div>\n\n\t\t<div class=\"row justify-content-between\">\n\t\t\t<div class=\"col-md-6 az-animate\" data-animation=\"fadeInLeft\" data-animation-duration=\"500ms\">\n\t\t\t\t<img decoding=\"async\" data-src=\"https:\/\/theschoolofwe.com\/wp-content\/uploads\/2020\/01\/vanda-sousa-home.jpg\" alt=\"Vanda Sousa - The School of We\" class=\"img-fluid img-center mb-6 lazyload\" src=\"data:image\/svg+xml;base64,PHN2ZyB3aWR0aD0iMSIgaGVpZ2h0PSIxIiB4bWxucz0iaHR0cDovL3d3dy53My5vcmcvMjAwMC9zdmciPjwvc3ZnPg==\" style=\"--smush-placeholder-width: 665px; --smush-placeholder-aspect-ratio: 665\/546;\">\n\t\t\t\t<h2 class=\"text-center title-alternate title-light mb-5\">Vanda<\/h2>\n\t\t\t\t<p class=\"text-center mb-5\">Encontrei uma maneira de viver a vida com mais calma, maior presen\u00e7a e profundidade. \u00c9 atrav\u00e9s da partilha do que aprendo, experimento e acredito que me (re)encontro e me deslumbro. Comigo. Com os outros. Com a vida.<\/p>\n\t\t\t\t<p class=\"text-center\"><a href=\"https:\/\/theschoolofwe.com\/pt-pt\/quem-somos\/equipa\/vanda-de-sousa-saude-bem-estar-mindfulness-parentalidade-consciente\/\" class=\"btn btn-primary\">Conhece a Vanda<\/a><\/p>\n\t\t\t<\/div>\n\t\t\t<div class=\"col-md-6 az-animate\" data-animation=\"fadeInRight\" data-animation-duration=\"500ms\">\n\t\t\t\t<img decoding=\"async\" data-src=\"https:\/\/theschoolofwe.com\/wp-content\/uploads\/2020\/01\/carlos-goga-home.jpg\" alt=\"Carlos Goga - The School of We\" class=\"img-fluid img-center mb-6 lazyload\" src=\"data:image\/svg+xml;base64,PHN2ZyB3aWR0aD0iMSIgaGVpZ2h0PSIxIiB4bWxucz0iaHR0cDovL3d3dy53My5vcmcvMjAwMC9zdmciPjwvc3ZnPg==\" style=\"--smush-placeholder-width: 665px; --smush-placeholder-aspect-ratio: 665\/546;\">\n\t\t\t\t<h2 class=\"text-center title-alternate title-light mb-5\">Carlos<\/h2>\n\t\t\t\t<p class=\"text-center mb-5\">A minha vida \u00e9 uma procura por facilidade, paz e natureza. A minha caminhada \u00e9 uma experi\u00eancia aberta para o amor em a\u00e7\u00e3o e a vida lenta. Os meus ensinamentos concentram-se no que eu mais quero aprender, equilibrando o que sei e o que n\u00e3o sei.<\/p>\n\t\t\t\t<p class=\"text-center\"><a href=\"https:\/\/theschoolofwe.com\/pt-pt\/quem-somos\/equipa\/carlos-goga-negocios-inovacao-amor-liberdade\/\" class=\"btn btn-primary\">Conhece o Carlos<\/a><\/p>\n\t\t\t<\/div>\n\t\t<\/div>\n\t<\/div>\n\n<p class=\"text-center p-3  container\"><a href=\"https:\/\/theschoolofwe.com\/pt-pt\/quem-somos\/equipa\/\" class=\"btn btn-home pl-3 pr-3 border border-primary border-1\">Conhece o equipa<\/a><\/p>\n<\/div>\n\n\n\n<div class=\"home-resources text-center bg-primary\">\n        <div class=\"banner__overlay\">\n            <div class=\"container\">\n                <h3 class=\"text-center text-white\">Recursos<\/h3>\n                <p class=\"text-center text-white\">Semanalmente, publicamos v\u00e1rios tipos de recursos para os nossos ex-alunos e para todos os que nos acompanham e apoiam.  <\/p>\n    <p class=\"text-center mt-3 mb-3\"><a href=\"https:\/\/theschoolofwe.com\/pt-pt\/recursos-blog\/\" class=\"btn  pl-3 pr-3 border border-white border-1 color-white\">Ver todos os recursos<\/a><\/p>\n            <\/div>\n        <\/div>\n     <\/div>\n","protected":false},"excerpt":{"rendered":"<p>Servi\u00e7os Um espa\u00e7o e comunidade de aprendizagem para experienciar, partilhar e construir novas maneiras de nos relacionarmos, com base num entendimento e pr\u00e1tica do amor de forma inovadora e consciente. Ver todos os servi\u00e7os Mindfulness Atrav\u00e9s da pr\u00e1tica de Mindfulness, treinamos a capacidade de direcionar a nossa aten\u00e7\u00e3o, de acalmar a mente e de entender [&#8230;]<\/p>\n<p><a class=\"btn btn-secondary understrap-read-more-link\" href=\"https:\/\/theschoolofwe.com\/pt-pt\/\">Continuar a ler&#8230;<\/a><\/p>\n","protected":false},"author":1,"featured_media":0,"parent":0,"menu_order":0,"comment_status":"closed","ping_status":"closed","template":"page-templates\/fullwidthpage.php","meta":{"_acf_changed":false,"content-type":"","inline_featured_image":false,"footnotes":""},"class_list":["post-686","page","type-page","status-publish","hentry"],"acf":[],"yoast_head":"<!-- This site is optimized with the Yoast SEO plugin v27.6 - https:\/\/yoast.com\/product\/yoast-seo-wordpress\/ -->\n<title>The School of We. Reaprender o amor nos neg\u00f3cios, na sociedade e em si mesmo<\/title>\n<meta name=\"description\" content=\"Centro Mindfulness e Search Inside Yourself. Ajudamos-te a descobrir, aprender e praticar novas formas de \u201cviver o amor\u201d em todos os aspectos da vida.\" \/>\n<meta name=\"robots\" content=\"index, follow, max-snippet:-1, max-image-preview:large, max-video-preview:-1\" \/>\n<link rel=\"canonical\" href=\"https:\/\/theschoolofwe.com\/pt-pt\/\" \/>\n<meta property=\"og:locale\" content=\"pt_PT\" \/>\n<meta property=\"og:type\" content=\"article\" \/>\n<meta property=\"og:title\" content=\"The School of We | Relearning Love in Business, Society and the Self\" \/>\n<meta property=\"og:description\" content=\"We help you to discover, learn and practice new ways of \u201cliving LOVE\u201d in all aspects os your life: at home, at work and at society.\" \/>\n<meta property=\"og:url\" content=\"https:\/\/theschoolofwe.com\/pt-pt\/\" \/>\n<meta property=\"og:site_name\" content=\"The School of We\" \/>\n<meta property=\"article:modified_time\" content=\"2022-07-12T06:06:51+00:00\" \/>\n<meta property=\"og:image\" content=\"https:\/\/theschoolofwe.com\/wp-content\/uploads\/2020\/06\/tsow-logo-principal-CMYK-300.jpeg\" \/>\n\t<meta property=\"og:image:width\" content=\"754\" \/>\n\t<meta property=\"og:image:height\" content=\"719\" \/>\n\t<meta property=\"og:image:type\" content=\"image\/jpeg\" \/>\n<meta name=\"twitter:card\" content=\"summary_large_image\" \/>\n<meta name=\"twitter:title\" content=\"The School of We | Relearning Love in Business, Society and the Self\" \/>\n<meta name=\"twitter:description\" content=\"We help you to discover, learn and practice new ways of \u201cliving LOVE\u201d in all aspects os your life: at home, at work and at society.\" \/>\n<meta name=\"twitter:image\" content=\"https:\/\/theschoolofwe.com\/wp-content\/uploads\/2020\/06\/tsow-logo-principal-CMYK-300.jpeg\" \/>\n<meta name=\"twitter:label1\" content=\"Tempo estimado de leitura\" \/>\n\t<meta name=\"twitter:data1\" content=\"2 minutos\" \/>\n<script type=\"application\/ld+json\" class=\"yoast-schema-graph\">{\"@context\":\"https:\\\/\\\/schema.org\",\"@graph\":[{\"@type\":\"WebPage\",\"@id\":\"https:\\\/\\\/theschoolofwe.com\\\/pt-pt\\\/\",\"url\":\"https:\\\/\\\/theschoolofwe.com\\\/pt-pt\\\/\",\"name\":\"The School of We. Reaprender o amor nos neg\u00f3cios, na sociedade e em si mesmo\",\"isPartOf\":{\"@id\":\"https:\\\/\\\/theschoolofwe.com\\\/es\\\/#website\"},\"primaryImageOfPage\":{\"@id\":\"https:\\\/\\\/theschoolofwe.com\\\/pt-pt\\\/#primaryimage\"},\"image\":{\"@id\":\"https:\\\/\\\/theschoolofwe.com\\\/pt-pt\\\/#primaryimage\"},\"thumbnailUrl\":\"https:\\\/\\\/theschoolofwe.com\\\/wp-content\\\/uploads\\\/2022\\\/06\\\/siyglobal.gif\",\"datePublished\":\"2020-01-08T16:51:58+00:00\",\"dateModified\":\"2022-07-12T06:06:51+00:00\",\"description\":\"Centro Mindfulness e Search Inside Yourself. Ajudamos-te a descobrir, aprender e praticar novas formas de \u201cviver o amor\u201d em todos os aspectos da vida.\",\"breadcrumb\":{\"@id\":\"https:\\\/\\\/theschoolofwe.com\\\/pt-pt\\\/#breadcrumb\"},\"inLanguage\":\"pt-PT\",\"potentialAction\":[{\"@type\":\"ReadAction\",\"target\":[\"https:\\\/\\\/theschoolofwe.com\\\/pt-pt\\\/\"]}]},{\"@type\":\"ImageObject\",\"inLanguage\":\"pt-PT\",\"@id\":\"https:\\\/\\\/theschoolofwe.com\\\/pt-pt\\\/#primaryimage\",\"url\":\"https:\\\/\\\/theschoolofwe.com\\\/wp-content\\\/uploads\\\/2022\\\/06\\\/siyglobal.gif\",\"contentUrl\":\"https:\\\/\\\/theschoolofwe.com\\\/wp-content\\\/uploads\\\/2022\\\/06\\\/siyglobal.gif\"},{\"@type\":\"BreadcrumbList\",\"@id\":\"https:\\\/\\\/theschoolofwe.com\\\/pt-pt\\\/#breadcrumb\",\"itemListElement\":[{\"@type\":\"ListItem\",\"position\":1,\"name\":\"Home\",\"item\":\"https:\\\/\\\/theschoolofwe.com\\\/pt-pt\\\/\"},{\"@type\":\"ListItem\",\"position\":2,\"name\":\"The School of We\"}]},{\"@type\":\"WebSite\",\"@id\":\"https:\\\/\\\/theschoolofwe.com\\\/es\\\/#website\",\"url\":\"https:\\\/\\\/theschoolofwe.com\\\/es\\\/\",\"name\":\"The School of We\",\"description\":\"Relearning love in business, society and the self\",\"potentialAction\":[{\"@type\":\"SearchAction\",\"target\":{\"@type\":\"EntryPoint\",\"urlTemplate\":\"https:\\\/\\\/theschoolofwe.com\\\/es\\\/?s={search_term_string}\"},\"query-input\":{\"@type\":\"PropertyValueSpecification\",\"valueRequired\":true,\"valueName\":\"search_term_string\"}}],\"inLanguage\":\"pt-PT\"}]}<\/script>\n<!-- \/ Yoast SEO plugin. -->","yoast_head_json":{"title":"The School of We. Reaprender o amor nos neg\u00f3cios, na sociedade e em si mesmo","description":"Centro Mindfulness e Search Inside Yourself. Ajudamos-te a descobrir, aprender e praticar novas formas de \u201cviver o amor\u201d em todos os aspectos da vida.","robots":{"index":"index","follow":"follow","max-snippet":"max-snippet:-1","max-image-preview":"max-image-preview:large","max-video-preview":"max-video-preview:-1"},"canonical":"https:\/\/theschoolofwe.com\/pt-pt\/","og_locale":"pt_PT","og_type":"article","og_title":"The School of We | Relearning Love in Business, Society and the Self","og_description":"We help you to discover, learn and practice new ways of \u201cliving LOVE\u201d in all aspects os your life: at home, at work and at society.","og_url":"https:\/\/theschoolofwe.com\/pt-pt\/","og_site_name":"The School of We","article_modified_time":"2022-07-12T06:06:51+00:00","og_image":[{"width":754,"height":719,"url":"https:\/\/theschoolofwe.com\/wp-content\/uploads\/2020\/06\/tsow-logo-principal-CMYK-300.jpeg","type":"image\/jpeg"}],"twitter_card":"summary_large_image","twitter_title":"The School of We | Relearning Love in Business, Society and the Self","twitter_description":"We help you to discover, learn and practice new ways of \u201cliving LOVE\u201d in all aspects os your life: at home, at work and at society.","twitter_image":"https:\/\/theschoolofwe.com\/wp-content\/uploads\/2020\/06\/tsow-logo-principal-CMYK-300.jpeg","twitter_misc":{"Tempo estimado de leitura":"2 minutos"},"schema":{"@context":"https:\/\/schema.org","@graph":[{"@type":"WebPage","@id":"https:\/\/theschoolofwe.com\/pt-pt\/","url":"https:\/\/theschoolofwe.com\/pt-pt\/","name":"The School of We. Reaprender o amor nos neg\u00f3cios, na sociedade e em si mesmo","isPartOf":{"@id":"https:\/\/theschoolofwe.com\/es\/#website"},"primaryImageOfPage":{"@id":"https:\/\/theschoolofwe.com\/pt-pt\/#primaryimage"},"image":{"@id":"https:\/\/theschoolofwe.com\/pt-pt\/#primaryimage"},"thumbnailUrl":"https:\/\/theschoolofwe.com\/wp-content\/uploads\/2022\/06\/siyglobal.gif","datePublished":"2020-01-08T16:51:58+00:00","dateModified":"2022-07-12T06:06:51+00:00","description":"Centro Mindfulness e Search Inside Yourself. Ajudamos-te a descobrir, aprender e praticar novas formas de \u201cviver o amor\u201d em todos os aspectos da vida.","breadcrumb":{"@id":"https:\/\/theschoolofwe.com\/pt-pt\/#breadcrumb"},"inLanguage":"pt-PT","potentialAction":[{"@type":"ReadAction","target":["https:\/\/theschoolofwe.com\/pt-pt\/"]}]},{"@type":"ImageObject","inLanguage":"pt-PT","@id":"https:\/\/theschoolofwe.com\/pt-pt\/#primaryimage","url":"https:\/\/theschoolofwe.com\/wp-content\/uploads\/2022\/06\/siyglobal.gif","contentUrl":"https:\/\/theschoolofwe.com\/wp-content\/uploads\/2022\/06\/siyglobal.gif"},{"@type":"BreadcrumbList","@id":"https:\/\/theschoolofwe.com\/pt-pt\/#breadcrumb","itemListElement":[{"@type":"ListItem","position":1,"name":"Home","item":"https:\/\/theschoolofwe.com\/pt-pt\/"},{"@type":"ListItem","position":2,"name":"The School of We"}]},{"@type":"WebSite","@id":"https:\/\/theschoolofwe.com\/es\/#website","url":"https:\/\/theschoolofwe.com\/es\/","name":"The School of We","description":"Relearning love in business, society and the self","potentialAction":[{"@type":"SearchAction","target":{"@type":"EntryPoint","urlTemplate":"https:\/\/theschoolofwe.com\/es\/?s={search_term_string}"},"query-input":{"@type":"PropertyValueSpecification","valueRequired":true,"valueName":"search_term_string"}}],"inLanguage":"pt-PT"}]}},"post_mailing_queue_ids":[],"_links":{"self":[{"href":"https:\/\/theschoolofwe.com\/pt-pt\/wp-json\/wp\/v2\/pages\/686","targetHints":{"allow":["GET"]}}],"collection":[{"href":"https:\/\/theschoolofwe.com\/pt-pt\/wp-json\/wp\/v2\/pages"}],"about":[{"href":"https:\/\/theschoolofwe.com\/pt-pt\/wp-json\/wp\/v2\/types\/page"}],"author":[{"embeddable":true,"href":"https:\/\/theschoolofwe.com\/pt-pt\/wp-json\/wp\/v2\/users\/1"}],"replies":[{"embeddable":true,"href":"https:\/\/theschoolofwe.com\/pt-pt\/wp-json\/wp\/v2\/comments?post=686"}],"version-history":[{"count":17,"href":"https:\/\/theschoolofwe.com\/pt-pt\/wp-json\/wp\/v2\/pages\/686\/revisions"}],"predecessor-version":[{"id":6527,"href":"https:\/\/theschoolofwe.com\/pt-pt\/wp-json\/wp\/v2\/pages\/686\/revisions\/6527"}],"wp:attachment":[{"href":"https:\/\/theschoolofwe.com\/pt-pt\/wp-json\/wp\/v2\/media?parent=686"}],"curies":[{"name":"wp","href":"https:\/\/api.w.org\/{rel}","templated":true}]}}