{"id":698,"date":"2020-01-27T08:24:37","date_gmt":"2020-01-27T08:24:37","guid":{"rendered":"http:\/\/developlaclave.es\/develop\/TSOW\/story-the-school-of-we-siy-mindfulness-conscious-parenting\/"},"modified":"2022-07-04T07:31:02","modified_gmt":"2022-07-04T07:31:02","slug":"historia-the-school-of-we-siy-mindfulness","status":"publish","type":"page","link":"https:\/\/theschoolofwe.com\/pt-pt\/quem-somos\/historia-the-school-of-we-siy-mindfulness\/","title":{"rendered":"A nossa Hist\u00f3ria"},"content":{"rendered":"\n<h2 class=\"has-text-align-center text-primary wp-block-heading\">2017&#8230;<\/h2>\n\n\n\n<blockquote class=\"blockquote blockquote--border border-top--primary-color border-bottom--primary-color padding-regular\"><p class=\"text-primary text-center\" style=\"max-width:720px; margin: auto;\">Conhecemo-nos em <strong>2017<\/strong>, na cidade de <strong>S\u00e3o Francisco (USA)<\/strong> no contexto da forma\u00e7\u00e3o para professores do programa Search Inside Yourself.<\/p><\/blockquote>\n\n\n\n<div class=\"wp-block-columns columnas is-layout-flex wp-container-core-columns-is-layout-9d6595d7 wp-block-columns-is-layout-flex\">\n<div class=\"wp-block-column is-layout-flow wp-block-column-is-layout-flow\">\n<br><br>\n\n\n\n<p class=\"justify-2\">Este programa, desenvolvido e testado na <strong>Google<\/strong>, foi criado em <strong>2007<\/strong> por uma equipa de consultores especializados em intelig\u00eancia emocional, neuroci\u00eancia e mindfulness.<\/p>\n\n\n\n<p class=\"justify-2\">Em <strong>2012<\/strong>, \u00e9 criado o Search Inside Yourself Leadership  Institute (agora tamb\u00e9m SIYGlobal) para responder \u00e0s necessidades de  forma\u00e7\u00e3o fora da Google. Somos uma comunidade de <strong>800 professores certificados<\/strong> em v\u00e1rios idiomas e mais de <strong>100.000 pessoas participaram do programa SIY <\/strong>em todo o mundo.<\/p>\n<\/div>\n\n\n\n<div class=\"wp-block-column is-layout-flow wp-block-column-is-layout-flow\">\n<figure class=\"wp-block-image size-large pt-3\"><a href=\"https:\/\/theschoolofwe.com\/wp-content\/uploads\/2022\/06\/search-inside-yourself-certified-teacher-the-school-of-we.gif\" data-rel=\"lightbox-image-0\" data-rl_title=\"\" data-rl_caption=\"\" title=\"\"><img decoding=\"async\" width=\"640\" height=\"408\" data-src=\"https:\/\/theschoolofwe.com\/wp-content\/uploads\/2022\/06\/search-inside-yourself-certified-teacher-the-school-of-we.gif\" alt=\"Search Inside Yourselft Certified teacher\" class=\"wp-image-4631 lazyload\" src=\"data:image\/svg+xml;base64,PHN2ZyB3aWR0aD0iMSIgaGVpZ2h0PSIxIiB4bWxucz0iaHR0cDovL3d3dy53My5vcmcvMjAwMC9zdmciPjwvc3ZnPg==\" style=\"--smush-placeholder-width: 640px; --smush-placeholder-aspect-ratio: 640\/408;\" \/><\/a><\/figure>\n<\/div>\n<\/div>\n\n\n\n<h2 class=\"has-text-align-center text-primary wp-block-heading\">2020&#8230;<\/h2>\n\n\n\n<hr class=\"linea-1\">\n\n\n\n<p class=\"justify-2\">Em Mar\u00e7o de <strong>2020<\/strong>, lan\u00e7\u00e1mos a <strong>The School of We<\/strong> e atrav\u00e9s da nossa experi\u00eancia pessoal e estudo cont\u00ednuo, desenvolvemos e implementamos programas em empresas com o objetivo de criar um estado emocional e mental mais positivo, ao mesmo tempo que potenciamos ambientes mais saud\u00e1veis e colaborativos.<\/p>\n\n\n\n<p class=\"justify-2\">Desde ent\u00e3o, continuamos a explorar novos caminhos e parcerias (como o <strong>IONS<\/strong> e o <strong>Forest Therapy Hub<\/strong>) e a acolher novos professores com propostas pr\u00f3prias e que partilhem da mesma vis\u00e3o.<\/p>\n\n\n\n<div class=\"wp-block-image\"><figure class=\"aligncenter size-full\"><img decoding=\"async\" width=\"266\" height=\"266\" data-src=\"https:\/\/theschoolofwe.com\/wp-content\/uploads\/2022\/06\/logo-base.gif\" alt=\"The School of We\" class=\"wp-image-4385 lazyload\" src=\"data:image\/svg+xml;base64,PHN2ZyB3aWR0aD0iMSIgaGVpZ2h0PSIxIiB4bWxucz0iaHR0cDovL3d3dy53My5vcmcvMjAwMC9zdmciPjwvc3ZnPg==\" style=\"--smush-placeholder-width: 266px; --smush-placeholder-aspect-ratio: 266\/266;\" \/><\/figure><\/div>\n","protected":false},"excerpt":{"rendered":"<p>2017&#8230; Conhecemo-nos em 2017, na cidade de S\u00e3o Francisco (USA) no contexto da forma\u00e7\u00e3o para professores do programa Search Inside Yourself. Este programa, desenvolvido e testado na Google, foi criado em 2007 por uma equipa de consultores especializados em intelig\u00eancia emocional, neuroci\u00eancia e mindfulness. Em 2012, \u00e9 criado o Search Inside Yourself Leadership Institute (agora [&#8230;]<\/p>\n<p><a class=\"btn btn-secondary understrap-read-more-link\" href=\"https:\/\/theschoolofwe.com\/pt-pt\/quem-somos\/historia-the-school-of-we-siy-mindfulness\/\">Continuar a ler&#8230;<\/a><\/p>\n","protected":false},"author":1,"featured_media":839,"parent":1447,"menu_order":0,"comment_status":"closed","ping_status":"closed","template":"page-templates\/defaultpage-with-container.php","meta":{"_acf_changed":false,"content-type":"","inline_featured_image":false,"footnotes":""},"class_list":["post-698","page","type-page","status-publish","has-post-thumbnail","hentry"],"acf":[],"yoast_head":"<!-- This site is optimized with the Yoast SEO plugin v27.6 - https:\/\/yoast.com\/product\/yoast-seo-wordpress\/ -->\n<title>Hist\u00f3ria da The School of We. SIY, Mindfulness e Parentalidade Consciente<\/title>\n<meta name=\"description\" content=\"Aprenda a hist\u00f3ria da The School of We. Ajudar pessoas e empresas a treinar em intelig\u00eancia emocional e Mindfulness.\" \/>\n<meta name=\"robots\" content=\"index, follow, max-snippet:-1, max-image-preview:large, max-video-preview:-1\" \/>\n<link rel=\"canonical\" href=\"https:\/\/theschoolofwe.com\/about-us\/story-the-school-of-we-siy-mindfulness\/\" \/>\n<meta property=\"og:locale\" content=\"pt_PT\" \/>\n<meta property=\"og:type\" content=\"article\" \/>\n<meta property=\"og:title\" content=\"Hist\u00f3ria da The School of We. SIY, Mindfulness e Parentalidade Consciente\" \/>\n<meta property=\"og:description\" content=\"Aprenda a hist\u00f3ria da The School of We. Ajudar pessoas e empresas a treinar em intelig\u00eancia emocional e Mindfulness.\" \/>\n<meta property=\"og:url\" content=\"https:\/\/theschoolofwe.com\/about-us\/story-the-school-of-we-siy-mindfulness\/\" \/>\n<meta property=\"og:site_name\" content=\"The School of We\" \/>\n<meta property=\"article:modified_time\" content=\"2022-07-04T07:31:02+00:00\" \/>\n<meta property=\"og:image\" content=\"https:\/\/theschoolofwe.com\/wp-content\/uploads\/2020\/02\/AboutUS_OurStory.jpg\" \/>\n\t<meta property=\"og:image:width\" content=\"1640\" \/>\n\t<meta property=\"og:image:height\" content=\"1093\" \/>\n\t<meta property=\"og:image:type\" content=\"image\/jpeg\" \/>\n<meta name=\"twitter:card\" content=\"summary_large_image\" \/>\n<meta name=\"twitter:label1\" content=\"Tempo estimado de leitura\" \/>\n\t<meta name=\"twitter:data1\" content=\"1 minuto\" \/>\n<script type=\"application\/ld+json\" class=\"yoast-schema-graph\">{\"@context\":\"https:\\\/\\\/schema.org\",\"@graph\":[{\"@type\":\"WebPage\",\"@id\":\"https:\\\/\\\/theschoolofwe.com\\\/about-us\\\/story-the-school-of-we-siy-mindfulness\\\/\",\"url\":\"https:\\\/\\\/theschoolofwe.com\\\/about-us\\\/story-the-school-of-we-siy-mindfulness\\\/\",\"name\":\"Hist\u00f3ria da The School of We. SIY, Mindfulness e Parentalidade Consciente\",\"isPartOf\":{\"@id\":\"https:\\\/\\\/theschoolofwe.com\\\/es\\\/#website\"},\"primaryImageOfPage\":{\"@id\":\"https:\\\/\\\/theschoolofwe.com\\\/about-us\\\/story-the-school-of-we-siy-mindfulness\\\/#primaryimage\"},\"image\":{\"@id\":\"https:\\\/\\\/theschoolofwe.com\\\/about-us\\\/story-the-school-of-we-siy-mindfulness\\\/#primaryimage\"},\"thumbnailUrl\":\"https:\\\/\\\/theschoolofwe.com\\\/wp-content\\\/uploads\\\/2020\\\/02\\\/AboutUS_OurStory.jpg\",\"datePublished\":\"2020-01-27T08:24:37+00:00\",\"dateModified\":\"2022-07-04T07:31:02+00:00\",\"description\":\"Aprenda a hist\u00f3ria da The School of We. Ajudar pessoas e empresas a treinar em intelig\u00eancia emocional e Mindfulness.\",\"breadcrumb\":{\"@id\":\"https:\\\/\\\/theschoolofwe.com\\\/about-us\\\/story-the-school-of-we-siy-mindfulness\\\/#breadcrumb\"},\"inLanguage\":\"pt-PT\",\"potentialAction\":[{\"@type\":\"ReadAction\",\"target\":[\"https:\\\/\\\/theschoolofwe.com\\\/about-us\\\/story-the-school-of-we-siy-mindfulness\\\/\"]}]},{\"@type\":\"ImageObject\",\"inLanguage\":\"pt-PT\",\"@id\":\"https:\\\/\\\/theschoolofwe.com\\\/about-us\\\/story-the-school-of-we-siy-mindfulness\\\/#primaryimage\",\"url\":\"https:\\\/\\\/theschoolofwe.com\\\/wp-content\\\/uploads\\\/2020\\\/02\\\/AboutUS_OurStory.jpg\",\"contentUrl\":\"https:\\\/\\\/theschoolofwe.com\\\/wp-content\\\/uploads\\\/2020\\\/02\\\/AboutUS_OurStory.jpg\",\"width\":1640,\"height\":1093},{\"@type\":\"BreadcrumbList\",\"@id\":\"https:\\\/\\\/theschoolofwe.com\\\/about-us\\\/story-the-school-of-we-siy-mindfulness\\\/#breadcrumb\",\"itemListElement\":[{\"@type\":\"ListItem\",\"position\":1,\"name\":\"Home\",\"item\":\"https:\\\/\\\/theschoolofwe.com\\\/pt-pt\\\/\"},{\"@type\":\"ListItem\",\"position\":2,\"name\":\"Quem Somos\",\"item\":\"https:\\\/\\\/theschoolofwe.com\\\/pt-pt\\\/quem-somos\\\/\"},{\"@type\":\"ListItem\",\"position\":3,\"name\":\"A nossa Hist\u00f3ria\"}]},{\"@type\":\"WebSite\",\"@id\":\"https:\\\/\\\/theschoolofwe.com\\\/es\\\/#website\",\"url\":\"https:\\\/\\\/theschoolofwe.com\\\/es\\\/\",\"name\":\"The School of We\",\"description\":\"Relearning love in business, society and the self\",\"potentialAction\":[{\"@type\":\"SearchAction\",\"target\":{\"@type\":\"EntryPoint\",\"urlTemplate\":\"https:\\\/\\\/theschoolofwe.com\\\/es\\\/?s={search_term_string}\"},\"query-input\":{\"@type\":\"PropertyValueSpecification\",\"valueRequired\":true,\"valueName\":\"search_term_string\"}}],\"inLanguage\":\"pt-PT\"}]}<\/script>\n<!-- \/ Yoast SEO plugin. -->","yoast_head_json":{"title":"Hist\u00f3ria da The School of We. SIY, Mindfulness e Parentalidade Consciente","description":"Aprenda a hist\u00f3ria da The School of We. Ajudar pessoas e empresas a treinar em intelig\u00eancia emocional e Mindfulness.","robots":{"index":"index","follow":"follow","max-snippet":"max-snippet:-1","max-image-preview":"max-image-preview:large","max-video-preview":"max-video-preview:-1"},"canonical":"https:\/\/theschoolofwe.com\/about-us\/story-the-school-of-we-siy-mindfulness\/","og_locale":"pt_PT","og_type":"article","og_title":"Hist\u00f3ria da The School of We. SIY, Mindfulness e Parentalidade Consciente","og_description":"Aprenda a hist\u00f3ria da The School of We. Ajudar pessoas e empresas a treinar em intelig\u00eancia emocional e Mindfulness.","og_url":"https:\/\/theschoolofwe.com\/about-us\/story-the-school-of-we-siy-mindfulness\/","og_site_name":"The School of We","article_modified_time":"2022-07-04T07:31:02+00:00","og_image":[{"width":1640,"height":1093,"url":"https:\/\/theschoolofwe.com\/wp-content\/uploads\/2020\/02\/AboutUS_OurStory.jpg","type":"image\/jpeg"}],"twitter_card":"summary_large_image","twitter_misc":{"Tempo estimado de leitura":"1 minuto"},"schema":{"@context":"https:\/\/schema.org","@graph":[{"@type":"WebPage","@id":"https:\/\/theschoolofwe.com\/about-us\/story-the-school-of-we-siy-mindfulness\/","url":"https:\/\/theschoolofwe.com\/about-us\/story-the-school-of-we-siy-mindfulness\/","name":"Hist\u00f3ria da The School of We. SIY, Mindfulness e Parentalidade Consciente","isPartOf":{"@id":"https:\/\/theschoolofwe.com\/es\/#website"},"primaryImageOfPage":{"@id":"https:\/\/theschoolofwe.com\/about-us\/story-the-school-of-we-siy-mindfulness\/#primaryimage"},"image":{"@id":"https:\/\/theschoolofwe.com\/about-us\/story-the-school-of-we-siy-mindfulness\/#primaryimage"},"thumbnailUrl":"https:\/\/theschoolofwe.com\/wp-content\/uploads\/2020\/02\/AboutUS_OurStory.jpg","datePublished":"2020-01-27T08:24:37+00:00","dateModified":"2022-07-04T07:31:02+00:00","description":"Aprenda a hist\u00f3ria da The School of We. Ajudar pessoas e empresas a treinar em intelig\u00eancia emocional e Mindfulness.","breadcrumb":{"@id":"https:\/\/theschoolofwe.com\/about-us\/story-the-school-of-we-siy-mindfulness\/#breadcrumb"},"inLanguage":"pt-PT","potentialAction":[{"@type":"ReadAction","target":["https:\/\/theschoolofwe.com\/about-us\/story-the-school-of-we-siy-mindfulness\/"]}]},{"@type":"ImageObject","inLanguage":"pt-PT","@id":"https:\/\/theschoolofwe.com\/about-us\/story-the-school-of-we-siy-mindfulness\/#primaryimage","url":"https:\/\/theschoolofwe.com\/wp-content\/uploads\/2020\/02\/AboutUS_OurStory.jpg","contentUrl":"https:\/\/theschoolofwe.com\/wp-content\/uploads\/2020\/02\/AboutUS_OurStory.jpg","width":1640,"height":1093},{"@type":"BreadcrumbList","@id":"https:\/\/theschoolofwe.com\/about-us\/story-the-school-of-we-siy-mindfulness\/#breadcrumb","itemListElement":[{"@type":"ListItem","position":1,"name":"Home","item":"https:\/\/theschoolofwe.com\/pt-pt\/"},{"@type":"ListItem","position":2,"name":"Quem Somos","item":"https:\/\/theschoolofwe.com\/pt-pt\/quem-somos\/"},{"@type":"ListItem","position":3,"name":"A nossa Hist\u00f3ria"}]},{"@type":"WebSite","@id":"https:\/\/theschoolofwe.com\/es\/#website","url":"https:\/\/theschoolofwe.com\/es\/","name":"The School of We","description":"Relearning love in business, society and the self","potentialAction":[{"@type":"SearchAction","target":{"@type":"EntryPoint","urlTemplate":"https:\/\/theschoolofwe.com\/es\/?s={search_term_string}"},"query-input":{"@type":"PropertyValueSpecification","valueRequired":true,"valueName":"search_term_string"}}],"inLanguage":"pt-PT"}]}},"post_mailing_queue_ids":[],"_links":{"self":[{"href":"https:\/\/theschoolofwe.com\/pt-pt\/wp-json\/wp\/v2\/pages\/698","targetHints":{"allow":["GET"]}}],"collection":[{"href":"https:\/\/theschoolofwe.com\/pt-pt\/wp-json\/wp\/v2\/pages"}],"about":[{"href":"https:\/\/theschoolofwe.com\/pt-pt\/wp-json\/wp\/v2\/types\/page"}],"author":[{"embeddable":true,"href":"https:\/\/theschoolofwe.com\/pt-pt\/wp-json\/wp\/v2\/users\/1"}],"replies":[{"embeddable":true,"href":"https:\/\/theschoolofwe.com\/pt-pt\/wp-json\/wp\/v2\/comments?post=698"}],"version-history":[{"count":34,"href":"https:\/\/theschoolofwe.com\/pt-pt\/wp-json\/wp\/v2\/pages\/698\/revisions"}],"predecessor-version":[{"id":5352,"href":"https:\/\/theschoolofwe.com\/pt-pt\/wp-json\/wp\/v2\/pages\/698\/revisions\/5352"}],"up":[{"embeddable":true,"href":"https:\/\/theschoolofwe.com\/pt-pt\/wp-json\/wp\/v2\/pages\/1447"}],"wp:featuredmedia":[{"embeddable":true,"href":"https:\/\/theschoolofwe.com\/pt-pt\/wp-json\/wp\/v2\/media\/839"}],"wp:attachment":[{"href":"https:\/\/theschoolofwe.com\/pt-pt\/wp-json\/wp\/v2\/media?parent=698"}],"curies":[{"name":"wp","href":"https:\/\/api.w.org\/{rel}","templated":true}]}}